{"id":2114,"date":"2022-12-30T10:17:27","date_gmt":"2022-12-30T09:17:27","guid":{"rendered":"https:\/\/www.integrator.si\/ueber-uns\/"},"modified":"2023-01-17T16:53:12","modified_gmt":"2023-01-17T15:53:12","slug":"ueber-uns","status":"publish","type":"page","link":"https:\/\/www.integrator.si\/de\/ueber-uns\/","title":{"rendered":"\u00dcber uns"},"content":{"rendered":"\t\t<div data-elementor-type=\"wp-page\" data-elementor-id=\"2114\" class=\"elementor elementor-2114 elementor-889\" data-elementor-post-type=\"page\">\n\t\t\t\t\t\t<section class=\"elementor-section elementor-top-section elementor-element elementor-element-ee5def5 ct-section-stretched elementor-section-full_width elementor-section-height-min-height elementor-section-height-default elementor-section-items-middle\" data-id=\"ee5def5\" data-element_type=\"section\" data-e-type=\"section\" data-settings=\"{&quot;jet_parallax_layout_list&quot;:[],&quot;background_background&quot;:&quot;classic&quot;}\">\n\t\t\t\t\t\t\t<div class=\"elementor-background-overlay\"><\/div>\n\t\t\t\t\t\t\t<div class=\"elementor-container elementor-column-gap-no\">\n\t\t\t\t\t<div class=\"elementor-column elementor-col-100 elementor-top-column elementor-element elementor-element-c5cb637\" data-id=\"c5cb637\" data-element_type=\"column\" data-e-type=\"column\">\n\t\t\t<div class=\"elementor-widget-wrap elementor-element-populated\">\n\t\t\t\t\t\t<div class=\"elementor-element elementor-element-4843a4c elementor-widget elementor-widget-heading\" data-id=\"4843a4c\" data-element_type=\"widget\" data-e-type=\"widget\" data-widget_type=\"heading.default\">\n\t\t\t\t<div class=\"elementor-widget-container\">\n\t\t\t\t\t<h2 class=\"elementor-heading-title elementor-size-default\">\u00dcber uns<\/h2>\t\t\t\t<\/div>\n\t\t\t\t<\/div>\n\t\t\t\t\t<\/div>\n\t\t<\/div>\n\t\t\t\t\t<\/div>\n\t\t<\/section>\n\t\t\t\t<section class=\"elementor-section elementor-top-section elementor-element elementor-element-7473797 elementor-section-boxed elementor-section-height-default elementor-section-height-default\" data-id=\"7473797\" data-element_type=\"section\" data-e-type=\"section\" data-settings=\"{&quot;jet_parallax_layout_list&quot;:[]}\">\n\t\t\t\t\t\t<div class=\"elementor-container elementor-column-gap-default\">\n\t\t\t\t\t<div class=\"elementor-column elementor-col-100 elementor-top-column elementor-element elementor-element-659051c\" data-id=\"659051c\" data-element_type=\"column\" data-e-type=\"column\">\n\t\t\t<div class=\"elementor-widget-wrap elementor-element-populated\">\n\t\t\t\t\t\t<div class=\"elementor-element elementor-element-8c6c98f elementor-widget elementor-widget-heading\" data-id=\"8c6c98f\" data-element_type=\"widget\" data-e-type=\"widget\" data-widget_type=\"heading.default\">\n\t\t\t\t<div class=\"elementor-widget-container\">\n\t\t\t\t\t<h4 class=\"elementor-heading-title elementor-size-default\">Vision des Unternehmens<\/h4>\t\t\t\t<\/div>\n\t\t\t\t<\/div>\n\t\t\t\t<div class=\"elementor-element elementor-element-f3e46b3 elementor-widget elementor-widget-text-editor\" data-id=\"f3e46b3\" data-element_type=\"widget\" data-e-type=\"widget\" data-widget_type=\"text-editor.default\">\n\t\t\t\t<div class=\"elementor-widget-container\">\n\t\t\t\t\t\t\t\t\t<p>Das Unternehmen ist als Distributor und Berater f\u00fcr die komplette Integration und Installation von fortschrittlichen elektrischen Systemen positioniert. Unser Hauptziel ist es, unseren Kunden hochwertige Materialien und fortschrittliche L\u00f6sungen f\u00fcr alle Arten von Elektroinstallationen zu bieten. In letzter Zeit haben wir mehr Gewicht auf folgende Punkte gelegt <strong><br \/>\n  <a href=\"https:\/\/www.integrator.si\/pametne-instalacije\/\">intelligente Systeme<\/a><br \/>\n<\/strong>, <strong><br \/>\n  <a href=\"https:\/\/www.integrator.si\/video-nadzor\/\">Video\u00fcberwachungssysteme<\/a><br \/>\n<\/strong>, <a href=\"https:\/\/www.integrator.si\/de\/tuersprechanlagen\/\">Gegensprechanlagen<\/a>, <a href=\"https:\/\/www.integrator.si\/de\/alarmanlagen\/\"><br \/>\n  <strong>Alarmsysteme<\/strong><br \/>\n<\/a> und die gesamte <a href=\"https:\/\/www.integrator.si\/de\/ip-sensoren\/\"><br \/>\n  <strong>IP-Sensoren<\/strong><br \/>\n<\/a>.<\/p>\n<p>Wir wollen die hochwertigsten integrierten L\u00f6sungen f\u00fcr die anspruchsvollsten Kunden auf dem Markt anbieten. Das Ziel des Unternehmens ist es, qualitativ hochwertige und langfristige L\u00f6sungen anzubieten, die Komfort, Sicherheit, Wirtschaftlichkeit und Zuverl\u00e4ssigkeit beinhalten.<\/p>\n\t\t\t\t\t\t\t\t<\/div>\n\t\t\t\t<\/div>\n\t\t\t\t<div class=\"elementor-element elementor-element-6ded2db elementor-widget elementor-widget-text-editor\" data-id=\"6ded2db\" data-element_type=\"widget\" data-e-type=\"widget\" data-widget_type=\"text-editor.default\">\n\t\t\t\t<div class=\"elementor-widget-container\">\n\t\t\t\t\t\t\t\t\t<p>Wir bieten Komplettl\u00f6sungen aus Vertrieb, Beratung, Design und Implementierung.<\/p>\n\t\t\t\t\t\t\t\t<\/div>\n\t\t\t\t<\/div>\n\t\t\t\t\t<\/div>\n\t\t<\/div>\n\t\t\t\t\t<\/div>\n\t\t<\/section>\n\t\t\t\t<section class=\"elementor-section elementor-top-section elementor-element elementor-element-832ecbf elementor-section-boxed elementor-section-height-default elementor-section-height-default\" data-id=\"832ecbf\" data-element_type=\"section\" data-e-type=\"section\" data-settings=\"{&quot;jet_parallax_layout_list&quot;:[]}\">\n\t\t\t\t\t\t<div class=\"elementor-container elementor-column-gap-default\">\n\t\t\t\t\t<div class=\"elementor-column elementor-col-100 elementor-top-column elementor-element elementor-element-ee9c41c\" data-id=\"ee9c41c\" data-element_type=\"column\" data-e-type=\"column\">\n\t\t\t<div class=\"elementor-widget-wrap elementor-element-populated\">\n\t\t\t\t\t\t<div class=\"elementor-element elementor-element-89a3941 elementor-widget elementor-widget-text-editor\" data-id=\"89a3941\" data-element_type=\"widget\" data-e-type=\"widget\" data-widget_type=\"text-editor.default\">\n\t\t\t\t<div class=\"elementor-widget-container\">\n\t\t\t\t\t\t\t\t\t<p>Vorbei sind die Zeiten, in denen die <strong>Elektroinstallation<\/strong> nur aus einem Raum mit einem einzigen Schalter, einer Steckdose und einer Lampe mit Gl\u00fchbirne bestand. Deshalb bieten wir umfassende L\u00f6sungen in den folgenden Bereichen:<\/p>\n\t\t\t\t\t\t\t\t<\/div>\n\t\t\t\t<\/div>\n\t\t\t\t\t<\/div>\n\t\t<\/div>\n\t\t\t\t\t<\/div>\n\t\t<\/section>\n\t\t\t\t<section class=\"elementor-section elementor-top-section elementor-element elementor-element-8c65313 elementor-section-boxed elementor-section-height-default elementor-section-height-default\" data-id=\"8c65313\" data-element_type=\"section\" data-e-type=\"section\" data-settings=\"{&quot;jet_parallax_layout_list&quot;:[]}\">\n\t\t\t\t\t\t<div class=\"elementor-container elementor-column-gap-default\">\n\t\t\t\t\t<div class=\"elementor-column elementor-col-50 elementor-top-column elementor-element elementor-element-f9110e6\" data-id=\"f9110e6\" data-element_type=\"column\" data-e-type=\"column\">\n\t\t\t<div class=\"elementor-widget-wrap elementor-element-populated\">\n\t\t\t\t\t\t<div class=\"elementor-element elementor-element-5814ed8 elementor-widget elementor-widget-text-editor\" data-id=\"5814ed8\" data-element_type=\"widget\" data-e-type=\"widget\" data-widget_type=\"text-editor.default\">\n\t\t\t\t<div class=\"elementor-widget-container\">\n\t\t\t\t\t\t\t\t\t\n \t<li><strong><a href=\"https:\/\/www.integrator.si\/elektroinstalacije\/\">Elektrische Anlagen  <\/a><\/strong><\/li>\n \t<li><strong><a href=\"https:\/\/www.integrator.si\/pametne-instalacije\/\">Smart oder intelligente Anlagen  <\/a><\/strong><\/li>\n \t<li><strong><a href=\"https:\/\/www.integrator.si\/video-nadzor\/\">Video\u00fcberwachungssysteme  <\/a><\/strong><\/li>\n \t<li><strong><a href=\"https:\/\/www.integrator.si\/de\/alarmanlagen\/\"> Alarmanlagen <\/a><\/strong><\/li>\n \t<li><strong><a href=\"https:\/\/www.integrator.si\/de\/tuersprechanlagen\/\"> T\u00fcrsprechanlagen <\/a><\/strong><\/li>\n \t<li><strong><a href=\"https:\/\/www.integrator.si\/de\/ip-sensoren\/\"> IP-Sensoren <\/a><\/strong><\/li>\n \t<li><strong><a href=\"https:\/\/www.integrator.si\/kategorija\/elektroinstalacije\/e-polnilnice\/\">eFills<\/a><\/strong><\/li>\n<\/ul>\t\t\t\t\t\t\t\t<\/div>\n\t\t\t\t<\/div>\n\t\t\t\t\t<\/div>\n\t\t<\/div>\n\t\t\t\t<div class=\"elementor-column elementor-col-50 elementor-top-column elementor-element elementor-element-6e0c06e\" data-id=\"6e0c06e\" data-element_type=\"column\" data-e-type=\"column\">\n\t\t\t<div class=\"elementor-widget-wrap elementor-element-populated\">\n\t\t\t\t\t\t<div class=\"elementor-element elementor-element-00cee91 elementor-widget elementor-widget-image\" data-id=\"00cee91\" data-element_type=\"widget\" data-e-type=\"widget\" data-widget_type=\"image.default\">\n\t\t\t\t<div class=\"elementor-widget-container\">\n\t\t\t\t\t\t\t\t\t\t\t\t\t\t\t<img fetchpriority=\"high\" decoding=\"async\" width=\"768\" height=\"511\" src=\"https:\/\/www.integrator.si\/wp-content\/uploads\/2022\/12\/Paradox-Inside-Gold3-768x511-1.gif\" class=\"attachment-large size-large wp-image-1754\" alt=\"alarmni sistemi\" \/>\t\t\t\t\t\t\t\t\t\t\t\t\t\t\t<\/div>\n\t\t\t\t<\/div>\n\t\t\t\t\t<\/div>\n\t\t<\/div>\n\t\t\t\t\t<\/div>\n\t\t<\/section>\n\t\t\t\t<section class=\"elementor-section elementor-top-section elementor-element elementor-element-d957edc elementor-section-boxed elementor-section-height-default elementor-section-height-default\" data-id=\"d957edc\" data-element_type=\"section\" data-e-type=\"section\" data-settings=\"{&quot;jet_parallax_layout_list&quot;:[]}\">\n\t\t\t\t\t\t<div class=\"elementor-container elementor-column-gap-default\">\n\t\t\t\t\t<div class=\"elementor-column elementor-col-100 elementor-top-column elementor-element elementor-element-28d61db\" data-id=\"28d61db\" data-element_type=\"column\" data-e-type=\"column\">\n\t\t\t<div class=\"elementor-widget-wrap elementor-element-populated\">\n\t\t\t\t\t\t<div class=\"elementor-element elementor-element-875db61 elementor-widget elementor-widget-text-editor\" data-id=\"875db61\" data-element_type=\"widget\" data-e-type=\"widget\" data-widget_type=\"text-editor.default\">\n\t\t\t\t<div class=\"elementor-widget-container\">\n\t\t\t\t\t\t\t\t\t<p>In allen oben genannten Bereichen <strong>bieten wir<\/strong> neben dem <strong>Vertrieb<\/strong> <strong>auch Beratung<\/strong> und spezifische <strong>Schulungen <\/strong>f\u00fcr Unternehmen und Einzelpersonen an. Das Material ist immer von h\u00f6chster Qualit\u00e4t, denn wir verlangen nur das Beste f\u00fcr unsere Kunden.<\/p>\n<p>Wir bieten auch Beratung und Verkauf von <strong>IP-Sensoren<\/strong> f\u00fcr <strong>Temperatur, Feuchtigkeit,<\/strong>&#8230; Eine komplette L\u00f6sung kann f\u00fcr Rechenzentren, Pharmazeutika, Lebensmittelindustrie,&#8230; verwendet werden.  <\/p>\n<p>Sie ben\u00f6tigen Sensoren f\u00fcr <strong>Temperatur, Luftfeuchtigkeit, Wasserleckagen, Durchflussmessung<\/strong>,&#8230; Rufen Sie uns an und wir werden Ihnen die beste L\u00f6sung anbieten.<\/p>\n<p>  Weitere Informationen erhalten Sie telefonisch unter <strong>041 800 205<\/strong> oder schriftlich unter <a href=\"mailto:info@integrator.si\"><br \/>\n  <strong>info@integrator.si<\/strong><br \/>\n<\/a><\/p>\n\t\t\t\t\t\t\t\t<\/div>\n\t\t\t\t<\/div>\n\t\t\t\t\t<\/div>\n\t\t<\/div>\n\t\t\t\t\t<\/div>\n\t\t<\/section>\n\t\t\t\t<section class=\"elementor-section elementor-top-section elementor-element elementor-element-51d51fb elementor-section-boxed elementor-section-height-default elementor-section-height-default\" data-id=\"51d51fb\" data-element_type=\"section\" data-e-type=\"section\" data-settings=\"{&quot;jet_parallax_layout_list&quot;:[]}\">\n\t\t\t\t\t\t<div class=\"elementor-container elementor-column-gap-default\">\n\t\t\t\t\t<div class=\"elementor-column elementor-col-100 elementor-top-column elementor-element elementor-element-fcbe967\" data-id=\"fcbe967\" data-element_type=\"column\" data-e-type=\"column\">\n\t\t\t<div class=\"elementor-widget-wrap elementor-element-populated\">\n\t\t\t\t\t\t<div class=\"elementor-element elementor-element-cdf6f33 elementor-widget elementor-widget-heading\" data-id=\"cdf6f33\" data-element_type=\"widget\" data-e-type=\"widget\" data-widget_type=\"heading.default\">\n\t\t\t\t<div class=\"elementor-widget-container\">\n\t\t\t\t\t<h4 class=\"elementor-heading-title elementor-size-default\">Warum sollten Sie uns w\u00e4hlen?<\/h4>\t\t\t\t<\/div>\n\t\t\t\t<\/div>\n\t\t\t\t<div class=\"elementor-element elementor-element-80bee5a elementor-widget elementor-widget-text-editor\" data-id=\"80bee5a\" data-element_type=\"widget\" data-e-type=\"widget\" data-widget_type=\"text-editor.default\">\n\t\t\t\t<div class=\"elementor-widget-container\">\n\t\t\t\t\t\t\t\t\t<p>Vorbei sind die Zeiten, in denen die <strong>Elektroinstallation<\/strong> nur aus einem Raum mit einem Schalter, einer Steckdose und einer Lampe mit Gl\u00fchbirne bestand. <strong>Mit unserer 18-j\u00e4hrigen Erfahrung k\u00f6nnen wir Sie bei kompletten Elektroinstallationsl\u00f6sungen beraten.<\/strong><\/p>\n\t\t\t\t\t\t\t\t<\/div>\n\t\t\t\t<\/div>\n\t\t\t\t\t<\/div>\n\t\t<\/div>\n\t\t\t\t\t<\/div>\n\t\t<\/section>\n\t\t\t\t<section class=\"elementor-section elementor-top-section elementor-element elementor-element-3ae6681 elementor-section-boxed elementor-section-height-default elementor-section-height-default\" data-id=\"3ae6681\" data-element_type=\"section\" data-e-type=\"section\" data-settings=\"{&quot;jet_parallax_layout_list&quot;:[]}\">\n\t\t\t\t\t\t<div class=\"elementor-container elementor-column-gap-default\">\n\t\t\t\t\t<div class=\"elementor-column elementor-col-50 elementor-top-column elementor-element elementor-element-74a6db9\" data-id=\"74a6db9\" data-element_type=\"column\" data-e-type=\"column\">\n\t\t\t<div class=\"elementor-widget-wrap elementor-element-populated\">\n\t\t\t\t\t\t<div class=\"elementor-element elementor-element-72cbf85 elementor-widget elementor-widget-text-editor\" data-id=\"72cbf85\" data-element_type=\"widget\" data-e-type=\"widget\" data-widget_type=\"text-editor.default\">\n\t\t\t\t<div class=\"elementor-widget-container\">\n\t\t\t\t\t\t\t\t\t<ul>\n<li><strong><a href=\"https:\/\/www.integrator.si\/elektroinstalacije\/\">Elektrische Anlagen  <\/a><\/strong><\/li>\n<li><strong><a href=\"https:\/\/www.integrator.si\/pametne-instalacije\/\">Smart oder. intelligente Anlagen  <\/a><\/strong><\/li>\n<li><strong><a href=\"https:\/\/www.integrator.si\/video-nadzor\/\">Video\u00fcberwachungssysteme  <\/a><\/strong><\/li>\n<li><strong><a href=\"https:\/\/www.integrator.si\/de\/alarmanlagen\/\"> Alarmanlagen <\/a><\/strong><\/li>\n<li><strong><a href=\"https:\/\/www.integrator.si\/de\/ip-sensoren\/\"> IP-Sensoren <\/a><\/strong><\/li>\n<li><strong><a href=\"https:\/\/www.integrator.si\/kategorija\/elektroinstalacije\/e-polnilnice\/\">eFills<\/a><\/strong><\/li>\n<\/ul>\n\t\t\t\t\t\t\t\t<\/div>\n\t\t\t\t<\/div>\n\t\t\t\t\t<\/div>\n\t\t<\/div>\n\t\t\t\t<div class=\"elementor-column elementor-col-50 elementor-top-column elementor-element elementor-element-b810462\" data-id=\"b810462\" data-element_type=\"column\" data-e-type=\"column\">\n\t\t\t<div class=\"elementor-widget-wrap elementor-element-populated\">\n\t\t\t\t\t\t<div class=\"elementor-element elementor-element-1bc498b elementor-widget elementor-widget-image\" data-id=\"1bc498b\" data-element_type=\"widget\" data-e-type=\"widget\" data-widget_type=\"image.default\">\n\t\t\t\t<div class=\"elementor-widget-container\">\n\t\t\t\t\t\t\t\t\t\t\t\t\t\t\t<img decoding=\"async\" width=\"768\" height=\"433\" src=\"https:\/\/www.integrator.si\/wp-content\/uploads\/2022\/12\/Paradox-Inside-Gold2-768x433-1.gif\" class=\"attachment-large size-large wp-image-1752\" alt=\"alarmni sistemi\" \/>\t\t\t\t\t\t\t\t\t\t\t\t\t\t\t<\/div>\n\t\t\t\t<\/div>\n\t\t\t\t\t<\/div>\n\t\t<\/div>\n\t\t\t\t\t<\/div>\n\t\t<\/section>\n\t\t\t\t<section class=\"elementor-section elementor-top-section elementor-element elementor-element-c981046 elementor-section-boxed elementor-section-height-default elementor-section-height-default\" data-id=\"c981046\" data-element_type=\"section\" data-e-type=\"section\" data-settings=\"{&quot;jet_parallax_layout_list&quot;:[],&quot;background_background&quot;:&quot;classic&quot;}\">\n\t\t\t\t\t\t<div class=\"elementor-container elementor-column-gap-default\">\n\t\t\t\t\t<div class=\"elementor-column elementor-col-100 elementor-top-column elementor-element elementor-element-2877d12\" data-id=\"2877d12\" data-element_type=\"column\" data-e-type=\"column\">\n\t\t\t<div class=\"elementor-widget-wrap elementor-element-populated\">\n\t\t\t\t\t\t<div class=\"elementor-element elementor-element-bb88300 elementor-widget elementor-widget-text-editor\" data-id=\"bb88300\" data-element_type=\"widget\" data-e-type=\"widget\" data-widget_type=\"text-editor.default\">\n\t\t\t\t<div class=\"elementor-widget-container\">\n\t\t\t\t\t\t\t\t\t<p>In all diesen Bereichen bieten wir <strong>Komplettl\u00f6sungen f\u00fcr Vertrieb, Beratung, Konzeption und Umsetzung<\/strong> sowie <strong>spezifische Schulungen<\/strong> f\u00fcr Unternehmen und Einzelpersonen an. Das Material ist immer von h\u00f6chster Qualit\u00e4t, denn wir verlangen nur das Beste f\u00fcr unsere Kunden.<\/p>\n\t\t\t\t\t\t\t\t<\/div>\n\t\t\t\t<\/div>\n\t\t\t\t\t<\/div>\n\t\t<\/div>\n\t\t\t\t\t<\/div>\n\t\t<\/section>\n\t\t\t\t<\/div>\n\t\t","protected":false},"excerpt":{"rendered":"<p>\u00dcber uns Vision des Unternehmens Das Unternehmen ist als Distributor und Berater f\u00fcr die komplette Integration und Installation von fortschrittlichen elektrischen Systemen positioniert. Unser Hauptziel ist es, unseren Kunden hochwertige Materialien und fortschrittliche L\u00f6sungen f\u00fcr alle Arten von Elektroinstallationen zu bieten. In letzter Zeit haben wir mehr Gewicht auf folgende Punkte gelegt intelligente Systeme , [&hellip;]<\/p>\n","protected":false},"author":2,"featured_media":0,"parent":0,"menu_order":0,"comment_status":"closed","ping_status":"closed","template":"elementor_header_footer","meta":{"footnotes":""},"class_list":["post-2114","page","type-page","status-publish","hentry"],"blocksy_meta":{"styles_descriptor":{"styles":{"desktop":"","tablet":"","mobile":""},"google_fonts":[],"version":6}},"yoast_head":"<!-- This site is optimized with the Yoast SEO plugin v27.3 - https:\/\/yoast.com\/product\/yoast-seo-wordpress\/ -->\n<title>\u00dcber uns - Integrator<\/title>\n<meta name=\"robots\" content=\"index, follow, max-snippet:-1, max-image-preview:large, max-video-preview:-1\" \/>\n<link rel=\"canonical\" href=\"https:\/\/www.integrator.si\/de\/ueber-uns\/\" \/>\n<meta property=\"og:locale\" content=\"de_DE\" \/>\n<meta property=\"og:type\" content=\"article\" \/>\n<meta property=\"og:title\" content=\"\u00dcber uns - Integrator\" \/>\n<meta property=\"og:description\" content=\"\u00dcber uns Vision des Unternehmens Das Unternehmen ist als Distributor und Berater f\u00fcr die komplette Integration und Installation von fortschrittlichen elektrischen Systemen positioniert. Unser Hauptziel ist es, unseren Kunden hochwertige Materialien und fortschrittliche L\u00f6sungen f\u00fcr alle Arten von Elektroinstallationen zu bieten. In letzter Zeit haben wir mehr Gewicht auf folgende Punkte gelegt intelligente Systeme , [&hellip;]\" \/>\n<meta property=\"og:url\" content=\"https:\/\/www.integrator.si\/de\/ueber-uns\/\" \/>\n<meta property=\"og:site_name\" content=\"Integrator\" \/>\n<meta property=\"article:modified_time\" content=\"2023-01-17T15:53:12+00:00\" \/>\n<meta property=\"og:image\" content=\"https:\/\/www.integrator.si\/wp-content\/uploads\/2022\/12\/Paradox-Inside-Gold3-768x511-1.gif\" \/>\n<meta name=\"twitter:card\" content=\"summary_large_image\" \/>\n<meta name=\"twitter:label1\" content=\"Gesch\u00e4tzte Lesezeit\" \/>\n\t<meta name=\"twitter:data1\" content=\"2\u00a0Minuten\" \/>\n<script type=\"application\/ld+json\" class=\"yoast-schema-graph\">{\"@context\":\"https:\\\/\\\/schema.org\",\"@graph\":[{\"@type\":\"WebPage\",\"@id\":\"https:\\\/\\\/www.integrator.si\\\/de\\\/ueber-uns\\\/\",\"url\":\"https:\\\/\\\/www.integrator.si\\\/de\\\/ueber-uns\\\/\",\"name\":\"\u00dcber uns - Integrator\",\"isPartOf\":{\"@id\":\"https:\\\/\\\/www.integrator.si\\\/de\\\/#website\"},\"primaryImageOfPage\":{\"@id\":\"https:\\\/\\\/www.integrator.si\\\/de\\\/ueber-uns\\\/#primaryimage\"},\"image\":{\"@id\":\"https:\\\/\\\/www.integrator.si\\\/de\\\/ueber-uns\\\/#primaryimage\"},\"thumbnailUrl\":\"https:\\\/\\\/www.integrator.si\\\/wp-content\\\/uploads\\\/2022\\\/12\\\/Paradox-Inside-Gold3-768x511-1.gif\",\"datePublished\":\"2022-12-30T09:17:27+00:00\",\"dateModified\":\"2023-01-17T15:53:12+00:00\",\"breadcrumb\":{\"@id\":\"https:\\\/\\\/www.integrator.si\\\/de\\\/ueber-uns\\\/#breadcrumb\"},\"inLanguage\":\"de\",\"potentialAction\":[{\"@type\":\"ReadAction\",\"target\":[\"https:\\\/\\\/www.integrator.si\\\/de\\\/ueber-uns\\\/\"]}]},{\"@type\":\"ImageObject\",\"inLanguage\":\"de\",\"@id\":\"https:\\\/\\\/www.integrator.si\\\/de\\\/ueber-uns\\\/#primaryimage\",\"url\":\"https:\\\/\\\/www.integrator.si\\\/wp-content\\\/uploads\\\/2022\\\/12\\\/Paradox-Inside-Gold3-768x511-1.gif\",\"contentUrl\":\"https:\\\/\\\/www.integrator.si\\\/wp-content\\\/uploads\\\/2022\\\/12\\\/Paradox-Inside-Gold3-768x511-1.gif\"},{\"@type\":\"BreadcrumbList\",\"@id\":\"https:\\\/\\\/www.integrator.si\\\/de\\\/ueber-uns\\\/#breadcrumb\",\"itemListElement\":[{\"@type\":\"ListItem\",\"position\":1,\"name\":\"Home\",\"item\":\"https:\\\/\\\/www.integrator.si\\\/de\\\/\"},{\"@type\":\"ListItem\",\"position\":2,\"name\":\"\u00dcber uns\"}]},{\"@type\":\"WebSite\",\"@id\":\"https:\\\/\\\/www.integrator.si\\\/de\\\/#website\",\"url\":\"https:\\\/\\\/www.integrator.si\\\/de\\\/\",\"name\":\"Integrator\",\"description\":\"Distribucija tehni\u010dnega varovanja\",\"publisher\":{\"@id\":\"https:\\\/\\\/www.integrator.si\\\/de\\\/#organization\"},\"potentialAction\":[{\"@type\":\"SearchAction\",\"target\":{\"@type\":\"EntryPoint\",\"urlTemplate\":\"https:\\\/\\\/www.integrator.si\\\/de\\\/?s={search_term_string}\"},\"query-input\":{\"@type\":\"PropertyValueSpecification\",\"valueRequired\":true,\"valueName\":\"search_term_string\"}}],\"inLanguage\":\"de\"},{\"@type\":\"Organization\",\"@id\":\"https:\\\/\\\/www.integrator.si\\\/de\\\/#organization\",\"name\":\"Integrator\",\"url\":\"https:\\\/\\\/www.integrator.si\\\/de\\\/\",\"logo\":{\"@type\":\"ImageObject\",\"inLanguage\":\"de\",\"@id\":\"https:\\\/\\\/www.integrator.si\\\/de\\\/#\\\/schema\\\/logo\\\/image\\\/\",\"url\":\"https:\\\/\\\/www.integrator.si\\\/wp-content\\\/uploads\\\/2022\\\/12\\\/integrator_logo.png\",\"contentUrl\":\"https:\\\/\\\/www.integrator.si\\\/wp-content\\\/uploads\\\/2022\\\/12\\\/integrator_logo.png\",\"width\":1306,\"height\":222,\"caption\":\"Integrator\"},\"image\":{\"@id\":\"https:\\\/\\\/www.integrator.si\\\/de\\\/#\\\/schema\\\/logo\\\/image\\\/\"}}]}<\/script>\n<!-- \/ Yoast SEO plugin. -->","yoast_head_json":{"title":"\u00dcber uns - Integrator","robots":{"index":"index","follow":"follow","max-snippet":"max-snippet:-1","max-image-preview":"max-image-preview:large","max-video-preview":"max-video-preview:-1"},"canonical":"https:\/\/www.integrator.si\/de\/ueber-uns\/","og_locale":"de_DE","og_type":"article","og_title":"\u00dcber uns - Integrator","og_description":"\u00dcber uns Vision des Unternehmens Das Unternehmen ist als Distributor und Berater f\u00fcr die komplette Integration und Installation von fortschrittlichen elektrischen Systemen positioniert. Unser Hauptziel ist es, unseren Kunden hochwertige Materialien und fortschrittliche L\u00f6sungen f\u00fcr alle Arten von Elektroinstallationen zu bieten. In letzter Zeit haben wir mehr Gewicht auf folgende Punkte gelegt intelligente Systeme , [&hellip;]","og_url":"https:\/\/www.integrator.si\/de\/ueber-uns\/","og_site_name":"Integrator","article_modified_time":"2023-01-17T15:53:12+00:00","og_image":[{"url":"https:\/\/www.integrator.si\/wp-content\/uploads\/2022\/12\/Paradox-Inside-Gold3-768x511-1.gif","type":"","width":"","height":""}],"twitter_card":"summary_large_image","twitter_misc":{"Gesch\u00e4tzte Lesezeit":"2\u00a0Minuten"},"schema":{"@context":"https:\/\/schema.org","@graph":[{"@type":"WebPage","@id":"https:\/\/www.integrator.si\/de\/ueber-uns\/","url":"https:\/\/www.integrator.si\/de\/ueber-uns\/","name":"\u00dcber uns - Integrator","isPartOf":{"@id":"https:\/\/www.integrator.si\/de\/#website"},"primaryImageOfPage":{"@id":"https:\/\/www.integrator.si\/de\/ueber-uns\/#primaryimage"},"image":{"@id":"https:\/\/www.integrator.si\/de\/ueber-uns\/#primaryimage"},"thumbnailUrl":"https:\/\/www.integrator.si\/wp-content\/uploads\/2022\/12\/Paradox-Inside-Gold3-768x511-1.gif","datePublished":"2022-12-30T09:17:27+00:00","dateModified":"2023-01-17T15:53:12+00:00","breadcrumb":{"@id":"https:\/\/www.integrator.si\/de\/ueber-uns\/#breadcrumb"},"inLanguage":"de","potentialAction":[{"@type":"ReadAction","target":["https:\/\/www.integrator.si\/de\/ueber-uns\/"]}]},{"@type":"ImageObject","inLanguage":"de","@id":"https:\/\/www.integrator.si\/de\/ueber-uns\/#primaryimage","url":"https:\/\/www.integrator.si\/wp-content\/uploads\/2022\/12\/Paradox-Inside-Gold3-768x511-1.gif","contentUrl":"https:\/\/www.integrator.si\/wp-content\/uploads\/2022\/12\/Paradox-Inside-Gold3-768x511-1.gif"},{"@type":"BreadcrumbList","@id":"https:\/\/www.integrator.si\/de\/ueber-uns\/#breadcrumb","itemListElement":[{"@type":"ListItem","position":1,"name":"Home","item":"https:\/\/www.integrator.si\/de\/"},{"@type":"ListItem","position":2,"name":"\u00dcber uns"}]},{"@type":"WebSite","@id":"https:\/\/www.integrator.si\/de\/#website","url":"https:\/\/www.integrator.si\/de\/","name":"Integrator","description":"Distribucija tehni\u010dnega varovanja","publisher":{"@id":"https:\/\/www.integrator.si\/de\/#organization"},"potentialAction":[{"@type":"SearchAction","target":{"@type":"EntryPoint","urlTemplate":"https:\/\/www.integrator.si\/de\/?s={search_term_string}"},"query-input":{"@type":"PropertyValueSpecification","valueRequired":true,"valueName":"search_term_string"}}],"inLanguage":"de"},{"@type":"Organization","@id":"https:\/\/www.integrator.si\/de\/#organization","name":"Integrator","url":"https:\/\/www.integrator.si\/de\/","logo":{"@type":"ImageObject","inLanguage":"de","@id":"https:\/\/www.integrator.si\/de\/#\/schema\/logo\/image\/","url":"https:\/\/www.integrator.si\/wp-content\/uploads\/2022\/12\/integrator_logo.png","contentUrl":"https:\/\/www.integrator.si\/wp-content\/uploads\/2022\/12\/integrator_logo.png","width":1306,"height":222,"caption":"Integrator"},"image":{"@id":"https:\/\/www.integrator.si\/de\/#\/schema\/logo\/image\/"}}]}},"_links":{"self":[{"href":"https:\/\/www.integrator.si\/de\/wp-json\/wp\/v2\/pages\/2114","targetHints":{"allow":["GET"]}}],"collection":[{"href":"https:\/\/www.integrator.si\/de\/wp-json\/wp\/v2\/pages"}],"about":[{"href":"https:\/\/www.integrator.si\/de\/wp-json\/wp\/v2\/types\/page"}],"author":[{"embeddable":true,"href":"https:\/\/www.integrator.si\/de\/wp-json\/wp\/v2\/users\/2"}],"replies":[{"embeddable":true,"href":"https:\/\/www.integrator.si\/de\/wp-json\/wp\/v2\/comments?post=2114"}],"version-history":[{"count":1,"href":"https:\/\/www.integrator.si\/de\/wp-json\/wp\/v2\/pages\/2114\/revisions"}],"predecessor-version":[{"id":2115,"href":"https:\/\/www.integrator.si\/de\/wp-json\/wp\/v2\/pages\/2114\/revisions\/2115"}],"wp:attachment":[{"href":"https:\/\/www.integrator.si\/de\/wp-json\/wp\/v2\/media?parent=2114"}],"curies":[{"name":"wp","href":"https:\/\/api.w.org\/{rel}","templated":true}]}}