{"id":2034,"date":"2023-01-16T15:51:15","date_gmt":"2023-01-16T14:51:15","guid":{"rendered":"https:\/\/www.integrator.si\/?post_type=product&#038;p=2034"},"modified":"2026-04-11T10:16:57","modified_gmt":"2026-04-11T08:16:57","slug":"video-domofon-komplet-1-druzinski-comelit","status":"publish","type":"product","link":"https:\/\/www.integrator.si\/de\/izdelek\/video-domofon-komplet-1-druzinski-comelit\/","title":{"rendered":"Video domofonski komplet za 1-dru\u017eino, Comelit"},"content":{"rendered":"<p><span class=\"jCAhz ChMk0b\"><span class=\"ryNqvb\"><strong>Video domofonski komplet Comelit 8461V<\/strong> je odli\u010dna kvaliteta izdelana v Italiji. <\/span><\/span><\/p>\n<p><span class=\"jCAhz ChMk0b\"><span class=\"ryNqvb\"><strong>Quadra<\/strong> z<strong> mini monitorjem<\/strong> za prostoro\u010dni pogovor <\/span><\/span><span class=\"jCAhz ChMk0b\"><span class=\"ryNqvb\">ima <strong>barvno kamero<\/strong> s \u0161irokim vidnim poljem in opremljeno z belo LED za osvetlitev.<\/span><\/span> <span class=\"jCAhz ChMk0b\"><span class=\"ryNqvb\">S 4,3-pal\u010dnim barvnim zaslonom 16\/9 <strong>Comelit Mini<\/strong> ponuja odli\u010dno funkcionalnost v kombinaciji s sodobnim slogom.<\/span><\/span> <span class=\"jCAhz ChMk0b\"><span class=\"ryNqvb\">Monitor Mini nima slu\u0161alke in ima \u0161tiri gumbe, ob\u010dutljive na dotik.<\/span><\/span><\/p>\n<p><span class=\"jCAhz ChMk0b\"><span class=\"ryNqvb\"><strong>Funkcije gumbov<\/strong> vklju\u010dujejo odpiranje <strong>klju\u010davnice<\/strong>, <strong>priklic kamere<\/strong>, <strong>klic centrale, funkcijo zasebnosti<\/strong> (mute), kot tudi LED, ki deluje kot indikator stanja vrat.<\/span><\/span><\/p>\n<p><strong><span class=\"jCAhz ChMk0b\"><span class=\"ryNqvb\">Lastnosti:<\/span><\/span><\/strong><\/p>\n<p><span class=\"jCAhz ChMk0b\"><span class=\"ryNqvb\">Primerno za <strong>1 do 4 stanovanjske enote<\/strong>(preprosto dodajanje monitorjev)<\/span><\/span> <span class=\"jCAhz ChMk0b\"><span class=\"ryNqvb\">Enostavna <strong>2-\u017eilna namestitev<\/strong><\/span><\/span> <span class=\"jCAhz ChMk0b\"><span class=\"ryNqvb\">4 na dotik ob\u010dutljivi gumbi za monitor<\/span><\/span><\/p>\n<p><span class=\"jCAhz ChMk0b\"><span class=\"ryNqvb\"><strong>2-\u017eilni<\/strong> <strong>Video domofon<\/strong> &#8211; komplet za stanovanjske hi\u0161e<\/span><\/span><\/p>\n<p><span class=\"jCAhz ChMk0b\"><span class=\"ryNqvb\"><strong>Comelit 8461V<\/strong> Komplet je sestavljen iz: <\/span><\/span><\/p>\n<ul>\n<li><span class=\"jCAhz ChMk0b\"><span class=\"ryNqvb\">1x Stenske zunanje enote serije Quadra art.<\/span><\/span> <span class=\"jCAhz ChMk0b\"><span class=\"ryNqvb\">4893M, <\/span><\/span><\/li>\n<li><span class=\"jCAhz ChMk0b\"><span class=\"ryNqvb\">1x napajalnik art.<\/span><\/span> <span class=\"jCAhz ChMk0b\"><span class=\"ryNqvb\">1209, <\/span><\/span><\/li>\n<li><span class=\"jCAhz ChMk0b\"><span class=\"ryNqvb\">1x barvni monitor serije Handsfree Mini art.<\/span><\/span> <span class=\"jCAhz ChMk0b\"><span class=\"ryNqvb\">6721W, <\/span><\/span><\/li>\n<li><span class=\"jCAhz ChMk0b\"><span class=\"ryNqvb\">1x razdelilni terminal art.<\/span><\/span> <span class=\"jCAhz ChMk0b\"><span class=\"ryNqvb\">1214\/2C in <\/span><\/span><\/li>\n<li><span class=\"jCAhz ChMk0b\"><span class=\"ryNqvb\">1x priklju\u010dek za zapiranje linije art.<\/span><\/span> <span class=\"jCAhz ChMk0b\"><span class=\"ryNqvb\">1216.<\/span><\/span><\/li>\n<\/ul>\n<p>&nbsp;<\/p>\n<p><strong><br \/>\nVideo navodila za nastavitve domofona:<\/strong><\/p>\n<p><iframe title=\"Introducing Quadra Kits\" width=\"1290\" height=\"726\" src=\"https:\/\/www.youtube.com\/embed\/gBHrP23JUNQ?feature=oembed\" frameborder=\"0\" allow=\"accelerometer; autoplay; clipboard-write; encrypted-media; gyroscope; picture-in-picture; web-share\" allowfullscreen><\/iframe><\/p>\n<p><strong><u>Kaj morate vedete preden kupite domofon<\/u><\/strong><strong><u>?<\/u><\/strong><\/p>\n<p><strong>Video domofon sestavljajo<\/strong><\/p>\n<ol>\n<li><strong>Zunanja enota: <\/strong>Zunanje enote so lahko razli\u010dne tako na izgled kot po tehnologiji. V na\u0161i ponudbo vam bomo ponudili 2-\u017eilni sistem ali ViP sistem (IP sistem). Zunanja enota upravlja vrata, dodatni osebni prehod,&#8230;je glavni del domofonskega sistema.<\/li>\n<li><strong> Notranja enota:<\/strong> Notranja enota vam omogo\u010da komunikacijo z zunanjo enoto in vam daje tako zvok kot sliko &#8211; odvisno od vgrajenega sistema (lahko je le avdio ali avdio\/video).<\/li>\n<li><strong> Sistemske naprave<\/strong>: Sem sodijo napajalniki, izdelki za distribucijo, oddaljena relejska kontrola,&#8230;<\/li>\n<li><strong> Aplikacije<\/strong>: Uporabniki bodo s sistemom opcijsko lahko dobili tudi aplikacijo, da bodo lahko gledali \u017eivo sliko na svojem mobilnem telefonu (zato potrebujete internet na lokaciji domofona). Dodatno so mo\u017ene \u0161e druge aplikacije, ki zdru\u017eujejo funkcijo vratarja, upravlja ve\u010d vhodov,\u2026 V primeru dodatnih zahtev, se vedno posvetujte s strokovnjakom, saj vam bo lahko svetoval glede na va\u0161e potrebe.<\/li>\n<\/ol>\n<p>&nbsp;<\/p>\n","protected":false},"excerpt":{"rendered":"<p><span class=\"jCAhz ChMk0b\"><span class=\"ryNqvb\"><strong>Video domofonski komplet Comelit 8461V<\/strong> je odli\u010dna kvaliteta izdelana v Italiji.<\/span><\/span><\/p>\n<p><span class=\"jCAhz ChMk0b\"><span class=\"ryNqvb\">Primerno za <strong>1 do 4 stanovanjske enote<\/strong>(preprosto dodajanje monitorjev)<\/span><\/span> <span class=\"jCAhz ChMk0b\"><span class=\"ryNqvb\">Enostavna <strong>2-\u017eilna namestitev<\/strong><\/span><\/span> <span class=\"jCAhz ChMk0b\"><span class=\"ryNqvb\">4 na dotik ob\u010dutljivi gumbi za monitor<\/span><\/span><\/p>\n<p><span class=\"jCAhz ChMk0b\"><span class=\"ryNqvb\"><strong>2-\u017eilni<\/strong> <strong>Video domofon<\/strong> &#8211; komplet za stanovanjske hi\u0161e<\/span><\/span><\/p>\n<p><span class=\"jCAhz ChMk0b\"><span class=\"ryNqvb\"><strong>Comelit 8461V<\/strong> Komplet je sestavljen iz: <\/span><\/span><\/p>\n<ul>\n<li><span class=\"jCAhz ChMk0b\"><span class=\"ryNqvb\">1x Stenske zunanje enote serije Quadra art.<\/span><\/span> <span class=\"jCAhz ChMk0b\"><span class=\"ryNqvb\">4893M, <\/span><\/span><\/li>\n<li><span class=\"jCAhz ChMk0b\"><span class=\"ryNqvb\">1x napajalnik art.<\/span><\/span> <span class=\"jCAhz ChMk0b\"><span class=\"ryNqvb\">1209, <\/span><\/span><\/li>\n<li><span class=\"jCAhz ChMk0b\"><span class=\"ryNqvb\">1x barvni monitor serije Handsfree Mini art.<\/span><\/span> <span class=\"jCAhz ChMk0b\"><span class=\"ryNqvb\">6721W, <\/span><\/span><\/li>\n<li><span class=\"jCAhz ChMk0b\"><span class=\"ryNqvb\">1x razdelilni terminal art.<\/span><\/span> <span class=\"jCAhz ChMk0b\"><span class=\"ryNqvb\">1214\/2C in <\/span><\/span><\/li>\n<li><span class=\"jCAhz ChMk0b\"><span class=\"ryNqvb\">1x priklju\u010dek za zapiranje linije art.<\/span><\/span> <span class=\"jCAhz ChMk0b\"><span class=\"ryNqvb\">1216.<\/span><\/span><\/li>\n<\/ul>\n","protected":false},"featured_media":2035,"template":"","meta":[],"pwb-brand":[],"product_brand":[],"product_cat":[23,38],"product_tag":[85,86,89,87,88],"class_list":{"0":"post-2034","1":"product","2":"type-product","3":"status-publish","4":"has-post-thumbnail","6":"product_cat-domofoni","7":"product_cat-kit-kompleti","8":"product_tag-comelit","9":"product_tag-domofon","10":"product_tag-komplet","11":"product_tag-quadra","12":"product_tag-video-domofon","14":"first","15":"instock","16":"sale","17":"taxable","18":"shipping-taxable","19":"purchasable","20":"product-type-simple"},"yoast_head":"<!-- This site is optimized with the Yoast SEO plugin v27.3 - https:\/\/yoast.com\/product\/yoast-seo-wordpress\/ -->\n<title>Video domofonski komplet za 1-dru\u017eino, Comelit - Integrator<\/title>\n<meta name=\"robots\" content=\"index, follow, max-snippet:-1, max-image-preview:large, max-video-preview:-1\" \/>\n<link rel=\"canonical\" href=\"https:\/\/www.integrator.si\/de\/izdelek\/video-domofon-komplet-1-druzinski-comelit\/\" \/>\n<meta property=\"og:locale\" content=\"de_DE\" \/>\n<meta property=\"og:type\" content=\"article\" \/>\n<meta property=\"og:title\" content=\"Video domofonski komplet za 1-dru\u017eino, Comelit - Integrator\" \/>\n<meta property=\"og:description\" content=\"Video domofonski komplet Comelit 8461V je odli\u010dna kvaliteta izdelana v Italiji.  Primerno za 1 do 4 stanovanjske enote(preprosto dodajanje monitorjev) Enostavna 2-\u017eilna namestitev 4 na dotik ob\u010dutljivi gumbi za monitor  2-\u017eilni Video domofon - komplet za stanovanjske hi\u0161e  Comelit 8461V Komplet je sestavljen iz:    1x Stenske zunanje enote serije Quadra art. 4893M,   1x napajalnik art. 1209,   1x barvni monitor serije Handsfree Mini art. 6721W,   1x razdelilni terminal art. 1214\/2C in   1x priklju\u010dek za zapiranje linije art. 1216.\" \/>\n<meta property=\"og:url\" content=\"https:\/\/www.integrator.si\/de\/izdelek\/video-domofon-komplet-1-druzinski-comelit\/\" \/>\n<meta property=\"og:site_name\" content=\"Integrator\" \/>\n<meta property=\"article:modified_time\" content=\"2026-04-11T08:16:57+00:00\" \/>\n<meta property=\"og:image\" content=\"https:\/\/www.integrator.si\/wp-content\/uploads\/2023\/01\/8461v-medium.png\" \/>\n\t<meta property=\"og:image:width\" content=\"800\" \/>\n\t<meta property=\"og:image:height\" content=\"800\" \/>\n\t<meta property=\"og:image:type\" content=\"image\/png\" \/>\n<meta name=\"twitter:card\" content=\"summary_large_image\" \/>\n<meta name=\"twitter:label1\" content=\"Gesch\u00e4tzte Lesezeit\" \/>\n\t<meta name=\"twitter:data1\" content=\"2\u00a0Minuten\" \/>\n<script type=\"application\/ld+json\" class=\"yoast-schema-graph\">{\"@context\":\"https:\\\/\\\/schema.org\",\"@graph\":[{\"@type\":\"WebPage\",\"@id\":\"https:\\\/\\\/www.integrator.si\\\/de\\\/izdelek\\\/video-domofon-komplet-1-druzinski-comelit\\\/\",\"url\":\"https:\\\/\\\/www.integrator.si\\\/de\\\/izdelek\\\/video-domofon-komplet-1-druzinski-comelit\\\/\",\"name\":\"Video domofonski komplet za 1-dru\u017eino, Comelit - Integrator\",\"isPartOf\":{\"@id\":\"https:\\\/\\\/www.integrator.si\\\/de\\\/#website\"},\"primaryImageOfPage\":{\"@id\":\"https:\\\/\\\/www.integrator.si\\\/de\\\/izdelek\\\/video-domofon-komplet-1-druzinski-comelit\\\/#primaryimage\"},\"image\":{\"@id\":\"https:\\\/\\\/www.integrator.si\\\/de\\\/izdelek\\\/video-domofon-komplet-1-druzinski-comelit\\\/#primaryimage\"},\"thumbnailUrl\":\"https:\\\/\\\/www.integrator.si\\\/wp-content\\\/uploads\\\/2023\\\/01\\\/8461v-medium.png\",\"datePublished\":\"2023-01-16T14:51:15+00:00\",\"dateModified\":\"2026-04-11T08:16:57+00:00\",\"breadcrumb\":{\"@id\":\"https:\\\/\\\/www.integrator.si\\\/de\\\/izdelek\\\/video-domofon-komplet-1-druzinski-comelit\\\/#breadcrumb\"},\"inLanguage\":\"de\",\"potentialAction\":[{\"@type\":\"ReadAction\",\"target\":[\"https:\\\/\\\/www.integrator.si\\\/de\\\/izdelek\\\/video-domofon-komplet-1-druzinski-comelit\\\/\"]}]},{\"@type\":\"ImageObject\",\"inLanguage\":\"de\",\"@id\":\"https:\\\/\\\/www.integrator.si\\\/de\\\/izdelek\\\/video-domofon-komplet-1-druzinski-comelit\\\/#primaryimage\",\"url\":\"https:\\\/\\\/www.integrator.si\\\/wp-content\\\/uploads\\\/2023\\\/01\\\/8461v-medium.png\",\"contentUrl\":\"https:\\\/\\\/www.integrator.si\\\/wp-content\\\/uploads\\\/2023\\\/01\\\/8461v-medium.png\",\"width\":800,\"height\":800,\"caption\":\"Comelit video domofon\"},{\"@type\":\"BreadcrumbList\",\"@id\":\"https:\\\/\\\/www.integrator.si\\\/de\\\/izdelek\\\/video-domofon-komplet-1-druzinski-comelit\\\/#breadcrumb\",\"itemListElement\":[{\"@type\":\"ListItem\",\"position\":1,\"name\":\"Home\",\"item\":\"https:\\\/\\\/www.integrator.si\\\/de\\\/\"},{\"@type\":\"ListItem\",\"position\":2,\"name\":\"Shop\",\"item\":\"https:\\\/\\\/www.integrator.si\\\/spletna-trgovina\\\/\"},{\"@type\":\"ListItem\",\"position\":3,\"name\":\"Video domofonski komplet za 1-dru\u017eino, Comelit\"}]},{\"@type\":\"WebSite\",\"@id\":\"https:\\\/\\\/www.integrator.si\\\/de\\\/#website\",\"url\":\"https:\\\/\\\/www.integrator.si\\\/de\\\/\",\"name\":\"Integrator\",\"description\":\"Distribucija tehni\u010dnega varovanja\",\"publisher\":{\"@id\":\"https:\\\/\\\/www.integrator.si\\\/de\\\/#organization\"},\"potentialAction\":[{\"@type\":\"SearchAction\",\"target\":{\"@type\":\"EntryPoint\",\"urlTemplate\":\"https:\\\/\\\/www.integrator.si\\\/de\\\/?s={search_term_string}\"},\"query-input\":{\"@type\":\"PropertyValueSpecification\",\"valueRequired\":true,\"valueName\":\"search_term_string\"}}],\"inLanguage\":\"de\"},{\"@type\":\"Organization\",\"@id\":\"https:\\\/\\\/www.integrator.si\\\/de\\\/#organization\",\"name\":\"Integrator\",\"url\":\"https:\\\/\\\/www.integrator.si\\\/de\\\/\",\"logo\":{\"@type\":\"ImageObject\",\"inLanguage\":\"de\",\"@id\":\"https:\\\/\\\/www.integrator.si\\\/de\\\/#\\\/schema\\\/logo\\\/image\\\/\",\"url\":\"https:\\\/\\\/www.integrator.si\\\/wp-content\\\/uploads\\\/2022\\\/12\\\/integrator_logo.png\",\"contentUrl\":\"https:\\\/\\\/www.integrator.si\\\/wp-content\\\/uploads\\\/2022\\\/12\\\/integrator_logo.png\",\"width\":1306,\"height\":222,\"caption\":\"Integrator\"},\"image\":{\"@id\":\"https:\\\/\\\/www.integrator.si\\\/de\\\/#\\\/schema\\\/logo\\\/image\\\/\"}}]}<\/script>\n<!-- \/ Yoast SEO plugin. -->","yoast_head_json":{"title":"Video domofonski komplet za 1-dru\u017eino, Comelit - Integrator","robots":{"index":"index","follow":"follow","max-snippet":"max-snippet:-1","max-image-preview":"max-image-preview:large","max-video-preview":"max-video-preview:-1"},"canonical":"https:\/\/www.integrator.si\/de\/izdelek\/video-domofon-komplet-1-druzinski-comelit\/","og_locale":"de_DE","og_type":"article","og_title":"Video domofonski komplet za 1-dru\u017eino, Comelit - Integrator","og_description":"Video domofonski komplet Comelit 8461V je odli\u010dna kvaliteta izdelana v Italiji.  Primerno za 1 do 4 stanovanjske enote(preprosto dodajanje monitorjev) Enostavna 2-\u017eilna namestitev 4 na dotik ob\u010dutljivi gumbi za monitor  2-\u017eilni Video domofon - komplet za stanovanjske hi\u0161e  Comelit 8461V Komplet je sestavljen iz:    1x Stenske zunanje enote serije Quadra art. 4893M,   1x napajalnik art. 1209,   1x barvni monitor serije Handsfree Mini art. 6721W,   1x razdelilni terminal art. 1214\/2C in   1x priklju\u010dek za zapiranje linije art. 1216.","og_url":"https:\/\/www.integrator.si\/de\/izdelek\/video-domofon-komplet-1-druzinski-comelit\/","og_site_name":"Integrator","article_modified_time":"2026-04-11T08:16:57+00:00","og_image":[{"width":800,"height":800,"url":"https:\/\/www.integrator.si\/wp-content\/uploads\/2023\/01\/8461v-medium.png","type":"image\/png"}],"twitter_card":"summary_large_image","twitter_misc":{"Gesch\u00e4tzte Lesezeit":"2\u00a0Minuten"},"schema":{"@context":"https:\/\/schema.org","@graph":[{"@type":"WebPage","@id":"https:\/\/www.integrator.si\/de\/izdelek\/video-domofon-komplet-1-druzinski-comelit\/","url":"https:\/\/www.integrator.si\/de\/izdelek\/video-domofon-komplet-1-druzinski-comelit\/","name":"Video domofonski komplet za 1-dru\u017eino, Comelit - Integrator","isPartOf":{"@id":"https:\/\/www.integrator.si\/de\/#website"},"primaryImageOfPage":{"@id":"https:\/\/www.integrator.si\/de\/izdelek\/video-domofon-komplet-1-druzinski-comelit\/#primaryimage"},"image":{"@id":"https:\/\/www.integrator.si\/de\/izdelek\/video-domofon-komplet-1-druzinski-comelit\/#primaryimage"},"thumbnailUrl":"https:\/\/www.integrator.si\/wp-content\/uploads\/2023\/01\/8461v-medium.png","datePublished":"2023-01-16T14:51:15+00:00","dateModified":"2026-04-11T08:16:57+00:00","breadcrumb":{"@id":"https:\/\/www.integrator.si\/de\/izdelek\/video-domofon-komplet-1-druzinski-comelit\/#breadcrumb"},"inLanguage":"de","potentialAction":[{"@type":"ReadAction","target":["https:\/\/www.integrator.si\/de\/izdelek\/video-domofon-komplet-1-druzinski-comelit\/"]}]},{"@type":"ImageObject","inLanguage":"de","@id":"https:\/\/www.integrator.si\/de\/izdelek\/video-domofon-komplet-1-druzinski-comelit\/#primaryimage","url":"https:\/\/www.integrator.si\/wp-content\/uploads\/2023\/01\/8461v-medium.png","contentUrl":"https:\/\/www.integrator.si\/wp-content\/uploads\/2023\/01\/8461v-medium.png","width":800,"height":800,"caption":"Comelit video domofon"},{"@type":"BreadcrumbList","@id":"https:\/\/www.integrator.si\/de\/izdelek\/video-domofon-komplet-1-druzinski-comelit\/#breadcrumb","itemListElement":[{"@type":"ListItem","position":1,"name":"Home","item":"https:\/\/www.integrator.si\/de\/"},{"@type":"ListItem","position":2,"name":"Shop","item":"https:\/\/www.integrator.si\/spletna-trgovina\/"},{"@type":"ListItem","position":3,"name":"Video domofonski komplet za 1-dru\u017eino, Comelit"}]},{"@type":"WebSite","@id":"https:\/\/www.integrator.si\/de\/#website","url":"https:\/\/www.integrator.si\/de\/","name":"Integrator","description":"Distribucija tehni\u010dnega varovanja","publisher":{"@id":"https:\/\/www.integrator.si\/de\/#organization"},"potentialAction":[{"@type":"SearchAction","target":{"@type":"EntryPoint","urlTemplate":"https:\/\/www.integrator.si\/de\/?s={search_term_string}"},"query-input":{"@type":"PropertyValueSpecification","valueRequired":true,"valueName":"search_term_string"}}],"inLanguage":"de"},{"@type":"Organization","@id":"https:\/\/www.integrator.si\/de\/#organization","name":"Integrator","url":"https:\/\/www.integrator.si\/de\/","logo":{"@type":"ImageObject","inLanguage":"de","@id":"https:\/\/www.integrator.si\/de\/#\/schema\/logo\/image\/","url":"https:\/\/www.integrator.si\/wp-content\/uploads\/2022\/12\/integrator_logo.png","contentUrl":"https:\/\/www.integrator.si\/wp-content\/uploads\/2022\/12\/integrator_logo.png","width":1306,"height":222,"caption":"Integrator"},"image":{"@id":"https:\/\/www.integrator.si\/de\/#\/schema\/logo\/image\/"}}]}},"brands":[],"_links":{"self":[{"href":"https:\/\/www.integrator.si\/de\/wp-json\/wp\/v2\/product\/2034","targetHints":{"allow":["GET"]}}],"collection":[{"href":"https:\/\/www.integrator.si\/de\/wp-json\/wp\/v2\/product"}],"about":[{"href":"https:\/\/www.integrator.si\/de\/wp-json\/wp\/v2\/types\/product"}],"wp:featuredmedia":[{"embeddable":true,"href":"https:\/\/www.integrator.si\/de\/wp-json\/wp\/v2\/media\/2035"}],"wp:attachment":[{"href":"https:\/\/www.integrator.si\/de\/wp-json\/wp\/v2\/media?parent=2034"}],"wp:term":[{"taxonomy":"pwb-brand","embeddable":true,"href":"https:\/\/www.integrator.si\/de\/wp-json\/wp\/v2\/pwb-brand?post=2034"},{"taxonomy":"product_brand","embeddable":true,"href":"https:\/\/www.integrator.si\/de\/wp-json\/wp\/v2\/product_brand?post=2034"},{"taxonomy":"product_cat","embeddable":true,"href":"https:\/\/www.integrator.si\/de\/wp-json\/wp\/v2\/product_cat?post=2034"},{"taxonomy":"product_tag","embeddable":true,"href":"https:\/\/www.integrator.si\/de\/wp-json\/wp\/v2\/product_tag?post=2034"}],"curies":[{"name":"wp","href":"https:\/\/api.w.org\/{rel}","templated":true}]}}