{"id":2055,"date":"2023-01-16T18:02:43","date_gmt":"2023-01-16T17:02:43","guid":{"rendered":"https:\/\/www.integrator.si\/?post_type=product&#038;p=2055"},"modified":"2026-04-11T10:16:57","modified_gmt":"2026-04-11T08:16:57","slug":"video-domofon-notranja-enota-mini-comelit","status":"publish","type":"product","link":"https:\/\/www.integrator.si\/de\/izdelek\/video-domofon-notranja-enota-mini-comelit\/","title":{"rendered":"Video domofonska notranja enota MINI, Comelit"},"content":{"rendered":"<p><span class=\"jCAhz ChMk0b\"><span class=\"ryNqvb\"><strong>Video domofonska notranja enota Mini 6721W <\/strong>je odli\u010dna kvaliteta izdelana v Italiji. <\/span><\/span><\/p>\n<p><span class=\"jCAhz ChMk0b\"><span class=\"ryNqvb\"><strong>Mini monitor<\/strong> za prostoro\u010dni monitor za 2-\u017eilni sistem Comelit.\u00a0 <\/span><\/span><span class=\"jCAhz ChMk0b\"><span class=\"ryNqvb\">S 4,3-pal\u010dnim barvnim zaslonom 16\/9 <strong>Comelit Mini<\/strong> ponuja odli\u010dno funkcionalnost v kombinaciji s sodobnim slogom.<\/span><\/span> <span class=\"jCAhz ChMk0b\"><span class=\"ryNqvb\"><strong>Monitor Mini<\/strong> nima slu\u0161alke in ima \u0161tiri gumbe, ob\u010dutljive na dotik.<\/span><\/span><\/p>\n<p><span class=\"jCAhz ChMk0b\"><span class=\"ryNqvb\"><strong>Funkcije gumbov<\/strong> vklju\u010dujejo odpiranje <strong>klju\u010davnice<\/strong>, <strong>priklic kamere<\/strong>, <strong>klic centrale, funkcijo zasebnosti<\/strong> (mute).<\/span><\/span><\/p>\n<p><strong><span class=\"jCAhz ChMk0b\"><span class=\"ryNqvb\">Lastnosti:<\/span><\/span><\/strong><\/p>\n<p><span class=\"jCAhz ChMk0b\"><span class=\"ryNqvb\">Primerno za <strong>1 do 4 stanovanjske enote<\/strong>(preprosto dodajanje monitorjev)<\/span><\/span> <span class=\"jCAhz ChMk0b\"><span class=\"ryNqvb\">Enostavna <strong>2-\u017eilna namestitev<\/strong><\/span><\/span> <span class=\"jCAhz ChMk0b\"><span class=\"ryNqvb\">4 na dotik ob\u010dutljivi gumbi za monitor<\/span><\/span><\/p>\n<p><span class=\"jCAhz ChMk0b\"><span class=\"ryNqvb\"><strong>2-\u017eilni<\/strong> <strong>Video domofon<\/strong> &#8211; komplet za stanovanjske hi\u0161e<\/span><\/span><\/p>\n<p><span class=\"jCAhz ChMk0b\"><span class=\"ryNqvb\"><strong>Comelit Mini <\/strong>je<\/span><\/span><span class=\"jCAhz ChMk0b\"><span class=\"ryNqvb\">\u00a0barvni monitor serije <strong>Handsfree Mini<\/strong> art.<\/span><\/span> <strong>6721W<\/strong>\u00a0<span class=\"jCAhz ChMk0b\"><span class=\"ryNqvb\">,<\/span><\/span><\/p>\n<p>&nbsp;<\/p>\n<p><strong>Comelit aplikacija za mobilni telefon:<\/strong><\/p>\n<table border=\"0\" width=\"400\" cellspacing=\"0\" cellpadding=\"8\">\n<tbody>\n<tr>\n<td align=\"center\" width=\"200\" height=\"90\"><a href=\"https:\/\/apps.apple.com\/us\/app\/comelit-simpleapp\/id1584093094\" target=\"_blank\" rel=\"noopener\"><img decoding=\"async\" class=\"alignnone\" src=\"https:\/\/en.uniview.com\/res\/201507\/01\/20150701_1603561_ios_787773_140445_0.jpg\" alt=\"Comelit App\" width=\"180\" height=\"70\" border=\"0\" \/><\/a><\/td>\n<td align=\"center\" width=\"200\" height=\"90\"><a href=\"https:\/\/play.google.com\/store\/apps\/details?id=com.comelitgroup.comelitsbc&amp;gl=US\"><img decoding=\"async\" class=\"alignnone\" src=\"https:\/\/en.uniview.com\/res\/201507\/01\/20150701_1603562_android_787773_140445_0.jpg\" alt=\"Comelit APP\" width=\"180\" height=\"70\" border=\"0\" \/><\/a><\/td>\n<\/tr>\n<tr>\n<td align=\"center\"><a href=\"https:\/\/apps.apple.com\/us\/app\/comelit-simpleapp\/id1584093094\"><img fetchpriority=\"high\" decoding=\"async\" class=\"alignnone wp-image-2041 size-medium\" src=\"https:\/\/www.integrator.si\/wp-content\/uploads\/2023\/01\/qr-code-Comelit-iOS-Integrator-300x300.png\" alt=\"Comelit App iOS\" width=\"300\" height=\"300\" srcset=\"https:\/\/www.integrator.si\/wp-content\/uploads\/2023\/01\/qr-code-Comelit-iOS-Integrator-300x300.png 300w, https:\/\/www.integrator.si\/wp-content\/uploads\/2023\/01\/qr-code-Comelit-iOS-Integrator-1024x1024.png 1024w, https:\/\/www.integrator.si\/wp-content\/uploads\/2023\/01\/qr-code-Comelit-iOS-Integrator-150x150.png 150w, https:\/\/www.integrator.si\/wp-content\/uploads\/2023\/01\/qr-code-Comelit-iOS-Integrator-768x768.png 768w, https:\/\/www.integrator.si\/wp-content\/uploads\/2023\/01\/qr-code-Comelit-iOS-Integrator-24x24.png 24w, https:\/\/www.integrator.si\/wp-content\/uploads\/2023\/01\/qr-code-Comelit-iOS-Integrator-36x36.png 36w, https:\/\/www.integrator.si\/wp-content\/uploads\/2023\/01\/qr-code-Comelit-iOS-Integrator-48x48.png 48w, https:\/\/www.integrator.si\/wp-content\/uploads\/2023\/01\/qr-code-Comelit-iOS-Integrator-250x250.png 250w, https:\/\/www.integrator.si\/wp-content\/uploads\/2023\/01\/qr-code-Comelit-iOS-Integrator-100x100.png 100w, https:\/\/www.integrator.si\/wp-content\/uploads\/2023\/01\/qr-code-Comelit-iOS-Integrator.png 1127w\" sizes=\"(max-width: 300px) 100vw, 300px\" \/><\/a><\/td>\n<td align=\"center\"><a href=\"https:\/\/play.google.com\/store\/apps\/details?id=com.comelitgroup.comelitsbc&amp;gl=US\"><img loading=\"lazy\" decoding=\"async\" class=\"alignnone wp-image-2038 size-medium\" src=\"https:\/\/www.integrator.si\/wp-content\/uploads\/2023\/01\/qr-code-Comelit-Android-Integrator-300x300.png\" alt=\"Comelit App Android\" width=\"300\" height=\"300\" srcset=\"https:\/\/www.integrator.si\/wp-content\/uploads\/2023\/01\/qr-code-Comelit-Android-Integrator-300x300.png 300w, https:\/\/www.integrator.si\/wp-content\/uploads\/2023\/01\/qr-code-Comelit-Android-Integrator-1024x1024.png 1024w, https:\/\/www.integrator.si\/wp-content\/uploads\/2023\/01\/qr-code-Comelit-Android-Integrator-150x150.png 150w, https:\/\/www.integrator.si\/wp-content\/uploads\/2023\/01\/qr-code-Comelit-Android-Integrator-768x768.png 768w, https:\/\/www.integrator.si\/wp-content\/uploads\/2023\/01\/qr-code-Comelit-Android-Integrator-24x24.png 24w, https:\/\/www.integrator.si\/wp-content\/uploads\/2023\/01\/qr-code-Comelit-Android-Integrator-36x36.png 36w, https:\/\/www.integrator.si\/wp-content\/uploads\/2023\/01\/qr-code-Comelit-Android-Integrator-48x48.png 48w, https:\/\/www.integrator.si\/wp-content\/uploads\/2023\/01\/qr-code-Comelit-Android-Integrator-250x250.png 250w, https:\/\/www.integrator.si\/wp-content\/uploads\/2023\/01\/qr-code-Comelit-Android-Integrator-100x100.png 100w, https:\/\/www.integrator.si\/wp-content\/uploads\/2023\/01\/qr-code-Comelit-Android-Integrator.png 1113w\" sizes=\"(max-width: 300px) 100vw, 300px\" \/><\/a><\/td>\n<\/tr>\n<\/tbody>\n<\/table>\n<p><strong>Video navodila za nastavitve domofona:<\/strong><\/p>\n<p><iframe title=\"MINI Handsfree WI-FI: Comelit App Setup Tutorial\" width=\"1290\" height=\"726\" src=\"https:\/\/www.youtube.com\/embed\/B7-eLZDelhM?feature=oembed\" frameborder=\"0\" allow=\"accelerometer; autoplay; clipboard-write; encrypted-media; gyroscope; picture-in-picture; web-share\" allowfullscreen><\/iframe><\/p>\n<p><strong>Video navodila za razpoznavo obraza:<\/strong><\/p>\n<p><iframe title=\"Comelit Video Tutorial: Activation of Face Recognition..and open the gate with just one look! \ud83c\uddec\ud83c\udde7\" width=\"1290\" height=\"726\" src=\"https:\/\/www.youtube.com\/embed\/FAGYUiM5uLM?feature=oembed\" frameborder=\"0\" allow=\"accelerometer; autoplay; clipboard-write; encrypted-media; gyroscope; picture-in-picture; web-share\" allowfullscreen><\/iframe><\/p>\n<p>&nbsp;<\/p>\n<p><strong><u>Kaj morate vedete preden kupite domofon<\/u><\/strong><strong><u>?<\/u><\/strong><\/p>\n<p><strong>Video domofon sestavljajo<\/strong><\/p>\n<ol>\n<li><strong>Zunanja enota: <\/strong>Zunanje enote so lahko razli\u010dne tako na izgled kot po tehnologiji. V na\u0161i ponudbo vam bomo ponudili 2-\u017eilni sistem ali ViP sistem (IP sistem). Zunanja enota upravlja vrata, dodatni osebni prehod,&#8230;je glavni del domofonskega sistema.<\/li>\n<li><strong> Notranja enota:<\/strong> Notranja enota vam omogo\u010da komunikacijo z zunanjo enoto in vam daje tako zvok kot sliko &#8211; odvisno od vgrajenega sistema (lahko je le avdio ali avdio\/video).<\/li>\n<li><strong> Sistemske naprave<\/strong>: Sem sodijo napajalniki, izdelki za distribucijo, oddaljena relejska kontrola,&#8230;<\/li>\n<li><strong> Aplikacije<\/strong>: Uporabniki bodo s sistemom opcijsko lahko dobili tudi aplikacijo, da bodo lahko gledali \u017eivo sliko na svojem mobilnem telefonu (zato potrebujete internet na lokaciji domofona). Dodatno so mo\u017ene \u0161e druge aplikacije, ki zdru\u017eujejo funkcijo vratarja, upravlja ve\u010d vhodov,\u2026 V primeru dodatnih zahtev, se vedno posvetujte s strokovnjakom, saj vam bo lahko svetoval glede na va\u0161e potrebe.<\/li>\n<\/ol>\n<p>&nbsp;<\/p>\n","protected":false},"excerpt":{"rendered":"<p><span class=\"jCAhz ChMk0b\"><span class=\"ryNqvb\"><strong>Comelit &#8211; Video domofonska notranja enota Mini 6721W <\/strong>je odli\u010dna kvaliteta izdelana v Italiji. <\/span><\/span><\/p>\n<p><span class=\"jCAhz ChMk0b\"><span class=\"ryNqvb\"><strong>Comelit Mini monitor<\/strong> za prostoro\u010dni monitor za <strong>2-\u017eilni sistem Comelit<\/strong>.\u00a0 <\/span><\/span><span class=\"jCAhz ChMk0b\"><span class=\"ryNqvb\">S <strong>4,3-pal\u010dnim barvnim zaslonom<\/strong> 16\/9 <strong>Comelit Mini<\/strong> ponuja odli\u010dno funkcionalnost v kombinaciji s sodobnim slogom.<\/span><\/span> <span class=\"jCAhz ChMk0b\"><span class=\"ryNqvb\"><strong>Monitor Mini<\/strong> nima slu\u0161alke in ima \u0161tiri gumbe, ob\u010dutljive na dotik.<\/span><\/span><\/p>\n","protected":false},"featured_media":2056,"template":"","meta":[],"pwb-brand":[],"product_brand":[],"product_cat":[23,37],"product_tag":[85,86,90,91,88],"class_list":{"0":"post-2055","1":"product","2":"type-product","3":"status-publish","4":"has-post-thumbnail","6":"product_cat-domofoni","7":"product_cat-notranje-enote","8":"product_tag-comelit","9":"product_tag-domofon","10":"product_tag-mini","11":"product_tag-monitor","12":"product_tag-video-domofon","14":"first","15":"instock","16":"sale","17":"taxable","18":"shipping-taxable","19":"purchasable","20":"product-type-simple"},"yoast_head":"<!-- This site is optimized with the Yoast SEO plugin v27.3 - https:\/\/yoast.com\/product\/yoast-seo-wordpress\/ -->\n<title>Video domofonska notranja enota MINI, Comelit - Integrator<\/title>\n<meta name=\"robots\" content=\"index, follow, max-snippet:-1, max-image-preview:large, max-video-preview:-1\" \/>\n<link rel=\"canonical\" href=\"https:\/\/www.integrator.si\/de\/izdelek\/video-domofon-notranja-enota-mini-comelit\/\" \/>\n<meta property=\"og:locale\" content=\"de_DE\" \/>\n<meta property=\"og:type\" content=\"article\" \/>\n<meta property=\"og:title\" content=\"Video domofonska notranja enota MINI, Comelit - Integrator\" \/>\n<meta property=\"og:description\" content=\"Comelit - Video domofonska notranja enota Mini 6721W je odli\u010dna kvaliteta izdelana v Italiji.   Comelit Mini monitor za prostoro\u010dni monitor za 2-\u017eilni sistem Comelit.\u00a0 S 4,3-pal\u010dnim barvnim zaslonom 16\/9 Comelit Mini ponuja odli\u010dno funkcionalnost v kombinaciji s sodobnim slogom. Monitor Mini nima slu\u0161alke in ima \u0161tiri gumbe, ob\u010dutljive na dotik.\" \/>\n<meta property=\"og:url\" content=\"https:\/\/www.integrator.si\/de\/izdelek\/video-domofon-notranja-enota-mini-comelit\/\" \/>\n<meta property=\"og:site_name\" content=\"Integrator\" \/>\n<meta property=\"article:modified_time\" content=\"2026-04-11T08:16:57+00:00\" \/>\n<meta property=\"og:image\" content=\"https:\/\/www.integrator.si\/wp-content\/uploads\/2023\/01\/Comelit-Mini-6721W-medium.png\" \/>\n\t<meta property=\"og:image:width\" content=\"800\" \/>\n\t<meta property=\"og:image:height\" content=\"800\" \/>\n\t<meta property=\"og:image:type\" content=\"image\/png\" \/>\n<meta name=\"twitter:card\" content=\"summary_large_image\" \/>\n<meta name=\"twitter:label1\" content=\"Gesch\u00e4tzte Lesezeit\" \/>\n\t<meta name=\"twitter:data1\" content=\"1\u00a0Minute\" \/>\n<script type=\"application\/ld+json\" class=\"yoast-schema-graph\">{\"@context\":\"https:\\\/\\\/schema.org\",\"@graph\":[{\"@type\":\"WebPage\",\"@id\":\"https:\\\/\\\/www.integrator.si\\\/de\\\/izdelek\\\/video-domofon-notranja-enota-mini-comelit\\\/\",\"url\":\"https:\\\/\\\/www.integrator.si\\\/de\\\/izdelek\\\/video-domofon-notranja-enota-mini-comelit\\\/\",\"name\":\"Video domofonska notranja enota MINI, Comelit - Integrator\",\"isPartOf\":{\"@id\":\"https:\\\/\\\/www.integrator.si\\\/de\\\/#website\"},\"primaryImageOfPage\":{\"@id\":\"https:\\\/\\\/www.integrator.si\\\/de\\\/izdelek\\\/video-domofon-notranja-enota-mini-comelit\\\/#primaryimage\"},\"image\":{\"@id\":\"https:\\\/\\\/www.integrator.si\\\/de\\\/izdelek\\\/video-domofon-notranja-enota-mini-comelit\\\/#primaryimage\"},\"thumbnailUrl\":\"https:\\\/\\\/www.integrator.si\\\/wp-content\\\/uploads\\\/2023\\\/01\\\/Comelit-Mini-6721W-medium.png\",\"datePublished\":\"2023-01-16T17:02:43+00:00\",\"dateModified\":\"2026-04-11T08:16:57+00:00\",\"breadcrumb\":{\"@id\":\"https:\\\/\\\/www.integrator.si\\\/de\\\/izdelek\\\/video-domofon-notranja-enota-mini-comelit\\\/#breadcrumb\"},\"inLanguage\":\"de\",\"potentialAction\":[{\"@type\":\"ReadAction\",\"target\":[\"https:\\\/\\\/www.integrator.si\\\/de\\\/izdelek\\\/video-domofon-notranja-enota-mini-comelit\\\/\"]}]},{\"@type\":\"ImageObject\",\"inLanguage\":\"de\",\"@id\":\"https:\\\/\\\/www.integrator.si\\\/de\\\/izdelek\\\/video-domofon-notranja-enota-mini-comelit\\\/#primaryimage\",\"url\":\"https:\\\/\\\/www.integrator.si\\\/wp-content\\\/uploads\\\/2023\\\/01\\\/Comelit-Mini-6721W-medium.png\",\"contentUrl\":\"https:\\\/\\\/www.integrator.si\\\/wp-content\\\/uploads\\\/2023\\\/01\\\/Comelit-Mini-6721W-medium.png\",\"width\":800,\"height\":800,\"caption\":\"Video domofon\"},{\"@type\":\"BreadcrumbList\",\"@id\":\"https:\\\/\\\/www.integrator.si\\\/de\\\/izdelek\\\/video-domofon-notranja-enota-mini-comelit\\\/#breadcrumb\",\"itemListElement\":[{\"@type\":\"ListItem\",\"position\":1,\"name\":\"Home\",\"item\":\"https:\\\/\\\/www.integrator.si\\\/de\\\/\"},{\"@type\":\"ListItem\",\"position\":2,\"name\":\"Shop\",\"item\":\"https:\\\/\\\/www.integrator.si\\\/spletna-trgovina\\\/\"},{\"@type\":\"ListItem\",\"position\":3,\"name\":\"Video domofonska notranja enota MINI, Comelit\"}]},{\"@type\":\"WebSite\",\"@id\":\"https:\\\/\\\/www.integrator.si\\\/de\\\/#website\",\"url\":\"https:\\\/\\\/www.integrator.si\\\/de\\\/\",\"name\":\"Integrator\",\"description\":\"Distribucija tehni\u010dnega varovanja\",\"publisher\":{\"@id\":\"https:\\\/\\\/www.integrator.si\\\/de\\\/#organization\"},\"potentialAction\":[{\"@type\":\"SearchAction\",\"target\":{\"@type\":\"EntryPoint\",\"urlTemplate\":\"https:\\\/\\\/www.integrator.si\\\/de\\\/?s={search_term_string}\"},\"query-input\":{\"@type\":\"PropertyValueSpecification\",\"valueRequired\":true,\"valueName\":\"search_term_string\"}}],\"inLanguage\":\"de\"},{\"@type\":\"Organization\",\"@id\":\"https:\\\/\\\/www.integrator.si\\\/de\\\/#organization\",\"name\":\"Integrator\",\"url\":\"https:\\\/\\\/www.integrator.si\\\/de\\\/\",\"logo\":{\"@type\":\"ImageObject\",\"inLanguage\":\"de\",\"@id\":\"https:\\\/\\\/www.integrator.si\\\/de\\\/#\\\/schema\\\/logo\\\/image\\\/\",\"url\":\"https:\\\/\\\/www.integrator.si\\\/wp-content\\\/uploads\\\/2022\\\/12\\\/integrator_logo.png\",\"contentUrl\":\"https:\\\/\\\/www.integrator.si\\\/wp-content\\\/uploads\\\/2022\\\/12\\\/integrator_logo.png\",\"width\":1306,\"height\":222,\"caption\":\"Integrator\"},\"image\":{\"@id\":\"https:\\\/\\\/www.integrator.si\\\/de\\\/#\\\/schema\\\/logo\\\/image\\\/\"}}]}<\/script>\n<!-- \/ Yoast SEO plugin. -->","yoast_head_json":{"title":"Video domofonska notranja enota MINI, Comelit - Integrator","robots":{"index":"index","follow":"follow","max-snippet":"max-snippet:-1","max-image-preview":"max-image-preview:large","max-video-preview":"max-video-preview:-1"},"canonical":"https:\/\/www.integrator.si\/de\/izdelek\/video-domofon-notranja-enota-mini-comelit\/","og_locale":"de_DE","og_type":"article","og_title":"Video domofonska notranja enota MINI, Comelit - Integrator","og_description":"Comelit - Video domofonska notranja enota Mini 6721W je odli\u010dna kvaliteta izdelana v Italiji.   Comelit Mini monitor za prostoro\u010dni monitor za 2-\u017eilni sistem Comelit.\u00a0 S 4,3-pal\u010dnim barvnim zaslonom 16\/9 Comelit Mini ponuja odli\u010dno funkcionalnost v kombinaciji s sodobnim slogom. Monitor Mini nima slu\u0161alke in ima \u0161tiri gumbe, ob\u010dutljive na dotik.","og_url":"https:\/\/www.integrator.si\/de\/izdelek\/video-domofon-notranja-enota-mini-comelit\/","og_site_name":"Integrator","article_modified_time":"2026-04-11T08:16:57+00:00","og_image":[{"width":800,"height":800,"url":"https:\/\/www.integrator.si\/wp-content\/uploads\/2023\/01\/Comelit-Mini-6721W-medium.png","type":"image\/png"}],"twitter_card":"summary_large_image","twitter_misc":{"Gesch\u00e4tzte Lesezeit":"1\u00a0Minute"},"schema":{"@context":"https:\/\/schema.org","@graph":[{"@type":"WebPage","@id":"https:\/\/www.integrator.si\/de\/izdelek\/video-domofon-notranja-enota-mini-comelit\/","url":"https:\/\/www.integrator.si\/de\/izdelek\/video-domofon-notranja-enota-mini-comelit\/","name":"Video domofonska notranja enota MINI, Comelit - Integrator","isPartOf":{"@id":"https:\/\/www.integrator.si\/de\/#website"},"primaryImageOfPage":{"@id":"https:\/\/www.integrator.si\/de\/izdelek\/video-domofon-notranja-enota-mini-comelit\/#primaryimage"},"image":{"@id":"https:\/\/www.integrator.si\/de\/izdelek\/video-domofon-notranja-enota-mini-comelit\/#primaryimage"},"thumbnailUrl":"https:\/\/www.integrator.si\/wp-content\/uploads\/2023\/01\/Comelit-Mini-6721W-medium.png","datePublished":"2023-01-16T17:02:43+00:00","dateModified":"2026-04-11T08:16:57+00:00","breadcrumb":{"@id":"https:\/\/www.integrator.si\/de\/izdelek\/video-domofon-notranja-enota-mini-comelit\/#breadcrumb"},"inLanguage":"de","potentialAction":[{"@type":"ReadAction","target":["https:\/\/www.integrator.si\/de\/izdelek\/video-domofon-notranja-enota-mini-comelit\/"]}]},{"@type":"ImageObject","inLanguage":"de","@id":"https:\/\/www.integrator.si\/de\/izdelek\/video-domofon-notranja-enota-mini-comelit\/#primaryimage","url":"https:\/\/www.integrator.si\/wp-content\/uploads\/2023\/01\/Comelit-Mini-6721W-medium.png","contentUrl":"https:\/\/www.integrator.si\/wp-content\/uploads\/2023\/01\/Comelit-Mini-6721W-medium.png","width":800,"height":800,"caption":"Video domofon"},{"@type":"BreadcrumbList","@id":"https:\/\/www.integrator.si\/de\/izdelek\/video-domofon-notranja-enota-mini-comelit\/#breadcrumb","itemListElement":[{"@type":"ListItem","position":1,"name":"Home","item":"https:\/\/www.integrator.si\/de\/"},{"@type":"ListItem","position":2,"name":"Shop","item":"https:\/\/www.integrator.si\/spletna-trgovina\/"},{"@type":"ListItem","position":3,"name":"Video domofonska notranja enota MINI, Comelit"}]},{"@type":"WebSite","@id":"https:\/\/www.integrator.si\/de\/#website","url":"https:\/\/www.integrator.si\/de\/","name":"Integrator","description":"Distribucija tehni\u010dnega varovanja","publisher":{"@id":"https:\/\/www.integrator.si\/de\/#organization"},"potentialAction":[{"@type":"SearchAction","target":{"@type":"EntryPoint","urlTemplate":"https:\/\/www.integrator.si\/de\/?s={search_term_string}"},"query-input":{"@type":"PropertyValueSpecification","valueRequired":true,"valueName":"search_term_string"}}],"inLanguage":"de"},{"@type":"Organization","@id":"https:\/\/www.integrator.si\/de\/#organization","name":"Integrator","url":"https:\/\/www.integrator.si\/de\/","logo":{"@type":"ImageObject","inLanguage":"de","@id":"https:\/\/www.integrator.si\/de\/#\/schema\/logo\/image\/","url":"https:\/\/www.integrator.si\/wp-content\/uploads\/2022\/12\/integrator_logo.png","contentUrl":"https:\/\/www.integrator.si\/wp-content\/uploads\/2022\/12\/integrator_logo.png","width":1306,"height":222,"caption":"Integrator"},"image":{"@id":"https:\/\/www.integrator.si\/de\/#\/schema\/logo\/image\/"}}]}},"brands":[],"_links":{"self":[{"href":"https:\/\/www.integrator.si\/de\/wp-json\/wp\/v2\/product\/2055","targetHints":{"allow":["GET"]}}],"collection":[{"href":"https:\/\/www.integrator.si\/de\/wp-json\/wp\/v2\/product"}],"about":[{"href":"https:\/\/www.integrator.si\/de\/wp-json\/wp\/v2\/types\/product"}],"wp:featuredmedia":[{"embeddable":true,"href":"https:\/\/www.integrator.si\/de\/wp-json\/wp\/v2\/media\/2056"}],"wp:attachment":[{"href":"https:\/\/www.integrator.si\/de\/wp-json\/wp\/v2\/media?parent=2055"}],"wp:term":[{"taxonomy":"pwb-brand","embeddable":true,"href":"https:\/\/www.integrator.si\/de\/wp-json\/wp\/v2\/pwb-brand?post=2055"},{"taxonomy":"product_brand","embeddable":true,"href":"https:\/\/www.integrator.si\/de\/wp-json\/wp\/v2\/product_brand?post=2055"},{"taxonomy":"product_cat","embeddable":true,"href":"https:\/\/www.integrator.si\/de\/wp-json\/wp\/v2\/product_cat?post=2055"},{"taxonomy":"product_tag","embeddable":true,"href":"https:\/\/www.integrator.si\/de\/wp-json\/wp\/v2\/product_tag?post=2055"}],"curies":[{"name":"wp","href":"https:\/\/api.w.org\/{rel}","templated":true}]}}