{"id":2072,"date":"2023-01-16T20:17:22","date_gmt":"2023-01-16T19:17:22","guid":{"rendered":"https:\/\/www.integrator.si\/?post_type=product&#038;p=2072"},"modified":"2026-04-11T10:16:57","modified_gmt":"2026-04-11T08:16:57","slug":"prostostojeci-nabiralnik-z-video-domofonom-komplet-nabiralnik-s-switch-setom-comelit-z-aplikacijo","status":"publish","type":"product","link":"https:\/\/www.integrator.si\/de\/izdelek\/prostostojeci-nabiralnik-z-video-domofonom-komplet-nabiralnik-s-switch-setom-comelit-z-aplikacijo\/","title":{"rendered":"Prostostoje\u010di nabiralnik z video domofonom &#8211; komplet nabiralnik s Switch setom Comelit z Aplikacijo"},"content":{"rendered":"<p><span class=\"jCAhz ChMk0b\"><span class=\"ryNqvb\"><strong>Prostostoje\u010di nabiralnik z video domofonskim kompletom Comelit Switch z mobilno aplikacijo <\/strong>je odli\u010dna kvaliteta izdelana v Italiji. <\/span><\/span><\/p>\n<p><span class=\"jCAhz ChMk0b\"><span class=\"ryNqvb\"><b>Switch domofon <\/b>s notranjim <strong>Mini Wifi<\/strong> monitorjem ter <strong>z Comelit Aplikacijo<\/strong> <\/span><\/span><\/p>\n<p>Nabiralnik iz nerjave\u010dega jekla <strong>PS-NB-Comelit-Switch-WiFi <\/strong>je Comelit video komplet wifi<br \/>\n<strong>Visokokakovosten nabiralnik<\/strong> z odli\u010dnim proizvajalcem Comelit v ekstra velikem formatu. Nabiralnik je primeren za \u010dasopise, revije in knjige z zavihkom za \u010dasopis. Integrirani <strong>Comelit<\/strong> Video domofon je popoln komplet <strong>WiFi<\/strong>. <strong>Video domofon Comelit<\/strong> je inovativna re\u0161itev s funkcijami, kot so <strong>prepoznavanje obraza<\/strong>, glasovni ukazi in upravljanje prek aplikacije s pametnim telefonom. Popolnoma vnaprej programiran za enodelno monta\u017eo &#8211; <strong>pove\u017eite 2 \u017eici<\/strong> in kon\u010dano!<\/p>\n<p>Odli\u010dne linije in edinstven dizajn zaznamujejo dizajnerski po\u0161tni nabiralnik <strong>PS-NB Comelit S<\/strong>. Na\u0161i izdelki imajo visoko vrednost, zanesljivo delovanje in lastno identiteto. Izdelano v tovarni po\u0161tnih nabiralnikov.<\/p>\n<p>Dizajnerska \u010drka iz nerjave\u010dega jekla iz 2 mm nerjave\u010dega jekla V2A 1.4301, sprednja plo\u0161\u010da pra\u0161no lakirana v RAL po va\u0161i izbiri. Opcijsko tudi kot stenska varianta.<br \/>\nSprednja stranska izvle\u010dna vrata 350 mm x 300 mm, ki se odpirajo od zgoraj navzdol. Vklju\u010dno z 2 klju\u010dema s \u0161tevilko klju\u010da.<br \/>\nNasedanje s sprednje strani, mere vlo\u017eka: \u0160 35 cm x V 6,3 cm, C4 \u010dez. Zelo velike \u010drke se prilegajo sem brez prepogibanja. Pozor brez za\u0161\u010dite pred umikom z vgrajenimi bla\u017eilnimi elementi, ki omogo\u010dajo po\u010dasno in tiho zapiranje vmetne lopute. Gumb za zvonec je iz nerjave\u010dega jekla s spreminjajo\u010dimi se znaki, osvetljen.<br \/>\nOpcijsko je nabiralnik lahko s hi\u0161no \u0161tevilko, zadnja lu\u010d v beli barvi vklj. EVN LED sistem\/Trafo IP65\/DC 0,1- 4W za LED osvetlitev hi\u0161ne \u0161t.<\/p>\n<p><strong>Mere vgradne ali stenske \u0161katle:<\/strong> V 710 mm x \u0160 410 x G 100 | 150 mm. Vgradni nabiralnik z prevle\u010denimi kabelskimi vhodi in pritrdilnimi to\u010dkami na vseh straneh. Stenska \u0161katla za monta\u017eo na steno z luknjo na zadnji strani, stenska \u0161katla za monta\u017eo na ograjo brez perforacije (potrebno na mestu). Pozor, tudi pri stenskih \u0161katlah je sprednji pokrov \u0161irok 3,5 cm.<br \/>\n<strong>Pomembna informacija<\/strong><\/p>\n<p>Domofonsje sisteme mora priklju\u010diti elektroin\u0161talater. Pri na\u010drtovanju, namestitvi in vgradnji se obrnite na svojega elektroin\u0161talaterja, ki mu zaupate ali na nas.<\/p>\n<p>Da bi dosegli optimalno za\u0161\u010dito va\u0161e po\u0161te pred vodo, naj bo po\u0161tni nabiralnik oziroma po\u0161tni sistem po mo\u017enosti pod nadstre\u0161kom.<\/p>\n<p>Nabiralnik je za\u0161\u010diten pred vodo samo, \u010de je popolnoma shranjena v \u0161katli in je loputa za vmetanje zaprta. Ne do konca vstavljena po\u0161ta omogo\u010da vdor vlage in umazanije v nabiralnik. Zato je potrebno na\u010drtovati dovolj dimenzionirane po\u0161tne predale za prihajajo\u010de potrebe. V dolo\u010denih ekstremnih vremenskih razmerah lahko \u0161e vedno pride do vode (v skladu z DIN EN 13724 do 1ccm).<\/p>\n<p>&nbsp;<\/p>\n<p><strong>Comelit aplikacija za mobilni telefon:<\/strong><\/p>\n<table border=\"0\" width=\"400\" cellspacing=\"0\" cellpadding=\"8\">\n<tbody>\n<tr>\n<td align=\"center\" width=\"200\" height=\"90\"><a href=\"https:\/\/apps.apple.com\/us\/app\/comelit-simpleapp\/id1584093094\" target=\"_blank\" rel=\"noopener\"><img decoding=\"async\" class=\"alignnone\" src=\"https:\/\/en.uniview.com\/res\/201507\/01\/20150701_1603561_ios_787773_140445_0.jpg\" alt=\"Comelit App\" width=\"180\" height=\"70\" border=\"0\" \/><\/a><\/td>\n<td align=\"center\" width=\"200\" height=\"90\"><a href=\"https:\/\/play.google.com\/store\/apps\/details?id=com.comelitgroup.comelitsbc&amp;gl=US\"><img decoding=\"async\" class=\"alignnone\" src=\"https:\/\/en.uniview.com\/res\/201507\/01\/20150701_1603562_android_787773_140445_0.jpg\" alt=\"Comelit APP\" width=\"180\" height=\"70\" border=\"0\" \/><\/a><\/td>\n<\/tr>\n<tr>\n<td align=\"center\"><a href=\"https:\/\/apps.apple.com\/us\/app\/comelit-simpleapp\/id1584093094\"><img fetchpriority=\"high\" decoding=\"async\" class=\"alignnone wp-image-2041 size-medium\" src=\"https:\/\/www.integrator.si\/wp-content\/uploads\/2023\/01\/qr-code-Comelit-iOS-Integrator-300x300.png\" alt=\"Comelit App iOS\" width=\"300\" height=\"300\" srcset=\"https:\/\/www.integrator.si\/wp-content\/uploads\/2023\/01\/qr-code-Comelit-iOS-Integrator-300x300.png 300w, https:\/\/www.integrator.si\/wp-content\/uploads\/2023\/01\/qr-code-Comelit-iOS-Integrator-1024x1024.png 1024w, https:\/\/www.integrator.si\/wp-content\/uploads\/2023\/01\/qr-code-Comelit-iOS-Integrator-150x150.png 150w, https:\/\/www.integrator.si\/wp-content\/uploads\/2023\/01\/qr-code-Comelit-iOS-Integrator-768x768.png 768w, https:\/\/www.integrator.si\/wp-content\/uploads\/2023\/01\/qr-code-Comelit-iOS-Integrator-24x24.png 24w, https:\/\/www.integrator.si\/wp-content\/uploads\/2023\/01\/qr-code-Comelit-iOS-Integrator-36x36.png 36w, https:\/\/www.integrator.si\/wp-content\/uploads\/2023\/01\/qr-code-Comelit-iOS-Integrator-48x48.png 48w, https:\/\/www.integrator.si\/wp-content\/uploads\/2023\/01\/qr-code-Comelit-iOS-Integrator-250x250.png 250w, https:\/\/www.integrator.si\/wp-content\/uploads\/2023\/01\/qr-code-Comelit-iOS-Integrator-100x100.png 100w, https:\/\/www.integrator.si\/wp-content\/uploads\/2023\/01\/qr-code-Comelit-iOS-Integrator.png 1127w\" sizes=\"(max-width: 300px) 100vw, 300px\" \/><\/a><\/td>\n<td align=\"center\"><a href=\"https:\/\/play.google.com\/store\/apps\/details?id=com.comelitgroup.comelitsbc&amp;gl=US\"><img loading=\"lazy\" decoding=\"async\" class=\"alignnone wp-image-2038 size-medium\" src=\"https:\/\/www.integrator.si\/wp-content\/uploads\/2023\/01\/qr-code-Comelit-Android-Integrator-300x300.png\" alt=\"Comelit App Android\" width=\"300\" height=\"300\" srcset=\"https:\/\/www.integrator.si\/wp-content\/uploads\/2023\/01\/qr-code-Comelit-Android-Integrator-300x300.png 300w, https:\/\/www.integrator.si\/wp-content\/uploads\/2023\/01\/qr-code-Comelit-Android-Integrator-1024x1024.png 1024w, https:\/\/www.integrator.si\/wp-content\/uploads\/2023\/01\/qr-code-Comelit-Android-Integrator-150x150.png 150w, https:\/\/www.integrator.si\/wp-content\/uploads\/2023\/01\/qr-code-Comelit-Android-Integrator-768x768.png 768w, https:\/\/www.integrator.si\/wp-content\/uploads\/2023\/01\/qr-code-Comelit-Android-Integrator-24x24.png 24w, https:\/\/www.integrator.si\/wp-content\/uploads\/2023\/01\/qr-code-Comelit-Android-Integrator-36x36.png 36w, https:\/\/www.integrator.si\/wp-content\/uploads\/2023\/01\/qr-code-Comelit-Android-Integrator-48x48.png 48w, https:\/\/www.integrator.si\/wp-content\/uploads\/2023\/01\/qr-code-Comelit-Android-Integrator-250x250.png 250w, https:\/\/www.integrator.si\/wp-content\/uploads\/2023\/01\/qr-code-Comelit-Android-Integrator-100x100.png 100w, https:\/\/www.integrator.si\/wp-content\/uploads\/2023\/01\/qr-code-Comelit-Android-Integrator.png 1113w\" sizes=\"(max-width: 300px) 100vw, 300px\" \/><\/a><\/td>\n<\/tr>\n<\/tbody>\n<\/table>\n<p>&nbsp;<\/p>\n<p><strong>Video navodila za razpoznavo obraza:<\/strong><\/p>\n<p><iframe title=\"Comelit Video Tutorial: Activation of Face Recognition..and open the gate with just one look! \ud83c\uddec\ud83c\udde7\" width=\"1290\" height=\"726\" src=\"https:\/\/www.youtube.com\/embed\/FAGYUiM5uLM?feature=oembed\" frameborder=\"0\" allow=\"accelerometer; autoplay; clipboard-write; encrypted-media; gyroscope; picture-in-picture; web-share\" allowfullscreen><\/iframe><\/p>\n<p>&nbsp;<\/p>\n<p><strong><u>Kaj morate vedete preden kupite domofon<\/u><\/strong><strong><u>?<\/u><\/strong><\/p>\n<p><strong>Video domofon sestavljajo<\/strong><\/p>\n<ol>\n<li><strong>Zunanja enota: <\/strong>Zunanje enote so lahko razli\u010dne tako na izgled kot po tehnologiji. V na\u0161i ponudbo vam bomo ponudili 2-\u017eilni sistem ali ViP sistem (IP sistem). Zunanja enota upravlja vrata, dodatni osebni prehod,&#8230;je glavni del domofonskega sistema.<\/li>\n<li><strong> Notranja enota:<\/strong> Notranja enota vam omogo\u010da komunikacijo z zunanjo enoto in vam daje tako zvok kot sliko &#8211; odvisno od vgrajenega sistema (lahko je le avdio ali avdio\/video).<\/li>\n<li><strong> Sistemske naprave<\/strong>: Sem sodijo napajalniki, izdelki za distribucijo, oddaljena relejska kontrola,&#8230;<\/li>\n<li><strong> Aplikacije<\/strong>: Uporabniki bodo s sistemom opcijsko lahko dobili tudi aplikacijo, da bodo lahko gledali \u017eivo sliko na svojem mobilnem telefonu (zato potrebujete internet na lokaciji domofona). Dodatno so mo\u017ene \u0161e druge aplikacije, ki zdru\u017eujejo funkcijo vratarja, upravlja ve\u010d vhodov,\u2026 V primeru dodatnih zahtev, se vedno posvetujte s strokovnjakom, saj vam bo lahko svetoval glede na va\u0161e potrebe.<\/li>\n<\/ol>\n<p>&nbsp;<\/p>\n","protected":false},"excerpt":{"rendered":"<p><span class=\"jCAhz ChMk0b\"><span class=\"ryNqvb\">Prostostoje\u010di nabiralnik z integriranim domofonom <strong>Comelit<\/strong>. <strong>Video domofon SWITCH<\/strong> &#8211; komplet za Vile ali poslovne prostore.<\/span><\/span><\/p>\n<p>Enodru\u017einski nabiralnik z integriranim domofonski kompletom <strong>SWITCH<\/strong> &#8211; <strong>avdio\/video zunanjo enota<\/strong>. Primeren za Vile, poslovne prostore ali pisarne.<\/p>\n","protected":false},"featured_media":2073,"template":"","meta":[],"pwb-brand":[],"product_brand":[],"product_cat":[23,38,36],"product_tag":[85,86,89,96,88],"class_list":{"0":"post-2072","1":"product","2":"type-product","3":"status-publish","4":"has-post-thumbnail","6":"product_cat-domofoni","7":"product_cat-kit-kompleti","8":"product_cat-zunanje-enote","9":"product_tag-comelit","10":"product_tag-domofon","11":"product_tag-komplet","12":"product_tag-swtich","13":"product_tag-video-domofon","15":"first","16":"instock","17":"taxable","18":"shipping-taxable","19":"purchasable","20":"product-type-simple"},"yoast_head":"<!-- This site is optimized with the Yoast SEO plugin v27.3 - https:\/\/yoast.com\/product\/yoast-seo-wordpress\/ -->\n<title>Prostostoje\u010di nabiralnik z video domofonom - komplet nabiralnik s Switch setom Comelit z Aplikacijo - Integrator<\/title>\n<meta name=\"robots\" content=\"index, follow, max-snippet:-1, max-image-preview:large, max-video-preview:-1\" \/>\n<link rel=\"canonical\" href=\"https:\/\/www.integrator.si\/de\/izdelek\/prostostojeci-nabiralnik-z-video-domofonom-komplet-nabiralnik-s-switch-setom-comelit-z-aplikacijo\/\" \/>\n<meta property=\"og:locale\" content=\"de_DE\" \/>\n<meta property=\"og:type\" content=\"article\" \/>\n<meta property=\"og:title\" content=\"Prostostoje\u010di nabiralnik z video domofonom - komplet nabiralnik s Switch setom Comelit z Aplikacijo - Integrator\" \/>\n<meta property=\"og:description\" content=\"Prostostoje\u010di nabiralnik z integriranim domofonom Comelit. Video domofon SWITCH - komplet za Vile ali poslovne prostore.  Enodru\u017einski nabiralnik z integriranim domofonski kompletom SWITCH - avdio\/video zunanjo enota. Primeren za Vile, poslovne prostore ali pisarne.\" \/>\n<meta property=\"og:url\" content=\"https:\/\/www.integrator.si\/de\/izdelek\/prostostojeci-nabiralnik-z-video-domofonom-komplet-nabiralnik-s-switch-setom-comelit-z-aplikacijo\/\" \/>\n<meta property=\"og:site_name\" content=\"Integrator\" \/>\n<meta property=\"article:modified_time\" content=\"2026-04-11T08:16:57+00:00\" \/>\n<meta property=\"og:image\" content=\"https:\/\/www.integrator.si\/wp-content\/uploads\/2023\/01\/Nabiralnik-Stojeci-Domofon-Comelit-Switch-Wifi.jpg\" \/>\n\t<meta property=\"og:image:width\" content=\"1200\" \/>\n\t<meta property=\"og:image:height\" content=\"1416\" \/>\n\t<meta property=\"og:image:type\" content=\"image\/jpeg\" \/>\n<meta name=\"twitter:card\" content=\"summary_large_image\" \/>\n<meta name=\"twitter:label1\" content=\"Gesch\u00e4tzte Lesezeit\" \/>\n\t<meta name=\"twitter:data1\" content=\"3\u00a0Minuten\" \/>\n<script type=\"application\/ld+json\" class=\"yoast-schema-graph\">{\"@context\":\"https:\\\/\\\/schema.org\",\"@graph\":[{\"@type\":\"WebPage\",\"@id\":\"https:\\\/\\\/www.integrator.si\\\/de\\\/izdelek\\\/prostostojeci-nabiralnik-z-video-domofonom-komplet-nabiralnik-s-switch-setom-comelit-z-aplikacijo\\\/\",\"url\":\"https:\\\/\\\/www.integrator.si\\\/de\\\/izdelek\\\/prostostojeci-nabiralnik-z-video-domofonom-komplet-nabiralnik-s-switch-setom-comelit-z-aplikacijo\\\/\",\"name\":\"Prostostoje\u010di nabiralnik z video domofonom - komplet nabiralnik s Switch setom Comelit z Aplikacijo - Integrator\",\"isPartOf\":{\"@id\":\"https:\\\/\\\/www.integrator.si\\\/de\\\/#website\"},\"primaryImageOfPage\":{\"@id\":\"https:\\\/\\\/www.integrator.si\\\/de\\\/izdelek\\\/prostostojeci-nabiralnik-z-video-domofonom-komplet-nabiralnik-s-switch-setom-comelit-z-aplikacijo\\\/#primaryimage\"},\"image\":{\"@id\":\"https:\\\/\\\/www.integrator.si\\\/de\\\/izdelek\\\/prostostojeci-nabiralnik-z-video-domofonom-komplet-nabiralnik-s-switch-setom-comelit-z-aplikacijo\\\/#primaryimage\"},\"thumbnailUrl\":\"https:\\\/\\\/www.integrator.si\\\/wp-content\\\/uploads\\\/2023\\\/01\\\/Nabiralnik-Stojeci-Domofon-Comelit-Switch-Wifi.jpg\",\"datePublished\":\"2023-01-16T19:17:22+00:00\",\"dateModified\":\"2026-04-11T08:16:57+00:00\",\"breadcrumb\":{\"@id\":\"https:\\\/\\\/www.integrator.si\\\/de\\\/izdelek\\\/prostostojeci-nabiralnik-z-video-domofonom-komplet-nabiralnik-s-switch-setom-comelit-z-aplikacijo\\\/#breadcrumb\"},\"inLanguage\":\"de\",\"potentialAction\":[{\"@type\":\"ReadAction\",\"target\":[\"https:\\\/\\\/www.integrator.si\\\/de\\\/izdelek\\\/prostostojeci-nabiralnik-z-video-domofonom-komplet-nabiralnik-s-switch-setom-comelit-z-aplikacijo\\\/\"]}]},{\"@type\":\"ImageObject\",\"inLanguage\":\"de\",\"@id\":\"https:\\\/\\\/www.integrator.si\\\/de\\\/izdelek\\\/prostostojeci-nabiralnik-z-video-domofonom-komplet-nabiralnik-s-switch-setom-comelit-z-aplikacijo\\\/#primaryimage\",\"url\":\"https:\\\/\\\/www.integrator.si\\\/wp-content\\\/uploads\\\/2023\\\/01\\\/Nabiralnik-Stojeci-Domofon-Comelit-Switch-Wifi.jpg\",\"contentUrl\":\"https:\\\/\\\/www.integrator.si\\\/wp-content\\\/uploads\\\/2023\\\/01\\\/Nabiralnik-Stojeci-Domofon-Comelit-Switch-Wifi.jpg\",\"width\":1200,\"height\":1416,\"caption\":\"Prostostoje\u010di nabiralnik z domofonom Comelit\"},{\"@type\":\"BreadcrumbList\",\"@id\":\"https:\\\/\\\/www.integrator.si\\\/de\\\/izdelek\\\/prostostojeci-nabiralnik-z-video-domofonom-komplet-nabiralnik-s-switch-setom-comelit-z-aplikacijo\\\/#breadcrumb\",\"itemListElement\":[{\"@type\":\"ListItem\",\"position\":1,\"name\":\"Home\",\"item\":\"https:\\\/\\\/www.integrator.si\\\/de\\\/\"},{\"@type\":\"ListItem\",\"position\":2,\"name\":\"Shop\",\"item\":\"https:\\\/\\\/www.integrator.si\\\/spletna-trgovina\\\/\"},{\"@type\":\"ListItem\",\"position\":3,\"name\":\"Prostostoje\u010di nabiralnik z video domofonom &#8211; komplet nabiralnik s Switch setom Comelit z Aplikacijo\"}]},{\"@type\":\"WebSite\",\"@id\":\"https:\\\/\\\/www.integrator.si\\\/de\\\/#website\",\"url\":\"https:\\\/\\\/www.integrator.si\\\/de\\\/\",\"name\":\"Integrator\",\"description\":\"Distribucija tehni\u010dnega varovanja\",\"publisher\":{\"@id\":\"https:\\\/\\\/www.integrator.si\\\/de\\\/#organization\"},\"potentialAction\":[{\"@type\":\"SearchAction\",\"target\":{\"@type\":\"EntryPoint\",\"urlTemplate\":\"https:\\\/\\\/www.integrator.si\\\/de\\\/?s={search_term_string}\"},\"query-input\":{\"@type\":\"PropertyValueSpecification\",\"valueRequired\":true,\"valueName\":\"search_term_string\"}}],\"inLanguage\":\"de\"},{\"@type\":\"Organization\",\"@id\":\"https:\\\/\\\/www.integrator.si\\\/de\\\/#organization\",\"name\":\"Integrator\",\"url\":\"https:\\\/\\\/www.integrator.si\\\/de\\\/\",\"logo\":{\"@type\":\"ImageObject\",\"inLanguage\":\"de\",\"@id\":\"https:\\\/\\\/www.integrator.si\\\/de\\\/#\\\/schema\\\/logo\\\/image\\\/\",\"url\":\"https:\\\/\\\/www.integrator.si\\\/wp-content\\\/uploads\\\/2022\\\/12\\\/integrator_logo.png\",\"contentUrl\":\"https:\\\/\\\/www.integrator.si\\\/wp-content\\\/uploads\\\/2022\\\/12\\\/integrator_logo.png\",\"width\":1306,\"height\":222,\"caption\":\"Integrator\"},\"image\":{\"@id\":\"https:\\\/\\\/www.integrator.si\\\/de\\\/#\\\/schema\\\/logo\\\/image\\\/\"}}]}<\/script>\n<!-- \/ Yoast SEO plugin. -->","yoast_head_json":{"title":"Prostostoje\u010di nabiralnik z video domofonom - komplet nabiralnik s Switch setom Comelit z Aplikacijo - Integrator","robots":{"index":"index","follow":"follow","max-snippet":"max-snippet:-1","max-image-preview":"max-image-preview:large","max-video-preview":"max-video-preview:-1"},"canonical":"https:\/\/www.integrator.si\/de\/izdelek\/prostostojeci-nabiralnik-z-video-domofonom-komplet-nabiralnik-s-switch-setom-comelit-z-aplikacijo\/","og_locale":"de_DE","og_type":"article","og_title":"Prostostoje\u010di nabiralnik z video domofonom - komplet nabiralnik s Switch setom Comelit z Aplikacijo - Integrator","og_description":"Prostostoje\u010di nabiralnik z integriranim domofonom Comelit. Video domofon SWITCH - komplet za Vile ali poslovne prostore.  Enodru\u017einski nabiralnik z integriranim domofonski kompletom SWITCH - avdio\/video zunanjo enota. Primeren za Vile, poslovne prostore ali pisarne.","og_url":"https:\/\/www.integrator.si\/de\/izdelek\/prostostojeci-nabiralnik-z-video-domofonom-komplet-nabiralnik-s-switch-setom-comelit-z-aplikacijo\/","og_site_name":"Integrator","article_modified_time":"2026-04-11T08:16:57+00:00","og_image":[{"width":1200,"height":1416,"url":"https:\/\/www.integrator.si\/wp-content\/uploads\/2023\/01\/Nabiralnik-Stojeci-Domofon-Comelit-Switch-Wifi.jpg","type":"image\/jpeg"}],"twitter_card":"summary_large_image","twitter_misc":{"Gesch\u00e4tzte Lesezeit":"3\u00a0Minuten"},"schema":{"@context":"https:\/\/schema.org","@graph":[{"@type":"WebPage","@id":"https:\/\/www.integrator.si\/de\/izdelek\/prostostojeci-nabiralnik-z-video-domofonom-komplet-nabiralnik-s-switch-setom-comelit-z-aplikacijo\/","url":"https:\/\/www.integrator.si\/de\/izdelek\/prostostojeci-nabiralnik-z-video-domofonom-komplet-nabiralnik-s-switch-setom-comelit-z-aplikacijo\/","name":"Prostostoje\u010di nabiralnik z video domofonom - komplet nabiralnik s Switch setom Comelit z Aplikacijo - Integrator","isPartOf":{"@id":"https:\/\/www.integrator.si\/de\/#website"},"primaryImageOfPage":{"@id":"https:\/\/www.integrator.si\/de\/izdelek\/prostostojeci-nabiralnik-z-video-domofonom-komplet-nabiralnik-s-switch-setom-comelit-z-aplikacijo\/#primaryimage"},"image":{"@id":"https:\/\/www.integrator.si\/de\/izdelek\/prostostojeci-nabiralnik-z-video-domofonom-komplet-nabiralnik-s-switch-setom-comelit-z-aplikacijo\/#primaryimage"},"thumbnailUrl":"https:\/\/www.integrator.si\/wp-content\/uploads\/2023\/01\/Nabiralnik-Stojeci-Domofon-Comelit-Switch-Wifi.jpg","datePublished":"2023-01-16T19:17:22+00:00","dateModified":"2026-04-11T08:16:57+00:00","breadcrumb":{"@id":"https:\/\/www.integrator.si\/de\/izdelek\/prostostojeci-nabiralnik-z-video-domofonom-komplet-nabiralnik-s-switch-setom-comelit-z-aplikacijo\/#breadcrumb"},"inLanguage":"de","potentialAction":[{"@type":"ReadAction","target":["https:\/\/www.integrator.si\/de\/izdelek\/prostostojeci-nabiralnik-z-video-domofonom-komplet-nabiralnik-s-switch-setom-comelit-z-aplikacijo\/"]}]},{"@type":"ImageObject","inLanguage":"de","@id":"https:\/\/www.integrator.si\/de\/izdelek\/prostostojeci-nabiralnik-z-video-domofonom-komplet-nabiralnik-s-switch-setom-comelit-z-aplikacijo\/#primaryimage","url":"https:\/\/www.integrator.si\/wp-content\/uploads\/2023\/01\/Nabiralnik-Stojeci-Domofon-Comelit-Switch-Wifi.jpg","contentUrl":"https:\/\/www.integrator.si\/wp-content\/uploads\/2023\/01\/Nabiralnik-Stojeci-Domofon-Comelit-Switch-Wifi.jpg","width":1200,"height":1416,"caption":"Prostostoje\u010di nabiralnik z domofonom Comelit"},{"@type":"BreadcrumbList","@id":"https:\/\/www.integrator.si\/de\/izdelek\/prostostojeci-nabiralnik-z-video-domofonom-komplet-nabiralnik-s-switch-setom-comelit-z-aplikacijo\/#breadcrumb","itemListElement":[{"@type":"ListItem","position":1,"name":"Home","item":"https:\/\/www.integrator.si\/de\/"},{"@type":"ListItem","position":2,"name":"Shop","item":"https:\/\/www.integrator.si\/spletna-trgovina\/"},{"@type":"ListItem","position":3,"name":"Prostostoje\u010di nabiralnik z video domofonom &#8211; komplet nabiralnik s Switch setom Comelit z Aplikacijo"}]},{"@type":"WebSite","@id":"https:\/\/www.integrator.si\/de\/#website","url":"https:\/\/www.integrator.si\/de\/","name":"Integrator","description":"Distribucija tehni\u010dnega varovanja","publisher":{"@id":"https:\/\/www.integrator.si\/de\/#organization"},"potentialAction":[{"@type":"SearchAction","target":{"@type":"EntryPoint","urlTemplate":"https:\/\/www.integrator.si\/de\/?s={search_term_string}"},"query-input":{"@type":"PropertyValueSpecification","valueRequired":true,"valueName":"search_term_string"}}],"inLanguage":"de"},{"@type":"Organization","@id":"https:\/\/www.integrator.si\/de\/#organization","name":"Integrator","url":"https:\/\/www.integrator.si\/de\/","logo":{"@type":"ImageObject","inLanguage":"de","@id":"https:\/\/www.integrator.si\/de\/#\/schema\/logo\/image\/","url":"https:\/\/www.integrator.si\/wp-content\/uploads\/2022\/12\/integrator_logo.png","contentUrl":"https:\/\/www.integrator.si\/wp-content\/uploads\/2022\/12\/integrator_logo.png","width":1306,"height":222,"caption":"Integrator"},"image":{"@id":"https:\/\/www.integrator.si\/de\/#\/schema\/logo\/image\/"}}]}},"brands":[],"_links":{"self":[{"href":"https:\/\/www.integrator.si\/de\/wp-json\/wp\/v2\/product\/2072","targetHints":{"allow":["GET"]}}],"collection":[{"href":"https:\/\/www.integrator.si\/de\/wp-json\/wp\/v2\/product"}],"about":[{"href":"https:\/\/www.integrator.si\/de\/wp-json\/wp\/v2\/types\/product"}],"wp:featuredmedia":[{"embeddable":true,"href":"https:\/\/www.integrator.si\/de\/wp-json\/wp\/v2\/media\/2073"}],"wp:attachment":[{"href":"https:\/\/www.integrator.si\/de\/wp-json\/wp\/v2\/media?parent=2072"}],"wp:term":[{"taxonomy":"pwb-brand","embeddable":true,"href":"https:\/\/www.integrator.si\/de\/wp-json\/wp\/v2\/pwb-brand?post=2072"},{"taxonomy":"product_brand","embeddable":true,"href":"https:\/\/www.integrator.si\/de\/wp-json\/wp\/v2\/product_brand?post=2072"},{"taxonomy":"product_cat","embeddable":true,"href":"https:\/\/www.integrator.si\/de\/wp-json\/wp\/v2\/product_cat?post=2072"},{"taxonomy":"product_tag","embeddable":true,"href":"https:\/\/www.integrator.si\/de\/wp-json\/wp\/v2\/product_tag?post=2072"}],"curies":[{"name":"wp","href":"https:\/\/api.w.org\/{rel}","templated":true}]}}