{"id":2578,"date":"2025-10-12T06:36:13","date_gmt":"2025-10-12T04:36:13","guid":{"rendered":"https:\/\/www.integrator.si\/?post_type=product&#038;p=2578"},"modified":"2026-04-11T10:16:57","modified_gmt":"2026-04-11T08:16:57","slug":"ajax-notranja-sirena-za-alarm-bela","status":"publish","type":"product","link":"https:\/\/www.integrator.si\/de\/izdelek\/ajax-notranja-sirena-za-alarm-bela\/","title":{"rendered":"Ajax notranja sirena za alarm-bela"},"content":{"rendered":"<p><strong>AJAX notranja sirena, bela<\/strong><\/p>\n<p><strong>Ajax notranja sirena, bela- <\/strong>je pametna notranja naprava, ki ponuja ve\u010d kot le opozarjanje na alarme. Slu\u017ei lahko tudi kot indikator varnostnega stanja, obve\u0161\u010da o odpiranju vrat ter prikazuje zamude pri vstopu ali odhodu in po alarmu. Naprava deluje avtonomno na vnaprej name\u0161\u010dene baterije do 5 let in uporablja brez\u017ei\u010dni radijski protokol Jeweller za komunikacijo z vozli\u0161\u010dem ali oja\u010devalnikom dosega na razdalji1 do 2000 m. <strong>Ajax notranja sirena<\/strong> je za\u0161\u010ditena na strojni in programski ravni ter ga je enostavno upravljati s pomo\u010djo <strong>aplikacije Ajax<\/strong>.<\/p>\n<p><strong>Ajax notranja sirena, <\/strong>ki zvo\u010dno opozori na alarm med aktivacijo detektorja. Name\u0161\u010dena je v zaprtih prostorih, da opozori na nevarnost ali odvrne vsiljivce. Raven zvoka in dol\u017eina alarma se nastavita v mobilni aplikaciji.<\/p>\n<p>Garancija 2 leti razen na vgrajene baterije.<\/p>\n<p><strong>Uporaba:<\/strong> Za dom in stanovanje, Za pisarno, Za trgovino, poslovne objekte,\u2026<\/p>\n<p><strong>AJAX notranja sirena<\/strong>\u00a0za dom ali pisarno.<\/p>\n<p><strong>Lastnosti:<\/strong><\/p>\n<p>Preverjanje pristnosti, da se prepre\u010di ponarejanje<\/p>\n<p>Odkrivanje motenj in \u0161ifriranje komunikacijskih kanalov<\/p>\n<p>Opozorilni alarm<\/p>\n<p>&nbsp;<\/p>\n<p><iframe title=\"PD 6662:2017 | How to set up intrusion alarm confirmation in the Ajax security system\" width=\"1290\" height=\"726\" src=\"https:\/\/www.youtube.com\/embed\/IIc9NpLviKE?feature=oembed\" frameborder=\"0\" allow=\"accelerometer; autoplay; clipboard-write; encrypted-media; gyroscope; picture-in-picture; web-share\" referrerpolicy=\"strict-origin-when-cross-origin\" allowfullscreen><\/iframe><\/p>\n<p>&nbsp;<\/p>\n<p>&nbsp;<\/p>\n","protected":false},"excerpt":{"rendered":"<p><strong>Ajax notranja sirena bela<\/strong>je pametna notranja naprava, ki ponuja ve\u010d kot le opozarjanje na alarme. Slu\u017ei lahko tudi kot indikator varnostnega stanja, obve\u0161\u010da o odpiranju vrat ter prikazuje zamude pri vstopu ali odhodu in po alarmu. Baterija za 5 let.<\/p>\n","protected":false},"featured_media":2579,"template":"","meta":[],"pwb-brand":[113],"product_brand":[],"product_cat":[22,35,34],"product_tag":[118],"class_list":{"0":"post-2578","1":"product","2":"type-product","3":"status-publish","4":"has-post-thumbnail","6":"pwb-brand-ajax","7":"product_cat-alarmni-sistemi","8":"product_cat-dodatna-oprema","9":"product_cat-tipkovnice-in-sirene","10":"product_tag-sirena","11":"product_shipping_class-slovenia","13":"first","14":"instock","15":"sale","16":"taxable","17":"shipping-taxable","18":"purchasable","19":"product-type-simple"},"yoast_head":"<!-- This site is optimized with the Yoast SEO plugin v27.3 - https:\/\/yoast.com\/product\/yoast-seo-wordpress\/ -->\n<title>Ajax notranja sirena za alarm-bela - Integrator<\/title>\n<meta name=\"description\" content=\"Ajax notranja sirena, zvo\u010dno opozori na alarm med aktivacijo detektorja. Raven zvoka in dol\u017eina alarma se nastavita v mobilni aplikaciji.\" \/>\n<meta name=\"robots\" content=\"index, follow, max-snippet:-1, max-image-preview:large, max-video-preview:-1\" \/>\n<link rel=\"canonical\" href=\"https:\/\/www.integrator.si\/de\/izdelek\/ajax-notranja-sirena-za-alarm-bela\/\" \/>\n<meta property=\"og:locale\" content=\"de_DE\" \/>\n<meta property=\"og:type\" content=\"article\" \/>\n<meta property=\"og:title\" content=\"Ajax notranja sirena za alarm-bela - Integrator\" \/>\n<meta property=\"og:description\" content=\"Ajax notranja sirena, zvo\u010dno opozori na alarm med aktivacijo detektorja. Raven zvoka in dol\u017eina alarma se nastavita v mobilni aplikaciji.\" \/>\n<meta property=\"og:url\" content=\"https:\/\/www.integrator.si\/de\/izdelek\/ajax-notranja-sirena-za-alarm-bela\/\" \/>\n<meta property=\"og:site_name\" content=\"Integrator\" \/>\n<meta property=\"article:modified_time\" content=\"2026-04-11T08:16:57+00:00\" \/>\n<meta property=\"og:image\" content=\"https:\/\/www.integrator.si\/wp-content\/uploads\/2025\/10\/Ajax-sirema-WH.jpg\" \/>\n\t<meta property=\"og:image:width\" content=\"800\" \/>\n\t<meta property=\"og:image:height\" content=\"800\" \/>\n\t<meta property=\"og:image:type\" content=\"image\/jpeg\" \/>\n<meta name=\"twitter:card\" content=\"summary_large_image\" \/>\n<meta name=\"twitter:label1\" content=\"Gesch\u00e4tzte Lesezeit\" \/>\n\t<meta name=\"twitter:data1\" content=\"2\u00a0Minuten\" \/>\n<script type=\"application\/ld+json\" class=\"yoast-schema-graph\">{\"@context\":\"https:\\\/\\\/schema.org\",\"@graph\":[{\"@type\":\"WebPage\",\"@id\":\"https:\\\/\\\/www.integrator.si\\\/de\\\/izdelek\\\/ajax-notranja-sirena-za-alarm-bela\\\/\",\"url\":\"https:\\\/\\\/www.integrator.si\\\/de\\\/izdelek\\\/ajax-notranja-sirena-za-alarm-bela\\\/\",\"name\":\"Ajax notranja sirena za alarm-bela - Integrator\",\"isPartOf\":{\"@id\":\"https:\\\/\\\/www.integrator.si\\\/de\\\/#website\"},\"primaryImageOfPage\":{\"@id\":\"https:\\\/\\\/www.integrator.si\\\/de\\\/izdelek\\\/ajax-notranja-sirena-za-alarm-bela\\\/#primaryimage\"},\"image\":{\"@id\":\"https:\\\/\\\/www.integrator.si\\\/de\\\/izdelek\\\/ajax-notranja-sirena-za-alarm-bela\\\/#primaryimage\"},\"thumbnailUrl\":\"https:\\\/\\\/www.integrator.si\\\/wp-content\\\/uploads\\\/2025\\\/10\\\/Ajax-sirema-WH.jpg\",\"datePublished\":\"2025-10-12T04:36:13+00:00\",\"dateModified\":\"2026-04-11T08:16:57+00:00\",\"description\":\"Ajax notranja sirena, zvo\u010dno opozori na alarm med aktivacijo detektorja. Raven zvoka in dol\u017eina alarma se nastavita v mobilni aplikaciji.\",\"breadcrumb\":{\"@id\":\"https:\\\/\\\/www.integrator.si\\\/de\\\/izdelek\\\/ajax-notranja-sirena-za-alarm-bela\\\/#breadcrumb\"},\"inLanguage\":\"de\",\"potentialAction\":[{\"@type\":\"ReadAction\",\"target\":[\"https:\\\/\\\/www.integrator.si\\\/de\\\/izdelek\\\/ajax-notranja-sirena-za-alarm-bela\\\/\"]}]},{\"@type\":\"ImageObject\",\"inLanguage\":\"de\",\"@id\":\"https:\\\/\\\/www.integrator.si\\\/de\\\/izdelek\\\/ajax-notranja-sirena-za-alarm-bela\\\/#primaryimage\",\"url\":\"https:\\\/\\\/www.integrator.si\\\/wp-content\\\/uploads\\\/2025\\\/10\\\/Ajax-sirema-WH.jpg\",\"contentUrl\":\"https:\\\/\\\/www.integrator.si\\\/wp-content\\\/uploads\\\/2025\\\/10\\\/Ajax-sirema-WH.jpg\",\"width\":800,\"height\":800,\"caption\":\"Ajax notranja sirena\"},{\"@type\":\"BreadcrumbList\",\"@id\":\"https:\\\/\\\/www.integrator.si\\\/de\\\/izdelek\\\/ajax-notranja-sirena-za-alarm-bela\\\/#breadcrumb\",\"itemListElement\":[{\"@type\":\"ListItem\",\"position\":1,\"name\":\"Home\",\"item\":\"https:\\\/\\\/www.integrator.si\\\/de\\\/\"},{\"@type\":\"ListItem\",\"position\":2,\"name\":\"Shop\",\"item\":\"https:\\\/\\\/www.integrator.si\\\/spletna-trgovina\\\/\"},{\"@type\":\"ListItem\",\"position\":3,\"name\":\"Ajax notranja sirena za alarm-bela\"}]},{\"@type\":\"WebSite\",\"@id\":\"https:\\\/\\\/www.integrator.si\\\/de\\\/#website\",\"url\":\"https:\\\/\\\/www.integrator.si\\\/de\\\/\",\"name\":\"Integrator\",\"description\":\"Distribucija tehni\u010dnega varovanja\",\"publisher\":{\"@id\":\"https:\\\/\\\/www.integrator.si\\\/de\\\/#organization\"},\"potentialAction\":[{\"@type\":\"SearchAction\",\"target\":{\"@type\":\"EntryPoint\",\"urlTemplate\":\"https:\\\/\\\/www.integrator.si\\\/de\\\/?s={search_term_string}\"},\"query-input\":{\"@type\":\"PropertyValueSpecification\",\"valueRequired\":true,\"valueName\":\"search_term_string\"}}],\"inLanguage\":\"de\"},{\"@type\":\"Organization\",\"@id\":\"https:\\\/\\\/www.integrator.si\\\/de\\\/#organization\",\"name\":\"Integrator\",\"url\":\"https:\\\/\\\/www.integrator.si\\\/de\\\/\",\"logo\":{\"@type\":\"ImageObject\",\"inLanguage\":\"de\",\"@id\":\"https:\\\/\\\/www.integrator.si\\\/de\\\/#\\\/schema\\\/logo\\\/image\\\/\",\"url\":\"https:\\\/\\\/www.integrator.si\\\/wp-content\\\/uploads\\\/2022\\\/12\\\/integrator_logo.png\",\"contentUrl\":\"https:\\\/\\\/www.integrator.si\\\/wp-content\\\/uploads\\\/2022\\\/12\\\/integrator_logo.png\",\"width\":1306,\"height\":222,\"caption\":\"Integrator\"},\"image\":{\"@id\":\"https:\\\/\\\/www.integrator.si\\\/de\\\/#\\\/schema\\\/logo\\\/image\\\/\"}}]}<\/script>\n<!-- \/ Yoast SEO plugin. -->","yoast_head_json":{"title":"Ajax notranja sirena za alarm-bela - Integrator","description":"Ajax notranja sirena, zvo\u010dno opozori na alarm med aktivacijo detektorja. Raven zvoka in dol\u017eina alarma se nastavita v mobilni aplikaciji.","robots":{"index":"index","follow":"follow","max-snippet":"max-snippet:-1","max-image-preview":"max-image-preview:large","max-video-preview":"max-video-preview:-1"},"canonical":"https:\/\/www.integrator.si\/de\/izdelek\/ajax-notranja-sirena-za-alarm-bela\/","og_locale":"de_DE","og_type":"article","og_title":"Ajax notranja sirena za alarm-bela - Integrator","og_description":"Ajax notranja sirena, zvo\u010dno opozori na alarm med aktivacijo detektorja. Raven zvoka in dol\u017eina alarma se nastavita v mobilni aplikaciji.","og_url":"https:\/\/www.integrator.si\/de\/izdelek\/ajax-notranja-sirena-za-alarm-bela\/","og_site_name":"Integrator","article_modified_time":"2026-04-11T08:16:57+00:00","og_image":[{"width":800,"height":800,"url":"https:\/\/www.integrator.si\/wp-content\/uploads\/2025\/10\/Ajax-sirema-WH.jpg","type":"image\/jpeg"}],"twitter_card":"summary_large_image","twitter_misc":{"Gesch\u00e4tzte Lesezeit":"2\u00a0Minuten"},"schema":{"@context":"https:\/\/schema.org","@graph":[{"@type":"WebPage","@id":"https:\/\/www.integrator.si\/de\/izdelek\/ajax-notranja-sirena-za-alarm-bela\/","url":"https:\/\/www.integrator.si\/de\/izdelek\/ajax-notranja-sirena-za-alarm-bela\/","name":"Ajax notranja sirena za alarm-bela - Integrator","isPartOf":{"@id":"https:\/\/www.integrator.si\/de\/#website"},"primaryImageOfPage":{"@id":"https:\/\/www.integrator.si\/de\/izdelek\/ajax-notranja-sirena-za-alarm-bela\/#primaryimage"},"image":{"@id":"https:\/\/www.integrator.si\/de\/izdelek\/ajax-notranja-sirena-za-alarm-bela\/#primaryimage"},"thumbnailUrl":"https:\/\/www.integrator.si\/wp-content\/uploads\/2025\/10\/Ajax-sirema-WH.jpg","datePublished":"2025-10-12T04:36:13+00:00","dateModified":"2026-04-11T08:16:57+00:00","description":"Ajax notranja sirena, zvo\u010dno opozori na alarm med aktivacijo detektorja. Raven zvoka in dol\u017eina alarma se nastavita v mobilni aplikaciji.","breadcrumb":{"@id":"https:\/\/www.integrator.si\/de\/izdelek\/ajax-notranja-sirena-za-alarm-bela\/#breadcrumb"},"inLanguage":"de","potentialAction":[{"@type":"ReadAction","target":["https:\/\/www.integrator.si\/de\/izdelek\/ajax-notranja-sirena-za-alarm-bela\/"]}]},{"@type":"ImageObject","inLanguage":"de","@id":"https:\/\/www.integrator.si\/de\/izdelek\/ajax-notranja-sirena-za-alarm-bela\/#primaryimage","url":"https:\/\/www.integrator.si\/wp-content\/uploads\/2025\/10\/Ajax-sirema-WH.jpg","contentUrl":"https:\/\/www.integrator.si\/wp-content\/uploads\/2025\/10\/Ajax-sirema-WH.jpg","width":800,"height":800,"caption":"Ajax notranja sirena"},{"@type":"BreadcrumbList","@id":"https:\/\/www.integrator.si\/de\/izdelek\/ajax-notranja-sirena-za-alarm-bela\/#breadcrumb","itemListElement":[{"@type":"ListItem","position":1,"name":"Home","item":"https:\/\/www.integrator.si\/de\/"},{"@type":"ListItem","position":2,"name":"Shop","item":"https:\/\/www.integrator.si\/spletna-trgovina\/"},{"@type":"ListItem","position":3,"name":"Ajax notranja sirena za alarm-bela"}]},{"@type":"WebSite","@id":"https:\/\/www.integrator.si\/de\/#website","url":"https:\/\/www.integrator.si\/de\/","name":"Integrator","description":"Distribucija tehni\u010dnega varovanja","publisher":{"@id":"https:\/\/www.integrator.si\/de\/#organization"},"potentialAction":[{"@type":"SearchAction","target":{"@type":"EntryPoint","urlTemplate":"https:\/\/www.integrator.si\/de\/?s={search_term_string}"},"query-input":{"@type":"PropertyValueSpecification","valueRequired":true,"valueName":"search_term_string"}}],"inLanguage":"de"},{"@type":"Organization","@id":"https:\/\/www.integrator.si\/de\/#organization","name":"Integrator","url":"https:\/\/www.integrator.si\/de\/","logo":{"@type":"ImageObject","inLanguage":"de","@id":"https:\/\/www.integrator.si\/de\/#\/schema\/logo\/image\/","url":"https:\/\/www.integrator.si\/wp-content\/uploads\/2022\/12\/integrator_logo.png","contentUrl":"https:\/\/www.integrator.si\/wp-content\/uploads\/2022\/12\/integrator_logo.png","width":1306,"height":222,"caption":"Integrator"},"image":{"@id":"https:\/\/www.integrator.si\/de\/#\/schema\/logo\/image\/"}}]}},"brands":[{"id":113,"name":"AJAX","slug":"ajax"}],"_links":{"self":[{"href":"https:\/\/www.integrator.si\/de\/wp-json\/wp\/v2\/product\/2578","targetHints":{"allow":["GET"]}}],"collection":[{"href":"https:\/\/www.integrator.si\/de\/wp-json\/wp\/v2\/product"}],"about":[{"href":"https:\/\/www.integrator.si\/de\/wp-json\/wp\/v2\/types\/product"}],"wp:featuredmedia":[{"embeddable":true,"href":"https:\/\/www.integrator.si\/de\/wp-json\/wp\/v2\/media\/2579"}],"wp:attachment":[{"href":"https:\/\/www.integrator.si\/de\/wp-json\/wp\/v2\/media?parent=2578"}],"wp:term":[{"taxonomy":"pwb-brand","embeddable":true,"href":"https:\/\/www.integrator.si\/de\/wp-json\/wp\/v2\/pwb-brand?post=2578"},{"taxonomy":"product_brand","embeddable":true,"href":"https:\/\/www.integrator.si\/de\/wp-json\/wp\/v2\/product_brand?post=2578"},{"taxonomy":"product_cat","embeddable":true,"href":"https:\/\/www.integrator.si\/de\/wp-json\/wp\/v2\/product_cat?post=2578"},{"taxonomy":"product_tag","embeddable":true,"href":"https:\/\/www.integrator.si\/de\/wp-json\/wp\/v2\/product_tag?post=2578"}],"curies":[{"name":"wp","href":"https:\/\/api.w.org\/{rel}","templated":true}]}}