{"id":2644,"date":"2026-04-11T12:14:58","date_gmt":"2026-04-11T10:14:58","guid":{"rendered":"https:\/\/www.integrator.si\/?post_type=product&#038;p=2644"},"modified":"2026-04-11T13:43:18","modified_gmt":"2026-04-11T11:43:18","slug":"video-domofonski-komplet-za-1-druzinsko-hiso-pl8431v","status":"publish","type":"product","link":"https:\/\/www.integrator.si\/de\/izdelek\/video-domofonski-komplet-za-1-druzinsko-hiso-pl8431v\/","title":{"rendered":"Video domofonski komplet za 1-dru\u017einsko hi\u0161o PL8431V"},"content":{"rendered":"<p><span class=\"jCAhz ChMk0b\"><span class=\"ryNqvb\"><strong>Video domofonski komplet Comelit PL8431V<\/strong>\u00a0je odli\u010dna kvaliteta izdelana v Italiji. <\/span><\/span><\/p>\n<p><span class=\"jCAhz ChMk0b\"><span class=\"ryNqvb\">Zunanja enota<strong> Quadra<\/strong> z<strong> 5&#8220; PEOPLE monitorjem<\/strong> za prostoro\u010dni pogovor. Zunanja enota <\/span><\/span><span class=\"jCAhz ChMk0b\"><span class=\"ryNqvb\">ima <strong>barvno kamero<\/strong> s \u0161irokim vidnim poljem in opremljeno z belo LED za osvetlitev za delovanje v temi.<\/span><\/span> Monitor <strong>People<\/strong> ima<span class=\"jCAhz ChMk0b\"><span class=\"ryNqvb\"> 5&#8220; pal\u010dni barvni zaslon ponuja odli\u010dno funkcionalnost v kombinaciji s sodobnim slogom.<\/span><\/span> <span class=\"jCAhz ChMk0b\"><span class=\"ryNqvb\">Monitor PEOPLE nima slu\u0161alke in ima \u0161est gumbov za upravljanje sistema (odpiranje vrat, komunikacija, dodatni vklop kamere,&#8230;).<\/span><\/span><\/p>\n<p><span class=\"jCAhz ChMk0b\"><span class=\"ryNqvb\"><strong>Funkcije gumbov<\/strong> vklju\u010dujejo odpiranje <strong>klju\u010davnice<\/strong>, <strong>priklic kamere<\/strong>, <strong>klic centrale, funkcijo zasebnosti<\/strong> (mute), kot tudi LED, ki deluje kot indikator stanja vrat.<\/span><\/span><\/p>\n<p><strong><span class=\"jCAhz ChMk0b\"><span class=\"ryNqvb\">Lastnosti:<\/span><\/span><\/strong><\/p>\n<p><span class=\"jCAhz ChMk0b\"><span class=\"ryNqvb\">Zunanja enota Quadra se lahko uporabi za eno stanovanje ali s prilo\u017eenimi tipkami spremeni za uporabo klica do 4 stanovanjskih enot. Povezava je zelo <\/span><\/span><span class=\"jCAhz ChMk0b\"><span class=\"ryNqvb\">enostavna, saj vsebuje <strong>2-\u017eilno povezovanje naprav\/monitorjev.<\/strong><\/span><\/span><\/p>\n<p><span class=\"jCAhz ChMk0b\"><span class=\"ryNqvb\"><strong>2-\u017eilni<\/strong> <strong>Video domofon<\/strong> &#8211; komplet za stanovanjske hi\u0161e<\/span><\/span><\/p>\n<p><span class=\"jCAhz ChMk0b\"><span class=\"ryNqvb\"><strong>Video domofonski komplet Comelit PL8431V <\/strong>je sestavljen iz: <\/span><\/span><\/p>\n<ul>\n<li><span class=\"jCAhz ChMk0b\"><span class=\"ryNqvb\">1x Stenske zunanje enote serije <strong>Quadra<\/strong> art.<\/span><\/span> <strong>4893M<\/strong><span class=\"jCAhz ChMk0b\"><span class=\"ryNqvb\">, <\/span><\/span><\/li>\n<li><span class=\"jCAhz ChMk0b\"><span class=\"ryNqvb\">1x napajalnik art.<\/span><\/span> <span class=\"jCAhz ChMk0b\"><span class=\"ryNqvb\">1210A, <\/span><\/span><\/li>\n<li><span class=\"jCAhz ChMk0b\"><span class=\"ryNqvb\">1x barvni monitor serije <strong>Prostoro\u010dni monitor People<\/strong>\u00a0art.<\/span><\/span> <strong>PL6731<\/strong><span class=\"jCAhz ChMk0b\"><span class=\"ryNqvb\">, <\/span><\/span><\/li>\n<li><span class=\"jCAhz ChMk0b\"><span class=\"ryNqvb\">1x razdelilni terminal art.<\/span><\/span> <span class=\"jCAhz ChMk0b\"><span class=\"ryNqvb\"><strong>1214\/2C<\/strong> in <\/span><\/span><\/li>\n<li><span class=\"jCAhz ChMk0b\"><span class=\"ryNqvb\">1x priklju\u010dek za zapiranje linije art.<\/span><\/span> <span class=\"jCAhz ChMk0b\"><span class=\"ryNqvb\"><strong>1216<\/strong>.<\/span><\/span><\/li>\n<\/ul>\n<p>&nbsp;<\/p>\n<p><strong><br \/>\nVideo navodila za nastavitve domofona:<\/strong><\/p>\n<p><iframe title=\"Comelit\u2019s People Monitor Installing Tutorial\" width=\"1290\" height=\"726\" src=\"https:\/\/www.youtube.com\/embed\/vqmRTYXNyH4?feature=oembed\" frameborder=\"0\" allow=\"accelerometer; autoplay; clipboard-write; encrypted-media; gyroscope; picture-in-picture; web-share\" referrerpolicy=\"strict-origin-when-cross-origin\" allowfullscreen><\/iframe><\/p>\n<p>&nbsp;<\/p>\n<p>&nbsp;<\/p>\n<p>&nbsp;<\/p>\n","protected":false},"excerpt":{"rendered":"<p><span class=\"jCAhz ChMk0b\"><span class=\"ryNqvb\"><strong>Video domofonski komplet Comelit PL8431V<\/strong>je odli\u010dna kvaliteta izdelana v Italiji.<\/span><\/span><\/p>\n<p><span class=\"jCAhz ChMk0b\"><span class=\"ryNqvb\">Primerno za <strong>1 do 4 stanovanjske enote<\/strong>(preprosto dodajanje monitorjev)<\/span><\/span> <span class=\"jCAhz ChMk0b\"><span class=\"ryNqvb\">Enostavna <strong>2-\u017eilna namestitev<\/strong><\/span><\/span> <span class=\"jCAhz ChMk0b\"><span class=\"ryNqvb\">4 na dotik ob\u010dutljivi gumbi za monitor<\/span><\/span><\/p>\n<p><span class=\"jCAhz ChMk0b\"><span class=\"ryNqvb\"><strong>2-\u017eilni<\/strong> <strong>Video domofon<\/strong> &#8211; komplet za stanovanjske hi\u0161e<\/span><\/span><\/p>\n<p><span class=\"jCAhz ChMk0b\"><span class=\"ryNqvb\"><strong>Comelit PL8431V<\/strong>Komplet je sestavljen iz: <\/span><\/span><\/p>\n<ul>\n<li><span class=\"jCAhz ChMk0b\"><span class=\"ryNqvb\">1x Stenske zunanje enote serije Quadra art.<\/span><\/span> <span class=\"jCAhz ChMk0b\"><span class=\"ryNqvb\">4893M, <\/span><\/span><\/li>\n<li><span class=\"jCAhz ChMk0b\"><span class=\"ryNqvb\">1x napajalnik art.<\/span><\/span> <span class=\"jCAhz ChMk0b\"><span class=\"ryNqvb\">1209, <\/span><\/span><\/li>\n<li><span class=\"jCAhz ChMk0b\"><span class=\"ryNqvb\">1x barvni monitor serije Prostoro\u010dni PEOPLE 5&#8220; monitor kat.\u0161t.:<\/span><\/span> PL6731<span class=\"jCAhz ChMk0b\"><span class=\"ryNqvb\">, <\/span><\/span><\/li>\n<li><span class=\"jCAhz ChMk0b\"><span class=\"ryNqvb\">1x razdelilni terminal art.<\/span><\/span> <span class=\"jCAhz ChMk0b\"><span class=\"ryNqvb\">1214\/2C in <\/span><\/span><\/li>\n<li><span class=\"jCAhz ChMk0b\"><span class=\"ryNqvb\">1x priklju\u010dek za zapiranje linije art.<\/span><\/span> <span class=\"jCAhz ChMk0b\"><span class=\"ryNqvb\">1216.<\/span><\/span><\/li>\n<\/ul>\n","protected":false},"featured_media":2645,"template":"","meta":[],"pwb-brand":[92],"product_brand":[],"product_cat":[23,38],"product_tag":[85,86,89,87,88],"class_list":{"0":"post-2644","1":"product","2":"type-product","3":"status-publish","4":"has-post-thumbnail","6":"pwb-brand-comelit","7":"product_cat-domofoni","8":"product_cat-kit-kompleti","9":"product_tag-comelit","10":"product_tag-domofon","11":"product_tag-komplet","12":"product_tag-quadra","13":"product_tag-video-domofon","14":"product_shipping_class-slovenia","16":"first","17":"instock","18":"sale","19":"taxable","20":"shipping-taxable","21":"purchasable","22":"product-type-simple"},"yoast_head":"<!-- This site is optimized with the Yoast SEO plugin v27.3 - https:\/\/yoast.com\/product\/yoast-seo-wordpress\/ -->\n<title>Video domofonski komplet za 1-dru\u017einsko hi\u0161o PL8431V - Integrator<\/title>\n<meta name=\"robots\" content=\"index, follow, max-snippet:-1, max-image-preview:large, max-video-preview:-1\" \/>\n<link rel=\"canonical\" href=\"https:\/\/www.integrator.si\/de\/izdelek\/video-domofonski-komplet-za-1-druzinsko-hiso-pl8431v\/\" \/>\n<meta property=\"og:locale\" content=\"de_DE\" \/>\n<meta property=\"og:type\" content=\"article\" \/>\n<meta property=\"og:title\" content=\"Video domofonski komplet za 1-dru\u017einsko hi\u0161o PL8431V - Integrator\" \/>\n<meta property=\"og:description\" content=\"Video domofonski komplet Comelit PL8431Vje odli\u010dna kvaliteta izdelana v Italiji.  Primerno za 1 do 4 stanovanjske enote(preprosto dodajanje monitorjev) Enostavna 2-\u017eilna namestitev 4 na dotik ob\u010dutljivi gumbi za monitor  2-\u017eilni Video domofon - komplet za stanovanjske hi\u0161e  Comelit PL8431VKomplet je sestavljen iz:    1x Stenske zunanje enote serije Quadra art. 4893M,   1x napajalnik art. 1209,   1x barvni monitor serije Prostoro\u010dni PEOPLE 5&#039;&#039; monitor kat.\u0161t.: PL6731,   1x razdelilni terminal art. 1214\/2C in   1x priklju\u010dek za zapiranje linije art. 1216.\" \/>\n<meta property=\"og:url\" content=\"https:\/\/www.integrator.si\/de\/izdelek\/video-domofonski-komplet-za-1-druzinsko-hiso-pl8431v\/\" \/>\n<meta property=\"og:site_name\" content=\"Integrator\" \/>\n<meta property=\"article:modified_time\" content=\"2026-04-11T11:43:18+00:00\" \/>\n<meta property=\"og:image\" content=\"https:\/\/www.integrator.si\/wp-content\/uploads\/2026\/04\/Comelit-PL8461v-Kit-Domofon-UP.png\" \/>\n\t<meta property=\"og:image:width\" content=\"800\" \/>\n\t<meta property=\"og:image:height\" content=\"800\" \/>\n\t<meta property=\"og:image:type\" content=\"image\/png\" \/>\n<meta name=\"twitter:card\" content=\"summary_large_image\" \/>\n<meta name=\"twitter:label1\" content=\"Gesch\u00e4tzte Lesezeit\" \/>\n\t<meta name=\"twitter:data1\" content=\"2\u00a0Minuten\" \/>\n<script type=\"application\/ld+json\" class=\"yoast-schema-graph\">{\"@context\":\"https:\\\/\\\/schema.org\",\"@graph\":[{\"@type\":\"WebPage\",\"@id\":\"https:\\\/\\\/www.integrator.si\\\/de\\\/izdelek\\\/video-domofonski-komplet-za-1-druzinsko-hiso-pl8431v\\\/\",\"url\":\"https:\\\/\\\/www.integrator.si\\\/de\\\/izdelek\\\/video-domofonski-komplet-za-1-druzinsko-hiso-pl8431v\\\/\",\"name\":\"Video domofonski komplet za 1-dru\u017einsko hi\u0161o PL8431V - Integrator\",\"isPartOf\":{\"@id\":\"https:\\\/\\\/www.integrator.si\\\/de\\\/#website\"},\"primaryImageOfPage\":{\"@id\":\"https:\\\/\\\/www.integrator.si\\\/de\\\/izdelek\\\/video-domofonski-komplet-za-1-druzinsko-hiso-pl8431v\\\/#primaryimage\"},\"image\":{\"@id\":\"https:\\\/\\\/www.integrator.si\\\/de\\\/izdelek\\\/video-domofonski-komplet-za-1-druzinsko-hiso-pl8431v\\\/#primaryimage\"},\"thumbnailUrl\":\"https:\\\/\\\/www.integrator.si\\\/wp-content\\\/uploads\\\/2026\\\/04\\\/Comelit-PL8461v-Kit-Domofon-UP.png\",\"datePublished\":\"2026-04-11T10:14:58+00:00\",\"dateModified\":\"2026-04-11T11:43:18+00:00\",\"breadcrumb\":{\"@id\":\"https:\\\/\\\/www.integrator.si\\\/de\\\/izdelek\\\/video-domofonski-komplet-za-1-druzinsko-hiso-pl8431v\\\/#breadcrumb\"},\"inLanguage\":\"de\",\"potentialAction\":[{\"@type\":\"ReadAction\",\"target\":[\"https:\\\/\\\/www.integrator.si\\\/de\\\/izdelek\\\/video-domofonski-komplet-za-1-druzinsko-hiso-pl8431v\\\/\"]}]},{\"@type\":\"ImageObject\",\"inLanguage\":\"de\",\"@id\":\"https:\\\/\\\/www.integrator.si\\\/de\\\/izdelek\\\/video-domofonski-komplet-za-1-druzinsko-hiso-pl8431v\\\/#primaryimage\",\"url\":\"https:\\\/\\\/www.integrator.si\\\/wp-content\\\/uploads\\\/2026\\\/04\\\/Comelit-PL8461v-Kit-Domofon-UP.png\",\"contentUrl\":\"https:\\\/\\\/www.integrator.si\\\/wp-content\\\/uploads\\\/2026\\\/04\\\/Comelit-PL8461v-Kit-Domofon-UP.png\",\"width\":800,\"height\":800,\"caption\":\"Domofon People Comelit\"},{\"@type\":\"BreadcrumbList\",\"@id\":\"https:\\\/\\\/www.integrator.si\\\/de\\\/izdelek\\\/video-domofonski-komplet-za-1-druzinsko-hiso-pl8431v\\\/#breadcrumb\",\"itemListElement\":[{\"@type\":\"ListItem\",\"position\":1,\"name\":\"Home\",\"item\":\"https:\\\/\\\/www.integrator.si\\\/de\\\/\"},{\"@type\":\"ListItem\",\"position\":2,\"name\":\"Shop\",\"item\":\"https:\\\/\\\/www.integrator.si\\\/spletna-trgovina\\\/\"},{\"@type\":\"ListItem\",\"position\":3,\"name\":\"Video domofonski komplet za 1-dru\u017einsko hi\u0161o PL8431V\"}]},{\"@type\":\"WebSite\",\"@id\":\"https:\\\/\\\/www.integrator.si\\\/de\\\/#website\",\"url\":\"https:\\\/\\\/www.integrator.si\\\/de\\\/\",\"name\":\"Integrator\",\"description\":\"Distribucija tehni\u010dnega varovanja\",\"publisher\":{\"@id\":\"https:\\\/\\\/www.integrator.si\\\/de\\\/#organization\"},\"potentialAction\":[{\"@type\":\"SearchAction\",\"target\":{\"@type\":\"EntryPoint\",\"urlTemplate\":\"https:\\\/\\\/www.integrator.si\\\/de\\\/?s={search_term_string}\"},\"query-input\":{\"@type\":\"PropertyValueSpecification\",\"valueRequired\":true,\"valueName\":\"search_term_string\"}}],\"inLanguage\":\"de\"},{\"@type\":\"Organization\",\"@id\":\"https:\\\/\\\/www.integrator.si\\\/de\\\/#organization\",\"name\":\"Integrator\",\"url\":\"https:\\\/\\\/www.integrator.si\\\/de\\\/\",\"logo\":{\"@type\":\"ImageObject\",\"inLanguage\":\"de\",\"@id\":\"https:\\\/\\\/www.integrator.si\\\/de\\\/#\\\/schema\\\/logo\\\/image\\\/\",\"url\":\"https:\\\/\\\/www.integrator.si\\\/wp-content\\\/uploads\\\/2022\\\/12\\\/integrator_logo.png\",\"contentUrl\":\"https:\\\/\\\/www.integrator.si\\\/wp-content\\\/uploads\\\/2022\\\/12\\\/integrator_logo.png\",\"width\":1306,\"height\":222,\"caption\":\"Integrator\"},\"image\":{\"@id\":\"https:\\\/\\\/www.integrator.si\\\/de\\\/#\\\/schema\\\/logo\\\/image\\\/\"}}]}<\/script>\n<!-- \/ Yoast SEO plugin. -->","yoast_head_json":{"title":"Video domofonski komplet za 1-dru\u017einsko hi\u0161o PL8431V - Integrator","robots":{"index":"index","follow":"follow","max-snippet":"max-snippet:-1","max-image-preview":"max-image-preview:large","max-video-preview":"max-video-preview:-1"},"canonical":"https:\/\/www.integrator.si\/de\/izdelek\/video-domofonski-komplet-za-1-druzinsko-hiso-pl8431v\/","og_locale":"de_DE","og_type":"article","og_title":"Video domofonski komplet za 1-dru\u017einsko hi\u0161o PL8431V - Integrator","og_description":"Video domofonski komplet Comelit PL8431Vje odli\u010dna kvaliteta izdelana v Italiji.  Primerno za 1 do 4 stanovanjske enote(preprosto dodajanje monitorjev) Enostavna 2-\u017eilna namestitev 4 na dotik ob\u010dutljivi gumbi za monitor  2-\u017eilni Video domofon - komplet za stanovanjske hi\u0161e  Comelit PL8431VKomplet je sestavljen iz:    1x Stenske zunanje enote serije Quadra art. 4893M,   1x napajalnik art. 1209,   1x barvni monitor serije Prostoro\u010dni PEOPLE 5'' monitor kat.\u0161t.: PL6731,   1x razdelilni terminal art. 1214\/2C in   1x priklju\u010dek za zapiranje linije art. 1216.","og_url":"https:\/\/www.integrator.si\/de\/izdelek\/video-domofonski-komplet-za-1-druzinsko-hiso-pl8431v\/","og_site_name":"Integrator","article_modified_time":"2026-04-11T11:43:18+00:00","og_image":[{"width":800,"height":800,"url":"https:\/\/www.integrator.si\/wp-content\/uploads\/2026\/04\/Comelit-PL8461v-Kit-Domofon-UP.png","type":"image\/png"}],"twitter_card":"summary_large_image","twitter_misc":{"Gesch\u00e4tzte Lesezeit":"2\u00a0Minuten"},"schema":{"@context":"https:\/\/schema.org","@graph":[{"@type":"WebPage","@id":"https:\/\/www.integrator.si\/de\/izdelek\/video-domofonski-komplet-za-1-druzinsko-hiso-pl8431v\/","url":"https:\/\/www.integrator.si\/de\/izdelek\/video-domofonski-komplet-za-1-druzinsko-hiso-pl8431v\/","name":"Video domofonski komplet za 1-dru\u017einsko hi\u0161o PL8431V - Integrator","isPartOf":{"@id":"https:\/\/www.integrator.si\/de\/#website"},"primaryImageOfPage":{"@id":"https:\/\/www.integrator.si\/de\/izdelek\/video-domofonski-komplet-za-1-druzinsko-hiso-pl8431v\/#primaryimage"},"image":{"@id":"https:\/\/www.integrator.si\/de\/izdelek\/video-domofonski-komplet-za-1-druzinsko-hiso-pl8431v\/#primaryimage"},"thumbnailUrl":"https:\/\/www.integrator.si\/wp-content\/uploads\/2026\/04\/Comelit-PL8461v-Kit-Domofon-UP.png","datePublished":"2026-04-11T10:14:58+00:00","dateModified":"2026-04-11T11:43:18+00:00","breadcrumb":{"@id":"https:\/\/www.integrator.si\/de\/izdelek\/video-domofonski-komplet-za-1-druzinsko-hiso-pl8431v\/#breadcrumb"},"inLanguage":"de","potentialAction":[{"@type":"ReadAction","target":["https:\/\/www.integrator.si\/de\/izdelek\/video-domofonski-komplet-za-1-druzinsko-hiso-pl8431v\/"]}]},{"@type":"ImageObject","inLanguage":"de","@id":"https:\/\/www.integrator.si\/de\/izdelek\/video-domofonski-komplet-za-1-druzinsko-hiso-pl8431v\/#primaryimage","url":"https:\/\/www.integrator.si\/wp-content\/uploads\/2026\/04\/Comelit-PL8461v-Kit-Domofon-UP.png","contentUrl":"https:\/\/www.integrator.si\/wp-content\/uploads\/2026\/04\/Comelit-PL8461v-Kit-Domofon-UP.png","width":800,"height":800,"caption":"Domofon People Comelit"},{"@type":"BreadcrumbList","@id":"https:\/\/www.integrator.si\/de\/izdelek\/video-domofonski-komplet-za-1-druzinsko-hiso-pl8431v\/#breadcrumb","itemListElement":[{"@type":"ListItem","position":1,"name":"Home","item":"https:\/\/www.integrator.si\/de\/"},{"@type":"ListItem","position":2,"name":"Shop","item":"https:\/\/www.integrator.si\/spletna-trgovina\/"},{"@type":"ListItem","position":3,"name":"Video domofonski komplet za 1-dru\u017einsko hi\u0161o PL8431V"}]},{"@type":"WebSite","@id":"https:\/\/www.integrator.si\/de\/#website","url":"https:\/\/www.integrator.si\/de\/","name":"Integrator","description":"Distribucija tehni\u010dnega varovanja","publisher":{"@id":"https:\/\/www.integrator.si\/de\/#organization"},"potentialAction":[{"@type":"SearchAction","target":{"@type":"EntryPoint","urlTemplate":"https:\/\/www.integrator.si\/de\/?s={search_term_string}"},"query-input":{"@type":"PropertyValueSpecification","valueRequired":true,"valueName":"search_term_string"}}],"inLanguage":"de"},{"@type":"Organization","@id":"https:\/\/www.integrator.si\/de\/#organization","name":"Integrator","url":"https:\/\/www.integrator.si\/de\/","logo":{"@type":"ImageObject","inLanguage":"de","@id":"https:\/\/www.integrator.si\/de\/#\/schema\/logo\/image\/","url":"https:\/\/www.integrator.si\/wp-content\/uploads\/2022\/12\/integrator_logo.png","contentUrl":"https:\/\/www.integrator.si\/wp-content\/uploads\/2022\/12\/integrator_logo.png","width":1306,"height":222,"caption":"Integrator"},"image":{"@id":"https:\/\/www.integrator.si\/de\/#\/schema\/logo\/image\/"}}]}},"brands":[{"id":92,"name":"Comelit","slug":"comelit"}],"_links":{"self":[{"href":"https:\/\/www.integrator.si\/de\/wp-json\/wp\/v2\/product\/2644","targetHints":{"allow":["GET"]}}],"collection":[{"href":"https:\/\/www.integrator.si\/de\/wp-json\/wp\/v2\/product"}],"about":[{"href":"https:\/\/www.integrator.si\/de\/wp-json\/wp\/v2\/types\/product"}],"wp:featuredmedia":[{"embeddable":true,"href":"https:\/\/www.integrator.si\/de\/wp-json\/wp\/v2\/media\/2645"}],"wp:attachment":[{"href":"https:\/\/www.integrator.si\/de\/wp-json\/wp\/v2\/media?parent=2644"}],"wp:term":[{"taxonomy":"pwb-brand","embeddable":true,"href":"https:\/\/www.integrator.si\/de\/wp-json\/wp\/v2\/pwb-brand?post=2644"},{"taxonomy":"product_brand","embeddable":true,"href":"https:\/\/www.integrator.si\/de\/wp-json\/wp\/v2\/product_brand?post=2644"},{"taxonomy":"product_cat","embeddable":true,"href":"https:\/\/www.integrator.si\/de\/wp-json\/wp\/v2\/product_cat?post=2644"},{"taxonomy":"product_tag","embeddable":true,"href":"https:\/\/www.integrator.si\/de\/wp-json\/wp\/v2\/product_tag?post=2644"}],"curies":[{"name":"wp","href":"https:\/\/api.w.org\/{rel}","templated":true}]}}