{"id":783,"date":"2022-12-28T23:26:48","date_gmt":"2022-12-28T22:26:48","guid":{"rendered":"https:\/\/www.integrator.si\/?post_type=product&#038;p=783"},"modified":"2026-04-11T10:16:57","modified_gmt":"2026-04-11T08:16:57","slug":"ajax-hub2-centrala-za-alarmni-sistem","status":"publish","type":"product","link":"https:\/\/www.integrator.si\/de\/izdelek\/ajax-hub2-centrala-za-alarmni-sistem\/","title":{"rendered":"AJAX HUB2, Centrala za alarmni sistem"},"content":{"rendered":"<p><strong>Ajax HUB2<\/strong> zbira informacije o delovanju sistema (<strong>senzorji, tipkovnica, sirena<\/strong>,\u2026) v \u0161ifrirani obliki, analizira podatke in v primeru alarma obvesti lastnika sistema in\/ali Varnostno Nadzorni Center v samo milisekundah.<\/p>\n<p><strong>Uporaba:<\/strong> Za dom in stanovanje, Za pisarno, Za trgovino, poslovne objekte,\u2026<\/p>\n<p><strong>Ajax HUB2<\/strong> za po\u0161iljanje alarmov na VNC in lastniku sistema uporablja komunikacijo preko <strong>Wi-Fi, Ethernet, in GSM<\/strong>. Prav tako sistem po\u0161lje obvestilo v primeru izgube elektri\u010dne energije in deluje do 15 ur z rezervno baterijo, ki jo ima vgrajeno. Preverjanje senzorjev poteka vsaj vsakih 12 sekund.<\/p>\n<p>Centralna enota <strong>Ajax HUB2<\/strong> brez\u017ei\u010dnega protivlomnega sistema z integriranim <strong>LAN<\/strong> in Dual-<strong>SIM GSM\/GPRS<\/strong> 2G komunikatorjem, omogo\u010da dodajanje in delovanje do <strong>100 brez\u017ei\u010dnih elementov, 9 skupin (particij)<\/strong> <strong>najve\u010d 50 uporabnikov<\/strong>, <strong>50 kod<\/strong>. <strong>Vgrajena back-up baterija.<\/strong><\/p>\n<p><strong>Ajax HUB2<\/strong> podpira video verifikacijo z uporabo <strong>MotionCamera<\/strong> detektorjev.<\/p>\n<p><strong>Lastnosti:<\/strong><\/p>\n<p>Naprava uporablja Jeweller radijsko tehnologijo za nadzor senzorjev ter zagotavlja hiter odziv na nevarnost. Naprava je za\u0161\u010ditena pred virusi na ravni programske opreme.<\/p>\n<p>Sinhronizirano delovanje vseh komunikacijskih kanalov.<\/p>\n<p>Neposredna povezava s Centralno Varnostnim Centrom (VNC).<\/p>\n<p><strong>Alarmiranje:<\/strong> Alarmi prek klicev, SMS-ov in potisnih obvestil (PUSH notification).<\/p>\n<p><iframe title=\"PD 6662:2017 | How to set up intrusion alarm confirmation in the Ajax security system\" width=\"1290\" height=\"726\" src=\"https:\/\/www.youtube.com\/embed\/IIc9NpLviKE?feature=oembed\" frameborder=\"0\" allow=\"accelerometer; autoplay; clipboard-write; encrypted-media; gyroscope; picture-in-picture; web-share\" referrerpolicy=\"strict-origin-when-cross-origin\" allowfullscreen><\/iframe><\/p>\n<p>&nbsp;<\/p>\n<p>&nbsp;<\/p>\n","protected":false},"excerpt":{"rendered":"<p><strong>AJAX HUB2, Centrala za alarmni sistem<\/strong><\/p>\n<p><strong>Pametna centrala za alarmni sistem<\/strong> \u2013 <strong>Ajax Hub<\/strong>, je pamet varnostnega sistema <strong>Ajax<\/strong>. Naprava nadzira delovanje vseh <strong>Ajax<\/strong> <strong>senzorjev<\/strong> in takoj <strong>po\u0161lje alarmni signal lastniku<\/strong> in <strong>Varnostno Nadzornemu Centru (VNC)<\/strong>.<\/p>\n","protected":false},"featured_media":265,"template":"","meta":[],"pwb-brand":[113],"product_brand":[],"product_cat":[22,32],"product_tag":[114,61],"class_list":{"0":"post-783","1":"product","2":"type-product","3":"status-publish","4":"has-post-thumbnail","6":"pwb-brand-ajax","7":"product_cat-alarmni-sistemi","8":"product_cat-centrale","9":"product_tag-ajax","10":"product_tag-centrala","12":"first","13":"instock","14":"sale","15":"taxable","16":"shipping-taxable","17":"purchasable","18":"product-type-simple"},"yoast_head":"<!-- This site is optimized with the Yoast SEO plugin v27.3 - https:\/\/yoast.com\/product\/yoast-seo-wordpress\/ -->\n<title>AJAX HUB2, Centrala za alarmni sistem - Integrator<\/title>\n<meta name=\"description\" content=\"Ajax HUB2 centrala za brez\u017ei\u010dni alarmni sistem AJAX. Aplikacija preko telefona v Slovenskem jeziku. Svetovno priznani brez\u017ei\u010dni\u010dni alarmni sistem.\" \/>\n<meta name=\"robots\" content=\"index, follow, max-snippet:-1, max-image-preview:large, max-video-preview:-1\" \/>\n<link rel=\"canonical\" href=\"https:\/\/www.integrator.si\/de\/izdelek\/ajax-hub2-centrala-za-alarmni-sistem\/\" \/>\n<meta property=\"og:locale\" content=\"de_DE\" \/>\n<meta property=\"og:type\" content=\"article\" \/>\n<meta property=\"og:title\" content=\"AJAX HUB2, Centrala za alarmni sistem - Integrator\" \/>\n<meta property=\"og:description\" content=\"Ajax HUB2 centrala za brez\u017ei\u010dni alarmni sistem AJAX. Aplikacija preko telefona v Slovenskem jeziku. Svetovno priznani brez\u017ei\u010dni\u010dni alarmni sistem.\" \/>\n<meta property=\"og:url\" content=\"https:\/\/www.integrator.si\/de\/izdelek\/ajax-hub2-centrala-za-alarmni-sistem\/\" \/>\n<meta property=\"og:site_name\" content=\"Integrator\" \/>\n<meta property=\"article:modified_time\" content=\"2026-04-11T08:16:57+00:00\" \/>\n<meta property=\"og:image\" content=\"https:\/\/www.integrator.si\/wp-content\/uploads\/2022\/12\/ajax-hub-UPGROUP.jpg\" \/>\n\t<meta property=\"og:image:width\" content=\"700\" \/>\n\t<meta property=\"og:image:height\" content=\"500\" \/>\n\t<meta property=\"og:image:type\" content=\"image\/jpeg\" \/>\n<meta name=\"twitter:card\" content=\"summary_large_image\" \/>\n<meta name=\"twitter:label1\" content=\"Gesch\u00e4tzte Lesezeit\" \/>\n\t<meta name=\"twitter:data1\" content=\"2\u00a0Minuten\" \/>\n<script type=\"application\/ld+json\" class=\"yoast-schema-graph\">{\"@context\":\"https:\\\/\\\/schema.org\",\"@graph\":[{\"@type\":\"WebPage\",\"@id\":\"https:\\\/\\\/www.integrator.si\\\/de\\\/izdelek\\\/ajax-hub2-centrala-za-alarmni-sistem\\\/\",\"url\":\"https:\\\/\\\/www.integrator.si\\\/de\\\/izdelek\\\/ajax-hub2-centrala-za-alarmni-sistem\\\/\",\"name\":\"AJAX HUB2, Centrala za alarmni sistem - Integrator\",\"isPartOf\":{\"@id\":\"https:\\\/\\\/www.integrator.si\\\/de\\\/#website\"},\"primaryImageOfPage\":{\"@id\":\"https:\\\/\\\/www.integrator.si\\\/de\\\/izdelek\\\/ajax-hub2-centrala-za-alarmni-sistem\\\/#primaryimage\"},\"image\":{\"@id\":\"https:\\\/\\\/www.integrator.si\\\/de\\\/izdelek\\\/ajax-hub2-centrala-za-alarmni-sistem\\\/#primaryimage\"},\"thumbnailUrl\":\"https:\\\/\\\/www.integrator.si\\\/wp-content\\\/uploads\\\/2022\\\/12\\\/ajax-hub-UPGROUP.jpg\",\"datePublished\":\"2022-12-28T22:26:48+00:00\",\"dateModified\":\"2026-04-11T08:16:57+00:00\",\"description\":\"Ajax HUB2 centrala za brez\u017ei\u010dni alarmni sistem AJAX. Aplikacija preko telefona v Slovenskem jeziku. Svetovno priznani brez\u017ei\u010dni\u010dni alarmni sistem.\",\"breadcrumb\":{\"@id\":\"https:\\\/\\\/www.integrator.si\\\/de\\\/izdelek\\\/ajax-hub2-centrala-za-alarmni-sistem\\\/#breadcrumb\"},\"inLanguage\":\"de\",\"potentialAction\":[{\"@type\":\"ReadAction\",\"target\":[\"https:\\\/\\\/www.integrator.si\\\/de\\\/izdelek\\\/ajax-hub2-centrala-za-alarmni-sistem\\\/\"]}]},{\"@type\":\"ImageObject\",\"inLanguage\":\"de\",\"@id\":\"https:\\\/\\\/www.integrator.si\\\/de\\\/izdelek\\\/ajax-hub2-centrala-za-alarmni-sistem\\\/#primaryimage\",\"url\":\"https:\\\/\\\/www.integrator.si\\\/wp-content\\\/uploads\\\/2022\\\/12\\\/ajax-hub-UPGROUP.jpg\",\"contentUrl\":\"https:\\\/\\\/www.integrator.si\\\/wp-content\\\/uploads\\\/2022\\\/12\\\/ajax-hub-UPGROUP.jpg\",\"width\":700,\"height\":500,\"caption\":\"alarmni sistemi\"},{\"@type\":\"BreadcrumbList\",\"@id\":\"https:\\\/\\\/www.integrator.si\\\/de\\\/izdelek\\\/ajax-hub2-centrala-za-alarmni-sistem\\\/#breadcrumb\",\"itemListElement\":[{\"@type\":\"ListItem\",\"position\":1,\"name\":\"Home\",\"item\":\"https:\\\/\\\/www.integrator.si\\\/de\\\/\"},{\"@type\":\"ListItem\",\"position\":2,\"name\":\"Shop\",\"item\":\"https:\\\/\\\/www.integrator.si\\\/spletna-trgovina\\\/\"},{\"@type\":\"ListItem\",\"position\":3,\"name\":\"AJAX HUB2, Centrala za alarmni sistem\"}]},{\"@type\":\"WebSite\",\"@id\":\"https:\\\/\\\/www.integrator.si\\\/de\\\/#website\",\"url\":\"https:\\\/\\\/www.integrator.si\\\/de\\\/\",\"name\":\"Integrator\",\"description\":\"Distribucija tehni\u010dnega varovanja\",\"publisher\":{\"@id\":\"https:\\\/\\\/www.integrator.si\\\/de\\\/#organization\"},\"potentialAction\":[{\"@type\":\"SearchAction\",\"target\":{\"@type\":\"EntryPoint\",\"urlTemplate\":\"https:\\\/\\\/www.integrator.si\\\/de\\\/?s={search_term_string}\"},\"query-input\":{\"@type\":\"PropertyValueSpecification\",\"valueRequired\":true,\"valueName\":\"search_term_string\"}}],\"inLanguage\":\"de\"},{\"@type\":\"Organization\",\"@id\":\"https:\\\/\\\/www.integrator.si\\\/de\\\/#organization\",\"name\":\"Integrator\",\"url\":\"https:\\\/\\\/www.integrator.si\\\/de\\\/\",\"logo\":{\"@type\":\"ImageObject\",\"inLanguage\":\"de\",\"@id\":\"https:\\\/\\\/www.integrator.si\\\/de\\\/#\\\/schema\\\/logo\\\/image\\\/\",\"url\":\"https:\\\/\\\/www.integrator.si\\\/wp-content\\\/uploads\\\/2022\\\/12\\\/integrator_logo.png\",\"contentUrl\":\"https:\\\/\\\/www.integrator.si\\\/wp-content\\\/uploads\\\/2022\\\/12\\\/integrator_logo.png\",\"width\":1306,\"height\":222,\"caption\":\"Integrator\"},\"image\":{\"@id\":\"https:\\\/\\\/www.integrator.si\\\/de\\\/#\\\/schema\\\/logo\\\/image\\\/\"}}]}<\/script>\n<!-- \/ Yoast SEO plugin. -->","yoast_head_json":{"title":"AJAX HUB2, Centrala za alarmni sistem - Integrator","description":"Ajax HUB2 centrala za brez\u017ei\u010dni alarmni sistem AJAX. Aplikacija preko telefona v Slovenskem jeziku. Svetovno priznani brez\u017ei\u010dni\u010dni alarmni sistem.","robots":{"index":"index","follow":"follow","max-snippet":"max-snippet:-1","max-image-preview":"max-image-preview:large","max-video-preview":"max-video-preview:-1"},"canonical":"https:\/\/www.integrator.si\/de\/izdelek\/ajax-hub2-centrala-za-alarmni-sistem\/","og_locale":"de_DE","og_type":"article","og_title":"AJAX HUB2, Centrala za alarmni sistem - Integrator","og_description":"Ajax HUB2 centrala za brez\u017ei\u010dni alarmni sistem AJAX. Aplikacija preko telefona v Slovenskem jeziku. Svetovno priznani brez\u017ei\u010dni\u010dni alarmni sistem.","og_url":"https:\/\/www.integrator.si\/de\/izdelek\/ajax-hub2-centrala-za-alarmni-sistem\/","og_site_name":"Integrator","article_modified_time":"2026-04-11T08:16:57+00:00","og_image":[{"width":700,"height":500,"url":"https:\/\/www.integrator.si\/wp-content\/uploads\/2022\/12\/ajax-hub-UPGROUP.jpg","type":"image\/jpeg"}],"twitter_card":"summary_large_image","twitter_misc":{"Gesch\u00e4tzte Lesezeit":"2\u00a0Minuten"},"schema":{"@context":"https:\/\/schema.org","@graph":[{"@type":"WebPage","@id":"https:\/\/www.integrator.si\/de\/izdelek\/ajax-hub2-centrala-za-alarmni-sistem\/","url":"https:\/\/www.integrator.si\/de\/izdelek\/ajax-hub2-centrala-za-alarmni-sistem\/","name":"AJAX HUB2, Centrala za alarmni sistem - Integrator","isPartOf":{"@id":"https:\/\/www.integrator.si\/de\/#website"},"primaryImageOfPage":{"@id":"https:\/\/www.integrator.si\/de\/izdelek\/ajax-hub2-centrala-za-alarmni-sistem\/#primaryimage"},"image":{"@id":"https:\/\/www.integrator.si\/de\/izdelek\/ajax-hub2-centrala-za-alarmni-sistem\/#primaryimage"},"thumbnailUrl":"https:\/\/www.integrator.si\/wp-content\/uploads\/2022\/12\/ajax-hub-UPGROUP.jpg","datePublished":"2022-12-28T22:26:48+00:00","dateModified":"2026-04-11T08:16:57+00:00","description":"Ajax HUB2 centrala za brez\u017ei\u010dni alarmni sistem AJAX. Aplikacija preko telefona v Slovenskem jeziku. Svetovno priznani brez\u017ei\u010dni\u010dni alarmni sistem.","breadcrumb":{"@id":"https:\/\/www.integrator.si\/de\/izdelek\/ajax-hub2-centrala-za-alarmni-sistem\/#breadcrumb"},"inLanguage":"de","potentialAction":[{"@type":"ReadAction","target":["https:\/\/www.integrator.si\/de\/izdelek\/ajax-hub2-centrala-za-alarmni-sistem\/"]}]},{"@type":"ImageObject","inLanguage":"de","@id":"https:\/\/www.integrator.si\/de\/izdelek\/ajax-hub2-centrala-za-alarmni-sistem\/#primaryimage","url":"https:\/\/www.integrator.si\/wp-content\/uploads\/2022\/12\/ajax-hub-UPGROUP.jpg","contentUrl":"https:\/\/www.integrator.si\/wp-content\/uploads\/2022\/12\/ajax-hub-UPGROUP.jpg","width":700,"height":500,"caption":"alarmni sistemi"},{"@type":"BreadcrumbList","@id":"https:\/\/www.integrator.si\/de\/izdelek\/ajax-hub2-centrala-za-alarmni-sistem\/#breadcrumb","itemListElement":[{"@type":"ListItem","position":1,"name":"Home","item":"https:\/\/www.integrator.si\/de\/"},{"@type":"ListItem","position":2,"name":"Shop","item":"https:\/\/www.integrator.si\/spletna-trgovina\/"},{"@type":"ListItem","position":3,"name":"AJAX HUB2, Centrala za alarmni sistem"}]},{"@type":"WebSite","@id":"https:\/\/www.integrator.si\/de\/#website","url":"https:\/\/www.integrator.si\/de\/","name":"Integrator","description":"Distribucija tehni\u010dnega varovanja","publisher":{"@id":"https:\/\/www.integrator.si\/de\/#organization"},"potentialAction":[{"@type":"SearchAction","target":{"@type":"EntryPoint","urlTemplate":"https:\/\/www.integrator.si\/de\/?s={search_term_string}"},"query-input":{"@type":"PropertyValueSpecification","valueRequired":true,"valueName":"search_term_string"}}],"inLanguage":"de"},{"@type":"Organization","@id":"https:\/\/www.integrator.si\/de\/#organization","name":"Integrator","url":"https:\/\/www.integrator.si\/de\/","logo":{"@type":"ImageObject","inLanguage":"de","@id":"https:\/\/www.integrator.si\/de\/#\/schema\/logo\/image\/","url":"https:\/\/www.integrator.si\/wp-content\/uploads\/2022\/12\/integrator_logo.png","contentUrl":"https:\/\/www.integrator.si\/wp-content\/uploads\/2022\/12\/integrator_logo.png","width":1306,"height":222,"caption":"Integrator"},"image":{"@id":"https:\/\/www.integrator.si\/de\/#\/schema\/logo\/image\/"}}]}},"brands":[{"id":113,"name":"AJAX","slug":"ajax"}],"_links":{"self":[{"href":"https:\/\/www.integrator.si\/de\/wp-json\/wp\/v2\/product\/783","targetHints":{"allow":["GET"]}}],"collection":[{"href":"https:\/\/www.integrator.si\/de\/wp-json\/wp\/v2\/product"}],"about":[{"href":"https:\/\/www.integrator.si\/de\/wp-json\/wp\/v2\/types\/product"}],"wp:featuredmedia":[{"embeddable":true,"href":"https:\/\/www.integrator.si\/de\/wp-json\/wp\/v2\/media\/265"}],"wp:attachment":[{"href":"https:\/\/www.integrator.si\/de\/wp-json\/wp\/v2\/media?parent=783"}],"wp:term":[{"taxonomy":"pwb-brand","embeddable":true,"href":"https:\/\/www.integrator.si\/de\/wp-json\/wp\/v2\/pwb-brand?post=783"},{"taxonomy":"product_brand","embeddable":true,"href":"https:\/\/www.integrator.si\/de\/wp-json\/wp\/v2\/product_brand?post=783"},{"taxonomy":"product_cat","embeddable":true,"href":"https:\/\/www.integrator.si\/de\/wp-json\/wp\/v2\/product_cat?post=783"},{"taxonomy":"product_tag","embeddable":true,"href":"https:\/\/www.integrator.si\/de\/wp-json\/wp\/v2\/product_tag?post=783"}],"curies":[{"name":"wp","href":"https:\/\/api.w.org\/{rel}","templated":true}]}}