{"id":788,"date":"2022-12-28T23:55:38","date_gmt":"2022-12-28T22:55:38","guid":{"rendered":"https:\/\/www.integrator.si\/?post_type=product&#038;p=788"},"modified":"2026-04-11T10:16:57","modified_gmt":"2026-04-11T08:16:57","slug":"ajax-motionprotect-senzor-gibanja-za-alarm-bel","status":"publish","type":"product","link":"https:\/\/www.integrator.si\/de\/izdelek\/ajax-motionprotect-senzor-gibanja-za-alarm-bel\/","title":{"rendered":"AJAX MotionProtect, senzor gibanja za alarm, bel"},"content":{"rendered":"<p><strong>AJAX MotionProtect<\/strong> je senzor gibanja za alarmni sistem Ajax. Senzor je brez\u017ei\u010dni PIR detektor gibanja, ki ima <strong>domet do 12m pri 85\u00b0<\/strong>, <strong>neob\u010dutljiv na hi\u0161ne ljubljen\u010dke do 20 kg<\/strong> in <strong>vi\u0161ine do 50cm<\/strong>. Bele barve ali \u010drne barve.<\/p>\n<p><strong>Garancija 2 leti<\/strong> razen na vgrajene baterije.<\/p>\n<p><strong>Uporaba:<\/strong> Za dom in stanovanje, Za pisarno, Za trgovino, poslovne objekte,\u2026<\/p>\n<p><strong>AJAX MotionProtect, <\/strong>brez\u017ei\u010dni PIR senzor gibanja je osnovni senzor gibanja, ki v primeru da zazna gibanje spro\u017ei alarm tako, da lastnika obvesti o znakih vdora v dom ali pisarno. Senzor je lahko pritrjen na steno pred vrati, v prostorih kjer so okna ali balkonska vrata in na drugih mestih, kjer lahko pride do vdora. Lastnosti:<\/p>\n<p>Reakcija na spremembo varnostnega na\u010dina<br \/>\nOdkrivanje motenj in \u0161ifriranje komunikacijskih kanalov<br \/>\nOpozorilni alarm<\/p>\n<p>&nbsp;<\/p>\n<p><iframe title=\"PD 6662:2017 | How to set up intrusion alarm confirmation in the Ajax security system\" width=\"1290\" height=\"726\" src=\"https:\/\/www.youtube.com\/embed\/IIc9NpLviKE?feature=oembed\" frameborder=\"0\" allow=\"accelerometer; autoplay; clipboard-write; encrypted-media; gyroscope; picture-in-picture; web-share\" referrerpolicy=\"strict-origin-when-cross-origin\" allowfullscreen><\/iframe><\/p>\n<p>&nbsp;<\/p>\n<p>&nbsp;<\/p>\n","protected":false},"excerpt":{"rendered":"<p><strong>Ajax MotionProtect &#8211;<\/strong> <strong>Brez\u017ei\u010dni PIR senzor gibanja<\/strong> je osnovni senzor gibanja, ki v primeru da zazna gibanje spro\u017ei alarm tako, da lastnika obvesti o znakih vdora v dom ali pisarno. Senzor je lahko pritrjen na steno nad vrati, v prostorih kjer so okna ali balkonska vrata in na drugih mestih, kjer lahko pride do vdora.<\/p>\n","protected":false},"featured_media":2550,"template":"","meta":[],"pwb-brand":[113],"product_brand":[],"product_cat":[22,33],"product_tag":[63,62],"class_list":{"0":"post-788","1":"product","2":"type-product","3":"status-publish","4":"has-post-thumbnail","6":"pwb-brand-ajax","7":"product_cat-alarmni-sistemi","8":"product_cat-senzorji","9":"product_tag-pir","10":"product_tag-senzor","12":"first","13":"instock","14":"sale","15":"taxable","16":"shipping-taxable","17":"purchasable","18":"product-type-simple"},"yoast_head":"<!-- This site is optimized with the Yoast SEO plugin v27.3 - https:\/\/yoast.com\/product\/yoast-seo-wordpress\/ -->\n<title>AJAX MotionProtect, senzor gibanja za alarm, bel - Integrator<\/title>\n<meta name=\"description\" content=\"AJAX MotionProtect. Senzor je brez\u017ei\u010dni PIR detektor gibanja, domet do 12m pri 85\u00b0, neob\u010dutljiv na hi\u0161ne ljubljen\u010dke do 20 kg in vi\u0161ine do 50cm.\" \/>\n<meta name=\"robots\" content=\"index, follow, max-snippet:-1, max-image-preview:large, max-video-preview:-1\" \/>\n<link rel=\"canonical\" href=\"https:\/\/www.integrator.si\/de\/izdelek\/ajax-motionprotect-senzor-gibanja-za-alarm-bel\/\" \/>\n<meta property=\"og:locale\" content=\"de_DE\" \/>\n<meta property=\"og:type\" content=\"article\" \/>\n<meta property=\"og:title\" content=\"AJAX MotionProtect, senzor gibanja za alarm, bel - Integrator\" \/>\n<meta property=\"og:description\" content=\"AJAX MotionProtect. Senzor je brez\u017ei\u010dni PIR detektor gibanja, domet do 12m pri 85\u00b0, neob\u010dutljiv na hi\u0161ne ljubljen\u010dke do 20 kg in vi\u0161ine do 50cm.\" \/>\n<meta property=\"og:url\" content=\"https:\/\/www.integrator.si\/de\/izdelek\/ajax-motionprotect-senzor-gibanja-za-alarm-bel\/\" \/>\n<meta property=\"og:site_name\" content=\"Integrator\" \/>\n<meta property=\"article:modified_time\" content=\"2026-04-11T08:16:57+00:00\" \/>\n<meta property=\"og:image\" content=\"https:\/\/www.integrator.si\/wp-content\/uploads\/2022\/12\/AJAX-MotionProtect-WH.jpg\" \/>\n\t<meta property=\"og:image:width\" content=\"800\" \/>\n\t<meta property=\"og:image:height\" content=\"800\" \/>\n\t<meta property=\"og:image:type\" content=\"image\/jpeg\" \/>\n<meta name=\"twitter:card\" content=\"summary_large_image\" \/>\n<meta name=\"twitter:label1\" content=\"Gesch\u00e4tzte Lesezeit\" \/>\n\t<meta name=\"twitter:data1\" content=\"1\u00a0Minute\" \/>\n<script type=\"application\/ld+json\" class=\"yoast-schema-graph\">{\"@context\":\"https:\\\/\\\/schema.org\",\"@graph\":[{\"@type\":\"WebPage\",\"@id\":\"https:\\\/\\\/www.integrator.si\\\/de\\\/izdelek\\\/ajax-motionprotect-senzor-gibanja-za-alarm-bel\\\/\",\"url\":\"https:\\\/\\\/www.integrator.si\\\/de\\\/izdelek\\\/ajax-motionprotect-senzor-gibanja-za-alarm-bel\\\/\",\"name\":\"AJAX MotionProtect, senzor gibanja za alarm, bel - Integrator\",\"isPartOf\":{\"@id\":\"https:\\\/\\\/www.integrator.si\\\/de\\\/#website\"},\"primaryImageOfPage\":{\"@id\":\"https:\\\/\\\/www.integrator.si\\\/de\\\/izdelek\\\/ajax-motionprotect-senzor-gibanja-za-alarm-bel\\\/#primaryimage\"},\"image\":{\"@id\":\"https:\\\/\\\/www.integrator.si\\\/de\\\/izdelek\\\/ajax-motionprotect-senzor-gibanja-za-alarm-bel\\\/#primaryimage\"},\"thumbnailUrl\":\"https:\\\/\\\/www.integrator.si\\\/wp-content\\\/uploads\\\/2022\\\/12\\\/AJAX-MotionProtect-WH.jpg\",\"datePublished\":\"2022-12-28T22:55:38+00:00\",\"dateModified\":\"2026-04-11T08:16:57+00:00\",\"description\":\"AJAX MotionProtect. Senzor je brez\u017ei\u010dni PIR detektor gibanja, domet do 12m pri 85\u00b0, neob\u010dutljiv na hi\u0161ne ljubljen\u010dke do 20 kg in vi\u0161ine do 50cm.\",\"breadcrumb\":{\"@id\":\"https:\\\/\\\/www.integrator.si\\\/de\\\/izdelek\\\/ajax-motionprotect-senzor-gibanja-za-alarm-bel\\\/#breadcrumb\"},\"inLanguage\":\"de\",\"potentialAction\":[{\"@type\":\"ReadAction\",\"target\":[\"https:\\\/\\\/www.integrator.si\\\/de\\\/izdelek\\\/ajax-motionprotect-senzor-gibanja-za-alarm-bel\\\/\"]}]},{\"@type\":\"ImageObject\",\"inLanguage\":\"de\",\"@id\":\"https:\\\/\\\/www.integrator.si\\\/de\\\/izdelek\\\/ajax-motionprotect-senzor-gibanja-za-alarm-bel\\\/#primaryimage\",\"url\":\"https:\\\/\\\/www.integrator.si\\\/wp-content\\\/uploads\\\/2022\\\/12\\\/AJAX-MotionProtect-WH.jpg\",\"contentUrl\":\"https:\\\/\\\/www.integrator.si\\\/wp-content\\\/uploads\\\/2022\\\/12\\\/AJAX-MotionProtect-WH.jpg\",\"width\":800,\"height\":800,\"caption\":\"AJAX MotionProtect White\"},{\"@type\":\"BreadcrumbList\",\"@id\":\"https:\\\/\\\/www.integrator.si\\\/de\\\/izdelek\\\/ajax-motionprotect-senzor-gibanja-za-alarm-bel\\\/#breadcrumb\",\"itemListElement\":[{\"@type\":\"ListItem\",\"position\":1,\"name\":\"Home\",\"item\":\"https:\\\/\\\/www.integrator.si\\\/de\\\/\"},{\"@type\":\"ListItem\",\"position\":2,\"name\":\"Shop\",\"item\":\"https:\\\/\\\/www.integrator.si\\\/spletna-trgovina\\\/\"},{\"@type\":\"ListItem\",\"position\":3,\"name\":\"AJAX MotionProtect, senzor gibanja za alarm, bel\"}]},{\"@type\":\"WebSite\",\"@id\":\"https:\\\/\\\/www.integrator.si\\\/de\\\/#website\",\"url\":\"https:\\\/\\\/www.integrator.si\\\/de\\\/\",\"name\":\"Integrator\",\"description\":\"Distribucija tehni\u010dnega varovanja\",\"publisher\":{\"@id\":\"https:\\\/\\\/www.integrator.si\\\/de\\\/#organization\"},\"potentialAction\":[{\"@type\":\"SearchAction\",\"target\":{\"@type\":\"EntryPoint\",\"urlTemplate\":\"https:\\\/\\\/www.integrator.si\\\/de\\\/?s={search_term_string}\"},\"query-input\":{\"@type\":\"PropertyValueSpecification\",\"valueRequired\":true,\"valueName\":\"search_term_string\"}}],\"inLanguage\":\"de\"},{\"@type\":\"Organization\",\"@id\":\"https:\\\/\\\/www.integrator.si\\\/de\\\/#organization\",\"name\":\"Integrator\",\"url\":\"https:\\\/\\\/www.integrator.si\\\/de\\\/\",\"logo\":{\"@type\":\"ImageObject\",\"inLanguage\":\"de\",\"@id\":\"https:\\\/\\\/www.integrator.si\\\/de\\\/#\\\/schema\\\/logo\\\/image\\\/\",\"url\":\"https:\\\/\\\/www.integrator.si\\\/wp-content\\\/uploads\\\/2022\\\/12\\\/integrator_logo.png\",\"contentUrl\":\"https:\\\/\\\/www.integrator.si\\\/wp-content\\\/uploads\\\/2022\\\/12\\\/integrator_logo.png\",\"width\":1306,\"height\":222,\"caption\":\"Integrator\"},\"image\":{\"@id\":\"https:\\\/\\\/www.integrator.si\\\/de\\\/#\\\/schema\\\/logo\\\/image\\\/\"}}]}<\/script>\n<!-- \/ Yoast SEO plugin. -->","yoast_head_json":{"title":"AJAX MotionProtect, senzor gibanja za alarm, bel - Integrator","description":"AJAX MotionProtect. Senzor je brez\u017ei\u010dni PIR detektor gibanja, domet do 12m pri 85\u00b0, neob\u010dutljiv na hi\u0161ne ljubljen\u010dke do 20 kg in vi\u0161ine do 50cm.","robots":{"index":"index","follow":"follow","max-snippet":"max-snippet:-1","max-image-preview":"max-image-preview:large","max-video-preview":"max-video-preview:-1"},"canonical":"https:\/\/www.integrator.si\/de\/izdelek\/ajax-motionprotect-senzor-gibanja-za-alarm-bel\/","og_locale":"de_DE","og_type":"article","og_title":"AJAX MotionProtect, senzor gibanja za alarm, bel - Integrator","og_description":"AJAX MotionProtect. Senzor je brez\u017ei\u010dni PIR detektor gibanja, domet do 12m pri 85\u00b0, neob\u010dutljiv na hi\u0161ne ljubljen\u010dke do 20 kg in vi\u0161ine do 50cm.","og_url":"https:\/\/www.integrator.si\/de\/izdelek\/ajax-motionprotect-senzor-gibanja-za-alarm-bel\/","og_site_name":"Integrator","article_modified_time":"2026-04-11T08:16:57+00:00","og_image":[{"width":800,"height":800,"url":"https:\/\/www.integrator.si\/wp-content\/uploads\/2022\/12\/AJAX-MotionProtect-WH.jpg","type":"image\/jpeg"}],"twitter_card":"summary_large_image","twitter_misc":{"Gesch\u00e4tzte Lesezeit":"1\u00a0Minute"},"schema":{"@context":"https:\/\/schema.org","@graph":[{"@type":"WebPage","@id":"https:\/\/www.integrator.si\/de\/izdelek\/ajax-motionprotect-senzor-gibanja-za-alarm-bel\/","url":"https:\/\/www.integrator.si\/de\/izdelek\/ajax-motionprotect-senzor-gibanja-za-alarm-bel\/","name":"AJAX MotionProtect, senzor gibanja za alarm, bel - Integrator","isPartOf":{"@id":"https:\/\/www.integrator.si\/de\/#website"},"primaryImageOfPage":{"@id":"https:\/\/www.integrator.si\/de\/izdelek\/ajax-motionprotect-senzor-gibanja-za-alarm-bel\/#primaryimage"},"image":{"@id":"https:\/\/www.integrator.si\/de\/izdelek\/ajax-motionprotect-senzor-gibanja-za-alarm-bel\/#primaryimage"},"thumbnailUrl":"https:\/\/www.integrator.si\/wp-content\/uploads\/2022\/12\/AJAX-MotionProtect-WH.jpg","datePublished":"2022-12-28T22:55:38+00:00","dateModified":"2026-04-11T08:16:57+00:00","description":"AJAX MotionProtect. Senzor je brez\u017ei\u010dni PIR detektor gibanja, domet do 12m pri 85\u00b0, neob\u010dutljiv na hi\u0161ne ljubljen\u010dke do 20 kg in vi\u0161ine do 50cm.","breadcrumb":{"@id":"https:\/\/www.integrator.si\/de\/izdelek\/ajax-motionprotect-senzor-gibanja-za-alarm-bel\/#breadcrumb"},"inLanguage":"de","potentialAction":[{"@type":"ReadAction","target":["https:\/\/www.integrator.si\/de\/izdelek\/ajax-motionprotect-senzor-gibanja-za-alarm-bel\/"]}]},{"@type":"ImageObject","inLanguage":"de","@id":"https:\/\/www.integrator.si\/de\/izdelek\/ajax-motionprotect-senzor-gibanja-za-alarm-bel\/#primaryimage","url":"https:\/\/www.integrator.si\/wp-content\/uploads\/2022\/12\/AJAX-MotionProtect-WH.jpg","contentUrl":"https:\/\/www.integrator.si\/wp-content\/uploads\/2022\/12\/AJAX-MotionProtect-WH.jpg","width":800,"height":800,"caption":"AJAX MotionProtect White"},{"@type":"BreadcrumbList","@id":"https:\/\/www.integrator.si\/de\/izdelek\/ajax-motionprotect-senzor-gibanja-za-alarm-bel\/#breadcrumb","itemListElement":[{"@type":"ListItem","position":1,"name":"Home","item":"https:\/\/www.integrator.si\/de\/"},{"@type":"ListItem","position":2,"name":"Shop","item":"https:\/\/www.integrator.si\/spletna-trgovina\/"},{"@type":"ListItem","position":3,"name":"AJAX MotionProtect, senzor gibanja za alarm, bel"}]},{"@type":"WebSite","@id":"https:\/\/www.integrator.si\/de\/#website","url":"https:\/\/www.integrator.si\/de\/","name":"Integrator","description":"Distribucija tehni\u010dnega varovanja","publisher":{"@id":"https:\/\/www.integrator.si\/de\/#organization"},"potentialAction":[{"@type":"SearchAction","target":{"@type":"EntryPoint","urlTemplate":"https:\/\/www.integrator.si\/de\/?s={search_term_string}"},"query-input":{"@type":"PropertyValueSpecification","valueRequired":true,"valueName":"search_term_string"}}],"inLanguage":"de"},{"@type":"Organization","@id":"https:\/\/www.integrator.si\/de\/#organization","name":"Integrator","url":"https:\/\/www.integrator.si\/de\/","logo":{"@type":"ImageObject","inLanguage":"de","@id":"https:\/\/www.integrator.si\/de\/#\/schema\/logo\/image\/","url":"https:\/\/www.integrator.si\/wp-content\/uploads\/2022\/12\/integrator_logo.png","contentUrl":"https:\/\/www.integrator.si\/wp-content\/uploads\/2022\/12\/integrator_logo.png","width":1306,"height":222,"caption":"Integrator"},"image":{"@id":"https:\/\/www.integrator.si\/de\/#\/schema\/logo\/image\/"}}]}},"brands":[{"id":113,"name":"AJAX","slug":"ajax"}],"_links":{"self":[{"href":"https:\/\/www.integrator.si\/de\/wp-json\/wp\/v2\/product\/788","targetHints":{"allow":["GET"]}}],"collection":[{"href":"https:\/\/www.integrator.si\/de\/wp-json\/wp\/v2\/product"}],"about":[{"href":"https:\/\/www.integrator.si\/de\/wp-json\/wp\/v2\/types\/product"}],"wp:featuredmedia":[{"embeddable":true,"href":"https:\/\/www.integrator.si\/de\/wp-json\/wp\/v2\/media\/2550"}],"wp:attachment":[{"href":"https:\/\/www.integrator.si\/de\/wp-json\/wp\/v2\/media?parent=788"}],"wp:term":[{"taxonomy":"pwb-brand","embeddable":true,"href":"https:\/\/www.integrator.si\/de\/wp-json\/wp\/v2\/pwb-brand?post=788"},{"taxonomy":"product_brand","embeddable":true,"href":"https:\/\/www.integrator.si\/de\/wp-json\/wp\/v2\/product_brand?post=788"},{"taxonomy":"product_cat","embeddable":true,"href":"https:\/\/www.integrator.si\/de\/wp-json\/wp\/v2\/product_cat?post=788"},{"taxonomy":"product_tag","embeddable":true,"href":"https:\/\/www.integrator.si\/de\/wp-json\/wp\/v2\/product_tag?post=788"}],"curies":[{"name":"wp","href":"https:\/\/api.w.org\/{rel}","templated":true}]}}