{"id":798,"date":"2022-12-29T08:22:56","date_gmt":"2022-12-29T07:22:56","guid":{"rendered":"https:\/\/www.integrator.si\/?post_type=product&#038;p=798"},"modified":"2026-04-11T10:16:57","modified_gmt":"2026-04-11T08:16:57","slug":"hwg-poseidon-4002-device","status":"publish","type":"product","link":"https:\/\/www.integrator.si\/de\/izdelek\/hwg-poseidon-4002-device\/","title":{"rendered":"Poseidon2 4002 z12xDI, 4x DO, 6x RJ11. Samo naprava."},"content":{"rendered":"<p><span class=\"JLqJ4b ChMk0b\" data-language-for-alternatives=\"sl\" data-language-to-translate-into=\"en\" data-phrase-index=\"0\"><strong>Poseidon2 4002<\/strong> omogo\u010da povezavo do 40 senzorjev (16 prek 1-Wire UNI\/1-Wire + 24 prek RS-485).<\/span><\/p>\n<p><span class=\"JLqJ4b ChMk0b\" data-language-for-alternatives=\"sl\" data-language-to-translate-into=\"en\" data-phrase-index=\"0\"> Prav tako nudi tudi 12 digitalnih breznapetostnih kontaktnih vhodov (<strong>DI<\/strong>), 8 virtualnih digitalnih izhodov in omogo\u010da nadzor<strong>\u00a04 relejnih izhodov<\/strong>\u00a0(NO<\/span>\u00a0<span class=\"JLqJ4b ChMk0b\" data-language-for-alternatives=\"sl\" data-language-to-translate-into=\"en\" data-phrase-index=\"1\">\/ NC).<\/span><\/p>\n<p><span class=\"JLqJ4b ChMk0b\" data-language-for-alternatives=\"sl\" data-language-to-translate-into=\"en\" data-phrase-index=\"3\">Za <strong>konfiguriranje<\/strong> se uporablja vgrajeni\u00a0<strong>spletni stre\u017enik<\/strong>.<\/span>\u00a0<span class=\"JLqJ4b ChMk0b\" data-language-for-alternatives=\"sl\" data-language-to-translate-into=\"en\" data-phrase-index=\"4\">Napravo lahko nadzirate na daljavo prek interneta s pomo\u010djo brezpla\u010dnega portala\u00a0<strong>SensDesk<\/strong>\u00a0v kombinaciji z aplikacijo\u00a0<strong>SensDesk<\/strong>\u00a0Mobile za iOS in Android.<\/span><\/p>\n<p><span class=\"JLqJ4b ChMk0b\" data-language-for-alternatives=\"sl\" data-language-to-translate-into=\"en\" data-phrase-index=\"5\">Deluje s\u00a0<strong>HWg-PDMS<\/strong>\u00a0in\u00a0<strong>HWg-Trigger<\/strong>.<\/span><\/p>\n<p><span class=\"JLqJ4b ChMk0b\" data-language-for-alternatives=\"sl\" data-language-to-translate-into=\"en\" data-phrase-index=\"7\">Naprave\u00a0<strong>Poseidon2<\/strong>\u00a0so zasnovane za nadzor in nadzor senzorjev in digitalnih V\/I prek omre\u017eja z uporabo varnih protokolov\u00a0<strong>M2M<\/strong>\u00a0(HTTP, IPv6, SNMPv3).<\/span>\u00a0<span class=\"JLqJ4b ChMk0b\" data-language-for-alternatives=\"sl\" data-language-to-translate-into=\"en\" data-phrase-index=\"8\">S podporo za ve\u010d kot 50 aplikacij SNMP in SCADA lahko naprave\u00a0<strong>Poseidon2<\/strong>\u00a0integriramo v \u0161iroko paleto sistemov za nadzor in nadzor.<\/span><\/p>\n<p><span class=\"JLqJ4b ChMk0b\" data-language-for-alternatives=\"sl\" data-language-to-translate-into=\"en\" data-phrase-index=\"9\">Protokol\u00a0<strong>MQTT<\/strong>\u00a0omogo\u010da integracijo v re\u0161itve\u00a0<strong>IoT<\/strong>.<\/span>\u00a0<strong><span class=\"JLqJ4b ChMk0b\" data-language-for-alternatives=\"sl\" data-language-to-translate-into=\"en\" data-phrase-index=\"11\">Poseidon2 4002 ima 5-letno garancijo.<\/span><\/strong><\/p>\n<p><strong>Lastnosti:<\/strong><\/p>\n<ul>\n<li><strong>16x 1-Wire UNI\/1-Wire vhod; 24x RS-485 vhod; 12x digitalni vhod<\/strong>; Data Logger za <strong>ve\u010d kot 250.000 zapisov<\/strong>; Digitalni vhodi imajo 32-bitne \u0161tevce impulzov SO, ki ohranijo svojo vrednost, tudi \u010de izpade napajanje.<\/li>\n<li>4x relejni izhod NO\/NC; 8x virtualni digitalni izhod<\/li>\n<li>5x past SNMP; 5x E-po\u0161ta; 5x &#8222;SMS+Ring&#8220; (prek zunanjega GSM prehoda ali modema)<\/li>\n<li>Zdru\u017eljivost MQTT omogo\u010da povezovanje z IoT Hub, MS Azure, Bluemix Internet of Things in drugimi storitvami v oblaku.<\/li>\n<li>Povezan preko LAN. Konfiguracija prek vgrajenega spletnega stre\u017enika.<\/li>\n<li>Vrednost senzorja izven nastavljenega varnega obmo\u010dja kot tudi sprememba stanja DI po\u0161lje opozorilo po e-po\u0161ti, SMS-u, SNMP Trap ali aktivira oddaljeni rele na drugi enoti Poseidon2 of Damocles2.<\/li>\n<li>Za alarm zvonjenja ali SMS uporabite programsko opremo HWg-Trigger (potreben je zunanji modem GSM) ali prehod HWg-SMS-GW3 v istem LAN-u.<\/li>\n<li>Navidezne digitalne izhode (VDO) je mogo\u010de preslikati v fizi\u010dne digitalne izhode (releje) drugih enot Poseidon2 ali Damocles2 v istem LAN-u.<\/li>\n<li>S programsko opremo <strong>HWg-PDMS <\/strong>je mogo\u010de impulze SO pretvoriti v ceno na \u010dasovno obdobje in izvoziti v MS Excel.<\/li>\n<li>Zdru\u017eljiv z vrsto programske opreme tretjih proizvajalcev (SCADA itd.). Primeri za programerje o uporabi izdelka so na voljo v HWg-SDK (Borland C++, MS Visual, VB, C#, PHP, JAVA in ve\u010d).<\/li>\n<\/ul>\n<p><strong>Primeri uporabe:<\/strong><\/p>\n<ul>\n<li>Nadzor okolja stre\u017eni\u0161ke sobe<\/li>\n<li>Oddaljeno spremljanje okolja v serverski omari ali v podatkovnem centru<\/li>\n<li>Nadzor klimatskih naprav<\/li>\n<li>Nadzor UPS \/ rezervnega generatorja<\/li>\n<li>Industrijske aplikacije<\/li>\n<li>Farmacija in hranjenje cepiv<\/li>\n<li>Nadzor hladilnika in zamrzovalnika + prikaz alarma<\/li>\n<li>Meritve temperature in druge meritve v oblaku<\/li>\n<li>Nadzorni sistemi<\/li>\n<li>Pametne zgradbe<\/li>\n<\/ul>\n<p><strong>Predstavitev delovanja sistema HW GROUP SensDesk:<\/strong><\/p>\n<p><iframe title=\"SensDesk IoT portal in data centers &amp; server rooms\" width=\"1290\" height=\"726\" src=\"https:\/\/www.youtube.com\/embed\/TS5Li7DhMaI?feature=oembed\" frameborder=\"0\" allow=\"accelerometer; autoplay; clipboard-write; encrypted-media; gyroscope; picture-in-picture\" allowfullscreen><\/iframe><\/p>\n<p>&nbsp;<\/p>\n","protected":false},"excerpt":{"rendered":"<p><span class=\"JLqJ4b ChMk0b\" data-language-for-alternatives=\"sl\" data-language-to-translate-into=\"en\" data-phrase-index=\"0\"><strong>Poseidon2 4002<\/strong> je IP krmilnik, ki omogo\u010da povezavo do 40 senzorjev za merjenje temperature, vlage, izliva vode,&#8230; (16 prek 1-Wire UNI\/1-Wire + 24 prek RS-485).<\/span><\/p>\n","protected":false},"featured_media":0,"template":"","meta":[],"pwb-brand":[],"product_brand":[],"product_cat":[49,26],"product_tag":[70,71],"class_list":{"0":"post-798","1":"product","2":"type-product","3":"status-publish","5":"product_cat-ip-krmilniki","6":"product_cat-ip-senzorji","7":"product_tag-ip-krmilnik","8":"product_tag-poseidon","10":"first","11":"instock","12":"taxable","13":"shipping-taxable","14":"purchasable","15":"product-type-simple"},"yoast_head":"<!-- This site is optimized with the Yoast SEO plugin v27.3 - https:\/\/yoast.com\/product\/yoast-seo-wordpress\/ -->\n<title>Poseidon2 4002 z12xDI, 4x DO, 6x RJ11. Samo naprava. - Integrator<\/title>\n<meta name=\"robots\" content=\"index, follow, max-snippet:-1, max-image-preview:large, max-video-preview:-1\" \/>\n<link rel=\"canonical\" href=\"https:\/\/www.integrator.si\/de\/izdelek\/hwg-poseidon-4002-device\/\" \/>\n<meta property=\"og:locale\" content=\"de_DE\" \/>\n<meta property=\"og:type\" content=\"article\" \/>\n<meta property=\"og:title\" content=\"Poseidon2 4002 z12xDI, 4x DO, 6x RJ11. Samo naprava. - Integrator\" \/>\n<meta property=\"og:description\" content=\"Poseidon2 4002 je IP krmilnik, ki omogo\u010da povezavo do 40 senzorjev za merjenje temperature, vlage, izliva vode,... (16 prek 1-Wire UNI\/1-Wire + 24 prek RS-485).\" \/>\n<meta property=\"og:url\" content=\"https:\/\/www.integrator.si\/de\/izdelek\/hwg-poseidon-4002-device\/\" \/>\n<meta property=\"og:site_name\" content=\"Integrator\" \/>\n<meta property=\"article:modified_time\" content=\"2026-04-11T08:16:57+00:00\" \/>\n<meta name=\"twitter:card\" content=\"summary_large_image\" \/>\n<meta name=\"twitter:label1\" content=\"Gesch\u00e4tzte Lesezeit\" \/>\n\t<meta name=\"twitter:data1\" content=\"2\u00a0Minuten\" \/>\n<script type=\"application\/ld+json\" class=\"yoast-schema-graph\">{\"@context\":\"https:\\\/\\\/schema.org\",\"@graph\":[{\"@type\":\"WebPage\",\"@id\":\"https:\\\/\\\/www.integrator.si\\\/de\\\/izdelek\\\/hwg-poseidon-4002-device\\\/\",\"url\":\"https:\\\/\\\/www.integrator.si\\\/de\\\/izdelek\\\/hwg-poseidon-4002-device\\\/\",\"name\":\"Poseidon2 4002 z12xDI, 4x DO, 6x RJ11. Samo naprava. - Integrator\",\"isPartOf\":{\"@id\":\"https:\\\/\\\/www.integrator.si\\\/de\\\/#website\"},\"datePublished\":\"2022-12-29T07:22:56+00:00\",\"dateModified\":\"2026-04-11T08:16:57+00:00\",\"breadcrumb\":{\"@id\":\"https:\\\/\\\/www.integrator.si\\\/de\\\/izdelek\\\/hwg-poseidon-4002-device\\\/#breadcrumb\"},\"inLanguage\":\"de\",\"potentialAction\":[{\"@type\":\"ReadAction\",\"target\":[\"https:\\\/\\\/www.integrator.si\\\/de\\\/izdelek\\\/hwg-poseidon-4002-device\\\/\"]}]},{\"@type\":\"BreadcrumbList\",\"@id\":\"https:\\\/\\\/www.integrator.si\\\/de\\\/izdelek\\\/hwg-poseidon-4002-device\\\/#breadcrumb\",\"itemListElement\":[{\"@type\":\"ListItem\",\"position\":1,\"name\":\"Home\",\"item\":\"https:\\\/\\\/www.integrator.si\\\/de\\\/\"},{\"@type\":\"ListItem\",\"position\":2,\"name\":\"Shop\",\"item\":\"https:\\\/\\\/www.integrator.si\\\/spletna-trgovina\\\/\"},{\"@type\":\"ListItem\",\"position\":3,\"name\":\"Poseidon2 4002 z12xDI, 4x DO, 6x RJ11. Samo naprava.\"}]},{\"@type\":\"WebSite\",\"@id\":\"https:\\\/\\\/www.integrator.si\\\/de\\\/#website\",\"url\":\"https:\\\/\\\/www.integrator.si\\\/de\\\/\",\"name\":\"Integrator\",\"description\":\"Distribucija tehni\u010dnega varovanja\",\"publisher\":{\"@id\":\"https:\\\/\\\/www.integrator.si\\\/de\\\/#organization\"},\"potentialAction\":[{\"@type\":\"SearchAction\",\"target\":{\"@type\":\"EntryPoint\",\"urlTemplate\":\"https:\\\/\\\/www.integrator.si\\\/de\\\/?s={search_term_string}\"},\"query-input\":{\"@type\":\"PropertyValueSpecification\",\"valueRequired\":true,\"valueName\":\"search_term_string\"}}],\"inLanguage\":\"de\"},{\"@type\":\"Organization\",\"@id\":\"https:\\\/\\\/www.integrator.si\\\/de\\\/#organization\",\"name\":\"Integrator\",\"url\":\"https:\\\/\\\/www.integrator.si\\\/de\\\/\",\"logo\":{\"@type\":\"ImageObject\",\"inLanguage\":\"de\",\"@id\":\"https:\\\/\\\/www.integrator.si\\\/de\\\/#\\\/schema\\\/logo\\\/image\\\/\",\"url\":\"https:\\\/\\\/www.integrator.si\\\/wp-content\\\/uploads\\\/2022\\\/12\\\/integrator_logo.png\",\"contentUrl\":\"https:\\\/\\\/www.integrator.si\\\/wp-content\\\/uploads\\\/2022\\\/12\\\/integrator_logo.png\",\"width\":1306,\"height\":222,\"caption\":\"Integrator\"},\"image\":{\"@id\":\"https:\\\/\\\/www.integrator.si\\\/de\\\/#\\\/schema\\\/logo\\\/image\\\/\"}}]}<\/script>\n<!-- \/ Yoast SEO plugin. -->","yoast_head_json":{"title":"Poseidon2 4002 z12xDI, 4x DO, 6x RJ11. Samo naprava. - Integrator","robots":{"index":"index","follow":"follow","max-snippet":"max-snippet:-1","max-image-preview":"max-image-preview:large","max-video-preview":"max-video-preview:-1"},"canonical":"https:\/\/www.integrator.si\/de\/izdelek\/hwg-poseidon-4002-device\/","og_locale":"de_DE","og_type":"article","og_title":"Poseidon2 4002 z12xDI, 4x DO, 6x RJ11. Samo naprava. - Integrator","og_description":"Poseidon2 4002 je IP krmilnik, ki omogo\u010da povezavo do 40 senzorjev za merjenje temperature, vlage, izliva vode,... (16 prek 1-Wire UNI\/1-Wire + 24 prek RS-485).","og_url":"https:\/\/www.integrator.si\/de\/izdelek\/hwg-poseidon-4002-device\/","og_site_name":"Integrator","article_modified_time":"2026-04-11T08:16:57+00:00","twitter_card":"summary_large_image","twitter_misc":{"Gesch\u00e4tzte Lesezeit":"2\u00a0Minuten"},"schema":{"@context":"https:\/\/schema.org","@graph":[{"@type":"WebPage","@id":"https:\/\/www.integrator.si\/de\/izdelek\/hwg-poseidon-4002-device\/","url":"https:\/\/www.integrator.si\/de\/izdelek\/hwg-poseidon-4002-device\/","name":"Poseidon2 4002 z12xDI, 4x DO, 6x RJ11. Samo naprava. - Integrator","isPartOf":{"@id":"https:\/\/www.integrator.si\/de\/#website"},"datePublished":"2022-12-29T07:22:56+00:00","dateModified":"2026-04-11T08:16:57+00:00","breadcrumb":{"@id":"https:\/\/www.integrator.si\/de\/izdelek\/hwg-poseidon-4002-device\/#breadcrumb"},"inLanguage":"de","potentialAction":[{"@type":"ReadAction","target":["https:\/\/www.integrator.si\/de\/izdelek\/hwg-poseidon-4002-device\/"]}]},{"@type":"BreadcrumbList","@id":"https:\/\/www.integrator.si\/de\/izdelek\/hwg-poseidon-4002-device\/#breadcrumb","itemListElement":[{"@type":"ListItem","position":1,"name":"Home","item":"https:\/\/www.integrator.si\/de\/"},{"@type":"ListItem","position":2,"name":"Shop","item":"https:\/\/www.integrator.si\/spletna-trgovina\/"},{"@type":"ListItem","position":3,"name":"Poseidon2 4002 z12xDI, 4x DO, 6x RJ11. Samo naprava."}]},{"@type":"WebSite","@id":"https:\/\/www.integrator.si\/de\/#website","url":"https:\/\/www.integrator.si\/de\/","name":"Integrator","description":"Distribucija tehni\u010dnega varovanja","publisher":{"@id":"https:\/\/www.integrator.si\/de\/#organization"},"potentialAction":[{"@type":"SearchAction","target":{"@type":"EntryPoint","urlTemplate":"https:\/\/www.integrator.si\/de\/?s={search_term_string}"},"query-input":{"@type":"PropertyValueSpecification","valueRequired":true,"valueName":"search_term_string"}}],"inLanguage":"de"},{"@type":"Organization","@id":"https:\/\/www.integrator.si\/de\/#organization","name":"Integrator","url":"https:\/\/www.integrator.si\/de\/","logo":{"@type":"ImageObject","inLanguage":"de","@id":"https:\/\/www.integrator.si\/de\/#\/schema\/logo\/image\/","url":"https:\/\/www.integrator.si\/wp-content\/uploads\/2022\/12\/integrator_logo.png","contentUrl":"https:\/\/www.integrator.si\/wp-content\/uploads\/2022\/12\/integrator_logo.png","width":1306,"height":222,"caption":"Integrator"},"image":{"@id":"https:\/\/www.integrator.si\/de\/#\/schema\/logo\/image\/"}}]}},"brands":[],"_links":{"self":[{"href":"https:\/\/www.integrator.si\/de\/wp-json\/wp\/v2\/product\/798","targetHints":{"allow":["GET"]}}],"collection":[{"href":"https:\/\/www.integrator.si\/de\/wp-json\/wp\/v2\/product"}],"about":[{"href":"https:\/\/www.integrator.si\/de\/wp-json\/wp\/v2\/types\/product"}],"wp:attachment":[{"href":"https:\/\/www.integrator.si\/de\/wp-json\/wp\/v2\/media?parent=798"}],"wp:term":[{"taxonomy":"pwb-brand","embeddable":true,"href":"https:\/\/www.integrator.si\/de\/wp-json\/wp\/v2\/pwb-brand?post=798"},{"taxonomy":"product_brand","embeddable":true,"href":"https:\/\/www.integrator.si\/de\/wp-json\/wp\/v2\/product_brand?post=798"},{"taxonomy":"product_cat","embeddable":true,"href":"https:\/\/www.integrator.si\/de\/wp-json\/wp\/v2\/product_cat?post=798"},{"taxonomy":"product_tag","embeddable":true,"href":"https:\/\/www.integrator.si\/de\/wp-json\/wp\/v2\/product_tag?post=798"}],"curies":[{"name":"wp","href":"https:\/\/api.w.org\/{rel}","templated":true}]}}