{"id":2076,"date":"2023-01-17T07:46:34","date_gmt":"2023-01-17T06:46:34","guid":{"rendered":"https:\/\/www.integrator.si\/?post_type=product&#038;p=2076"},"modified":"2026-04-11T10:16:57","modified_gmt":"2026-04-11T08:16:57","slug":"hwg-ste2-merjenje-temperature-vlage-nadzor","status":"publish","type":"product","link":"https:\/\/www.integrator.si\/en\/izdelek\/hwg-ste2-merjenje-temperature-vlage-nadzor\/","title":{"rendered":"STE2 R2 krmilnik za nadzor temperature in vlage"},"content":{"rendered":"<p><span class=\"JLqJ4b ChMk0b\" data-language-for-alternatives=\"sl\" data-language-to-translate-into=\"en\" data-phrase-index=\"0\"><strong>HW GROUP STE2 r2\u00a0 LAN in WiFi krmilnik za merjenje temperature, vlage in \u0161e ve\u010d<\/strong><\/span><\/p>\n<p><strong>STE2 r2<\/strong> lahko pove\u017ee do <strong>5 senzorjev<\/strong> (5 vrednosti senzorjev) prek <strong>2x RJ11<\/strong> vrat (<strong>1-Wire<\/strong> &amp; <strong>1-Wire UNI<\/strong>) in do <strong>2 detektorja prek DI<\/strong> (digitalnih vhodov) za breznapetostne kontakte.<\/p>\n<p>Za konfiguracijo naprave se uporablja vgrajen <strong>spletni stre\u017enik<\/strong>. <strong>STE2 r2<\/strong> je naprava s podporo za <strong>SNMP<\/strong>, namenjena za <strong>nadzor<\/strong> <strong>temperature, relativne vla\u017enosti in drugih zunanjih senzorjev<\/strong>.<\/p>\n<p><strong>STE2<\/strong> napravo lahko pove\u017eete preko <strong>Etherneta<\/strong> ali <strong>WiFi<\/strong>. Ko izmerjena <strong>temperatura<\/strong> (<strong>vla\u017enost<\/strong>, <strong>napetost<\/strong>, ..) na zunanjem senzorju(-ih) prese\u017ee definirano obmo\u010dje Min-Max (Safe Range), <strong>STE2 r2<\/strong> po\u0161lje <strong>e-po\u0161tno<\/strong> opozorilo (ali <strong>SMS<\/strong>, ali <strong>glasovni klic<\/strong>). V konfiguraciji (v spletnem stre\u017eniku) naprave je zavihek Alarmi, kjer lahko dolo\u010dite do 3 nize ciljev in jih dodelite posameznim senzorjem.<\/p>\n<p><strong>STE2 r2<\/strong> je samostojna naprava za nadzor, kar pomeni, da je napravo mogo\u010de v celoti konfigurirati preko spleta, lahko sama po\u0161ilja <strong>e-po\u0161to<\/strong> (stre\u017enik SMTP), podpira <strong>SNMP<\/strong> itd. Povezava naprave s portalom (tehnologija <strong>SensDesk<\/strong>) je mo\u017ena, vendar ni privzeto omogo\u010deno. Portal je treba ro\u010dno aktivirati kot funkcionalno raz\u0161iritev (centralno upravljanje naprav, zgodovina podatkov, opozorila SMS in glasovni klic).<\/p>\n<p>Paket <strong>STE2<\/strong> r2 vklju\u010duje univerzalni napajalnik. Naprava se lahko napaja tudi iz <strong>PoE<\/strong>. Prilo\u017een je tudi <strong>en temperaturni senzor<\/strong>.<\/p>\n<p><strong>Predstavitev delovanja sistema HW GROUP SensDesk:<\/strong><\/p>\n<p><iframe title=\"SensDesk IoT portal in data centers &amp; server rooms\" width=\"1290\" height=\"726\" src=\"https:\/\/www.youtube.com\/embed\/TS5Li7DhMaI?feature=oembed\" frameborder=\"0\" allow=\"accelerometer; autoplay; clipboard-write; encrypted-media; gyroscope; picture-in-picture; web-share\" allowfullscreen><\/iframe><\/p>\n<p>&nbsp;<\/p>\n","protected":false},"excerpt":{"rendered":"<p><strong>HWG STE2 r2<\/strong> je <strong>LAN in WiFi krmilnik<\/strong> s podporo za <strong>SNMP<\/strong>, namenjen za <strong>nadzor<\/strong> <strong>temperature, relativne vla\u017enosti in drugih zunanjih senzorjev<\/strong>.<\/p>\n<p><strong>STE2 r2<\/strong> lahko pove\u017ee do <strong>5 senzorjev<\/strong> (5 vrednosti senzorjev) prek <strong>2x RJ11<\/strong> vrat (<strong>1-Wire<\/strong> &amp; <strong>1-Wire UNI<\/strong>) in do <strong>2 detektorja prek DI<\/strong> (digitalnih vhodov) za breznapetostne kontakte.<\/p>\n<p>Za konfiguracijo naprave se uporablja vgrajen <strong>spletni stre\u017enik<\/strong>.<\/p>\n","protected":false},"featured_media":2077,"template":"","meta":[],"pwb-brand":[],"product_brand":[],"product_cat":[49,26,50],"product_tag":[70,97],"class_list":{"0":"post-2076","1":"product","2":"type-product","3":"status-publish","4":"has-post-thumbnail","6":"product_cat-ip-krmilniki","7":"product_cat-ip-senzorji","8":"product_cat-ip-senzorji-ip-senzorji","9":"product_tag-ip-krmilnik","10":"product_tag-ste2","12":"first","13":"instock","14":"taxable","15":"shipping-taxable","16":"purchasable","17":"product-type-simple"},"yoast_head":"<!-- This site is optimized with the Yoast SEO plugin v27.3 - https:\/\/yoast.com\/product\/yoast-seo-wordpress\/ -->\n<title>STE2 R2 krmilnik za nadzor temperature in vlage - Integrator<\/title>\n<meta name=\"robots\" content=\"index, follow, max-snippet:-1, max-image-preview:large, max-video-preview:-1\" \/>\n<link rel=\"canonical\" href=\"https:\/\/www.integrator.si\/en\/izdelek\/hwg-ste2-merjenje-temperature-vlage-nadzor\/\" \/>\n<meta property=\"og:locale\" content=\"en_US\" \/>\n<meta property=\"og:type\" content=\"article\" \/>\n<meta property=\"og:title\" content=\"STE2 R2 krmilnik za nadzor temperature in vlage - Integrator\" \/>\n<meta property=\"og:description\" content=\"HWG STE2 r2 je LAN in WiFi krmilnik s podporo za SNMP, namenjen za nadzor temperature, relativne vla\u017enosti in drugih zunanjih senzorjev.  STE2 r2 lahko pove\u017ee do 5 senzorjev (5 vrednosti senzorjev) prek 2x RJ11 vrat (1-Wire &amp; 1-Wire UNI) in do 2 detektorja prek DI (digitalnih vhodov) za breznapetostne kontakte.  Za konfiguracijo naprave se uporablja vgrajen spletni stre\u017enik.\" \/>\n<meta property=\"og:url\" content=\"https:\/\/www.integrator.si\/en\/izdelek\/hwg-ste2-merjenje-temperature-vlage-nadzor\/\" \/>\n<meta property=\"og:site_name\" content=\"Integrator\" \/>\n<meta property=\"article:modified_time\" content=\"2026-04-11T08:16:57+00:00\" \/>\n<meta property=\"og:image\" content=\"https:\/\/www.integrator.si\/wp-content\/uploads\/2023\/01\/ste2id20245.png\" \/>\n\t<meta property=\"og:image:width\" content=\"1600\" \/>\n\t<meta property=\"og:image:height\" content=\"1069\" \/>\n\t<meta property=\"og:image:type\" content=\"image\/png\" \/>\n<meta name=\"twitter:card\" content=\"summary_large_image\" \/>\n<meta name=\"twitter:label1\" content=\"Est. reading time\" \/>\n\t<meta name=\"twitter:data1\" content=\"1 minute\" \/>\n<script type=\"application\/ld+json\" class=\"yoast-schema-graph\">{\"@context\":\"https:\\\/\\\/schema.org\",\"@graph\":[{\"@type\":\"WebPage\",\"@id\":\"https:\\\/\\\/www.integrator.si\\\/en\\\/izdelek\\\/hwg-ste2-merjenje-temperature-vlage-nadzor\\\/\",\"url\":\"https:\\\/\\\/www.integrator.si\\\/en\\\/izdelek\\\/hwg-ste2-merjenje-temperature-vlage-nadzor\\\/\",\"name\":\"STE2 R2 krmilnik za nadzor temperature in vlage - Integrator\",\"isPartOf\":{\"@id\":\"https:\\\/\\\/www.integrator.si\\\/en\\\/#website\"},\"primaryImageOfPage\":{\"@id\":\"https:\\\/\\\/www.integrator.si\\\/en\\\/izdelek\\\/hwg-ste2-merjenje-temperature-vlage-nadzor\\\/#primaryimage\"},\"image\":{\"@id\":\"https:\\\/\\\/www.integrator.si\\\/en\\\/izdelek\\\/hwg-ste2-merjenje-temperature-vlage-nadzor\\\/#primaryimage\"},\"thumbnailUrl\":\"https:\\\/\\\/www.integrator.si\\\/wp-content\\\/uploads\\\/2023\\\/01\\\/ste2id20245.png\",\"datePublished\":\"2023-01-17T06:46:34+00:00\",\"dateModified\":\"2026-04-11T08:16:57+00:00\",\"breadcrumb\":{\"@id\":\"https:\\\/\\\/www.integrator.si\\\/en\\\/izdelek\\\/hwg-ste2-merjenje-temperature-vlage-nadzor\\\/#breadcrumb\"},\"inLanguage\":\"en-US\",\"potentialAction\":[{\"@type\":\"ReadAction\",\"target\":[\"https:\\\/\\\/www.integrator.si\\\/en\\\/izdelek\\\/hwg-ste2-merjenje-temperature-vlage-nadzor\\\/\"]}]},{\"@type\":\"ImageObject\",\"inLanguage\":\"en-US\",\"@id\":\"https:\\\/\\\/www.integrator.si\\\/en\\\/izdelek\\\/hwg-ste2-merjenje-temperature-vlage-nadzor\\\/#primaryimage\",\"url\":\"https:\\\/\\\/www.integrator.si\\\/wp-content\\\/uploads\\\/2023\\\/01\\\/ste2id20245.png\",\"contentUrl\":\"https:\\\/\\\/www.integrator.si\\\/wp-content\\\/uploads\\\/2023\\\/01\\\/ste2id20245.png\",\"width\":1600,\"height\":1069,\"caption\":\"merjenje temperature\"},{\"@type\":\"BreadcrumbList\",\"@id\":\"https:\\\/\\\/www.integrator.si\\\/en\\\/izdelek\\\/hwg-ste2-merjenje-temperature-vlage-nadzor\\\/#breadcrumb\",\"itemListElement\":[{\"@type\":\"ListItem\",\"position\":1,\"name\":\"Home\",\"item\":\"https:\\\/\\\/www.integrator.si\\\/en\\\/\"},{\"@type\":\"ListItem\",\"position\":2,\"name\":\"Shop\",\"item\":\"https:\\\/\\\/www.integrator.si\\\/spletna-trgovina\\\/\"},{\"@type\":\"ListItem\",\"position\":3,\"name\":\"STE2 R2 krmilnik za nadzor temperature in vlage\"}]},{\"@type\":\"WebSite\",\"@id\":\"https:\\\/\\\/www.integrator.si\\\/en\\\/#website\",\"url\":\"https:\\\/\\\/www.integrator.si\\\/en\\\/\",\"name\":\"Integrator\",\"description\":\"Distribucija tehni\u010dnega varovanja\",\"publisher\":{\"@id\":\"https:\\\/\\\/www.integrator.si\\\/en\\\/#organization\"},\"potentialAction\":[{\"@type\":\"SearchAction\",\"target\":{\"@type\":\"EntryPoint\",\"urlTemplate\":\"https:\\\/\\\/www.integrator.si\\\/en\\\/?s={search_term_string}\"},\"query-input\":{\"@type\":\"PropertyValueSpecification\",\"valueRequired\":true,\"valueName\":\"search_term_string\"}}],\"inLanguage\":\"en-US\"},{\"@type\":\"Organization\",\"@id\":\"https:\\\/\\\/www.integrator.si\\\/en\\\/#organization\",\"name\":\"Integrator\",\"url\":\"https:\\\/\\\/www.integrator.si\\\/en\\\/\",\"logo\":{\"@type\":\"ImageObject\",\"inLanguage\":\"en-US\",\"@id\":\"https:\\\/\\\/www.integrator.si\\\/en\\\/#\\\/schema\\\/logo\\\/image\\\/\",\"url\":\"https:\\\/\\\/www.integrator.si\\\/wp-content\\\/uploads\\\/2022\\\/12\\\/integrator_logo.png\",\"contentUrl\":\"https:\\\/\\\/www.integrator.si\\\/wp-content\\\/uploads\\\/2022\\\/12\\\/integrator_logo.png\",\"width\":1306,\"height\":222,\"caption\":\"Integrator\"},\"image\":{\"@id\":\"https:\\\/\\\/www.integrator.si\\\/en\\\/#\\\/schema\\\/logo\\\/image\\\/\"}}]}<\/script>\n<!-- \/ Yoast SEO plugin. -->","yoast_head_json":{"title":"STE2 R2 krmilnik za nadzor temperature in vlage - Integrator","robots":{"index":"index","follow":"follow","max-snippet":"max-snippet:-1","max-image-preview":"max-image-preview:large","max-video-preview":"max-video-preview:-1"},"canonical":"https:\/\/www.integrator.si\/en\/izdelek\/hwg-ste2-merjenje-temperature-vlage-nadzor\/","og_locale":"en_US","og_type":"article","og_title":"STE2 R2 krmilnik za nadzor temperature in vlage - Integrator","og_description":"HWG STE2 r2 je LAN in WiFi krmilnik s podporo za SNMP, namenjen za nadzor temperature, relativne vla\u017enosti in drugih zunanjih senzorjev.  STE2 r2 lahko pove\u017ee do 5 senzorjev (5 vrednosti senzorjev) prek 2x RJ11 vrat (1-Wire &amp; 1-Wire UNI) in do 2 detektorja prek DI (digitalnih vhodov) za breznapetostne kontakte.  Za konfiguracijo naprave se uporablja vgrajen spletni stre\u017enik.","og_url":"https:\/\/www.integrator.si\/en\/izdelek\/hwg-ste2-merjenje-temperature-vlage-nadzor\/","og_site_name":"Integrator","article_modified_time":"2026-04-11T08:16:57+00:00","og_image":[{"width":1600,"height":1069,"url":"https:\/\/www.integrator.si\/wp-content\/uploads\/2023\/01\/ste2id20245.png","type":"image\/png"}],"twitter_card":"summary_large_image","twitter_misc":{"Est. reading time":"1 minute"},"schema":{"@context":"https:\/\/schema.org","@graph":[{"@type":"WebPage","@id":"https:\/\/www.integrator.si\/en\/izdelek\/hwg-ste2-merjenje-temperature-vlage-nadzor\/","url":"https:\/\/www.integrator.si\/en\/izdelek\/hwg-ste2-merjenje-temperature-vlage-nadzor\/","name":"STE2 R2 krmilnik za nadzor temperature in vlage - Integrator","isPartOf":{"@id":"https:\/\/www.integrator.si\/en\/#website"},"primaryImageOfPage":{"@id":"https:\/\/www.integrator.si\/en\/izdelek\/hwg-ste2-merjenje-temperature-vlage-nadzor\/#primaryimage"},"image":{"@id":"https:\/\/www.integrator.si\/en\/izdelek\/hwg-ste2-merjenje-temperature-vlage-nadzor\/#primaryimage"},"thumbnailUrl":"https:\/\/www.integrator.si\/wp-content\/uploads\/2023\/01\/ste2id20245.png","datePublished":"2023-01-17T06:46:34+00:00","dateModified":"2026-04-11T08:16:57+00:00","breadcrumb":{"@id":"https:\/\/www.integrator.si\/en\/izdelek\/hwg-ste2-merjenje-temperature-vlage-nadzor\/#breadcrumb"},"inLanguage":"en-US","potentialAction":[{"@type":"ReadAction","target":["https:\/\/www.integrator.si\/en\/izdelek\/hwg-ste2-merjenje-temperature-vlage-nadzor\/"]}]},{"@type":"ImageObject","inLanguage":"en-US","@id":"https:\/\/www.integrator.si\/en\/izdelek\/hwg-ste2-merjenje-temperature-vlage-nadzor\/#primaryimage","url":"https:\/\/www.integrator.si\/wp-content\/uploads\/2023\/01\/ste2id20245.png","contentUrl":"https:\/\/www.integrator.si\/wp-content\/uploads\/2023\/01\/ste2id20245.png","width":1600,"height":1069,"caption":"merjenje temperature"},{"@type":"BreadcrumbList","@id":"https:\/\/www.integrator.si\/en\/izdelek\/hwg-ste2-merjenje-temperature-vlage-nadzor\/#breadcrumb","itemListElement":[{"@type":"ListItem","position":1,"name":"Home","item":"https:\/\/www.integrator.si\/en\/"},{"@type":"ListItem","position":2,"name":"Shop","item":"https:\/\/www.integrator.si\/spletna-trgovina\/"},{"@type":"ListItem","position":3,"name":"STE2 R2 krmilnik za nadzor temperature in vlage"}]},{"@type":"WebSite","@id":"https:\/\/www.integrator.si\/en\/#website","url":"https:\/\/www.integrator.si\/en\/","name":"Integrator","description":"Distribucija tehni\u010dnega varovanja","publisher":{"@id":"https:\/\/www.integrator.si\/en\/#organization"},"potentialAction":[{"@type":"SearchAction","target":{"@type":"EntryPoint","urlTemplate":"https:\/\/www.integrator.si\/en\/?s={search_term_string}"},"query-input":{"@type":"PropertyValueSpecification","valueRequired":true,"valueName":"search_term_string"}}],"inLanguage":"en-US"},{"@type":"Organization","@id":"https:\/\/www.integrator.si\/en\/#organization","name":"Integrator","url":"https:\/\/www.integrator.si\/en\/","logo":{"@type":"ImageObject","inLanguage":"en-US","@id":"https:\/\/www.integrator.si\/en\/#\/schema\/logo\/image\/","url":"https:\/\/www.integrator.si\/wp-content\/uploads\/2022\/12\/integrator_logo.png","contentUrl":"https:\/\/www.integrator.si\/wp-content\/uploads\/2022\/12\/integrator_logo.png","width":1306,"height":222,"caption":"Integrator"},"image":{"@id":"https:\/\/www.integrator.si\/en\/#\/schema\/logo\/image\/"}}]}},"brands":[],"_links":{"self":[{"href":"https:\/\/www.integrator.si\/en\/wp-json\/wp\/v2\/product\/2076","targetHints":{"allow":["GET"]}}],"collection":[{"href":"https:\/\/www.integrator.si\/en\/wp-json\/wp\/v2\/product"}],"about":[{"href":"https:\/\/www.integrator.si\/en\/wp-json\/wp\/v2\/types\/product"}],"wp:featuredmedia":[{"embeddable":true,"href":"https:\/\/www.integrator.si\/en\/wp-json\/wp\/v2\/media\/2077"}],"wp:attachment":[{"href":"https:\/\/www.integrator.si\/en\/wp-json\/wp\/v2\/media?parent=2076"}],"wp:term":[{"taxonomy":"pwb-brand","embeddable":true,"href":"https:\/\/www.integrator.si\/en\/wp-json\/wp\/v2\/pwb-brand?post=2076"},{"taxonomy":"product_brand","embeddable":true,"href":"https:\/\/www.integrator.si\/en\/wp-json\/wp\/v2\/product_brand?post=2076"},{"taxonomy":"product_cat","embeddable":true,"href":"https:\/\/www.integrator.si\/en\/wp-json\/wp\/v2\/product_cat?post=2076"},{"taxonomy":"product_tag","embeddable":true,"href":"https:\/\/www.integrator.si\/en\/wp-json\/wp\/v2\/product_tag?post=2076"}],"curies":[{"name":"wp","href":"https:\/\/api.w.org\/{rel}","templated":true}]}}