{"id":2175,"date":"2023-01-19T14:25:37","date_gmt":"2023-01-19T13:25:37","guid":{"rendered":"https:\/\/www.integrator.si\/?post_type=product&#038;p=2175"},"modified":"2026-04-11T10:16:57","modified_gmt":"2026-04-11T08:16:57","slug":"ares-12-tset-krmilnik-za-nadzor-temperature-in-vlage","status":"publish","type":"product","link":"https:\/\/www.integrator.si\/en\/izdelek\/ares-12-tset-krmilnik-za-nadzor-temperature-in-vlage\/","title":{"rendered":"Ares 12 Tset krmilnik za nadzor temperature in vlage"},"content":{"rendered":"<p><span class=\"JLqJ4b ChMk0b\" data-language-for-alternatives=\"sl\" data-language-to-translate-into=\"en\" data-phrase-index=\"0\"><strong>HW GROUP Ares 12 Tset krmilnik za merjenje temperature, vlage in \u0161e ve\u010d (s senzorji, napajanje,..)<\/strong><\/span><\/p>\n<p><strong>Ares 12 Tset<\/strong>je industrijska enota za nadzor, krmiljenje in alarmiranje preko GSM\/LTE omre\u017eja za lokacije brez dostopa do LAN. Ares 12 LTE vklju\u010duje rezervno baterijo. Na napravo lahko priklopite do <strong>14 zunanjih senzorjev<\/strong> in<strong> 2 detektorja breznapetostna kontakta<\/strong>. Paket vsebuje anteno, senzor temperature, napajalnik, kabel za nastavitev,..<\/p>\n<p><strong>Ares 12 Tset <\/strong>nadzira od\u010ditke povezanih senzorjev za <strong>merjenje temperature, vlage<\/strong>,..<\/p>\n<p>Ko vrednost dose\u017ee alarmni prag, naprava po\u0161lje <strong>e-po\u0161to<\/strong> ali besedilno sporo\u010dilo (<strong>SMS<\/strong>) ali <strong>pokli\u010de dolo\u010dene \u0161tevilke<\/strong>. Uporabite portal <strong>SensDesk<\/strong> Technology za ogled izmerjenih podatkov na kompleksni nadzorni plo\u0161\u010di.<\/p>\n<p><strong>Ares 12 Tset <\/strong>vklju\u010duje notranjo baterijo, ki zagotavlja rezervno napajanje do 24 ur.<\/p>\n<p>Izdelki <strong>Ares 12 Tset <\/strong>podpirajo <strong>FOTA<\/strong> (<strong>Firmware Over The Air<\/strong>) za oddaljene posodobitve strojne programske opreme.<\/p>\n<p><strong>Lastnosti:<\/strong><\/p>\n<ul>\n<li>14x 1-Wire UNI\/1-Wire vhod;<\/li>\n<li>2x digitalni vhod s \u0161tevci impulzov S0;<\/li>\n<li>Data Logger za ve\u010d kot 250.000 zapisov;<\/li>\n<li>Digitalni vhodi imajo 32-bitne \u0161tevce impulzov, ki ohranijo svojo vrednost, tudi \u010de izpade napajanje<\/li>\n<li>5x E-po\u0161ta;<\/li>\n<li>5x &#8220;SMS+zvonjenje&#8221;<\/li>\n<li>Notranja baterija zagotavlja rezervno napajanje do 24 ur.<\/li>\n<\/ul>\n<p>Uporabite vmesnik USB za konfiguracijo naprave iz osebnega ra\u010dunalnika brez potrebe po namestitvi dodatne programske opreme. Mo\u017ena tudi oddaljena konfiguracija preko zavihka \u201cAresConf\u201d na portalu <strong>SensDesk<\/strong>.<br \/>\nZaradi zmo\u017enosti oddaljenega nalaganja vdelane programske opreme (FOTA) so naprave Ares idealne za obse\u017eno uporabo.<br \/>\nPovezan prek LTE in GSM\/GPRS. Seznam APN je na voljo po vsem svetu.<br \/>\nVrednost senzorja izven nastavljenega varnega obmo\u010dja kot tudi sprememba stanja DI po\u0161lje opozorilo po e-po\u0161ti ali &#8220;SMS+Ring&#8221; ali aktivira rele (prek povezane dodatne opreme &#8220;Relay Output 1-Wire UNI&#8221;).<br \/>\nPodatke lahko po\u0161ljete v e-po\u0161tnih priponkah ali prenesete prek USB-ja.<br \/>\nZdru\u017eljiv z vrsto programske opreme tretjih proizvajalcev (SCADA itd.). Primeri za programerje o uporabi izdelka so na voljo v HWg-SDK (Borland C++, MS Visual, VB, C#, PHP, JAVA in ve\u010d).<\/p>\n<p><strong>Aplikacije in uporaba<\/strong>:<\/p>\n<ul>\n<li>LTE povezava<\/li>\n<li>GPRS nadzor strojev in njihovega okolja<\/li>\n<li>Bankomati \u2013 spremljanje okolja brez poseganja v povezavo<\/li>\n<li>Umetni\u0161ki eksponati in skladi\u0161\u010da<\/li>\n<li>Skladi\u0161\u010da hrane ali materiala<\/li>\n<li>Hladilni sistemi in hladilniki<\/li>\n<\/ul>\n<p><strong>Predstavitev delovanja sistema HW GROUP SensDesk:<\/strong><\/p>\n<p><iframe title=\"First steps with GSM\/GPRS thermometer Ares set from HW group\" width=\"1290\" height=\"726\" src=\"https:\/\/www.youtube.com\/embed\/IM8QmZIxv_E?feature=oembed\" frameborder=\"0\" allow=\"accelerometer; autoplay; clipboard-write; encrypted-media; gyroscope; picture-in-picture; web-share\" allowfullscreen><\/iframe><\/p>\n<p>&nbsp;<\/p>\n","protected":false},"excerpt":{"rendered":"<p><span class=\"JLqJ4b ChMk0b\" data-language-for-alternatives=\"sl\" data-language-to-translate-into=\"en\" data-phrase-index=\"0\"><strong>HW GROUP Ares 12 Tset krmilnik za merjenje temperature, vlage in \u0161e ve\u010d (s senzorjem, napajalnikom,&#8230;)<\/strong><\/span><\/p>\n<p><strong>Ares 12 <\/strong>je industrijska enota za nadzor, krmiljenje in alarmiranje preko GSM\/LTE omre\u017eja za lokacije brez dostopa do LAN. Ares 12 LTE vklju\u010duje rezervno baterijo. Na napravo lahko priklopite do <strong>14 zunanjih senzorjev<\/strong> in<strong> 2 detektorja breznapetostna kontakta<\/strong>.<\/p>\n<p><strong>Ares 12 <\/strong>nadzira od\u010ditke povezanih senzorjev za <strong>merjenje temperature, vlage<\/strong>,..<\/p>\n","protected":false},"featured_media":2157,"template":"","meta":[],"pwb-brand":[],"product_brand":[],"product_cat":[49,50,26],"product_tag":[100,99,70],"class_list":{"0":"post-2175","1":"product","2":"type-product","3":"status-publish","4":"has-post-thumbnail","6":"product_cat-ip-krmilniki","7":"product_cat-ip-senzorji-ip-senzorji","8":"product_cat-ip-senzorji","9":"product_tag-ares12","10":"product_tag-hw-group","11":"product_tag-ip-krmilnik","13":"first","14":"instock","15":"sale","16":"taxable","17":"shipping-taxable","18":"purchasable","19":"product-type-simple"},"yoast_head":"<!-- This site is optimized with the Yoast SEO plugin v27.3 - https:\/\/yoast.com\/product\/yoast-seo-wordpress\/ -->\n<title>Ares 12 Tset krmilnik za nadzor temperature in vlage - Integrator<\/title>\n<meta name=\"robots\" content=\"index, follow, max-snippet:-1, max-image-preview:large, max-video-preview:-1\" \/>\n<link rel=\"canonical\" href=\"https:\/\/www.integrator.si\/en\/izdelek\/ares-12-tset-krmilnik-za-nadzor-temperature-in-vlage\/\" \/>\n<meta property=\"og:locale\" content=\"en_US\" \/>\n<meta property=\"og:type\" content=\"article\" \/>\n<meta property=\"og:title\" content=\"Ares 12 Tset krmilnik za nadzor temperature in vlage - Integrator\" \/>\n<meta property=\"og:description\" content=\"HW GROUP Ares 12 Tset krmilnik za merjenje temperature, vlage in \u0161e ve\u010d (s senzorjem, napajalnikom,...)  Ares 12 je industrijska enota za nadzor, krmiljenje in alarmiranje preko GSM\/LTE omre\u017eja za lokacije brez dostopa do LAN. Ares 12 LTE vklju\u010duje rezervno baterijo. Na napravo lahko priklopite do 14 zunanjih senzorjev in 2 detektorja breznapetostna kontakta.  Ares 12 nadzira od\u010ditke povezanih senzorjev za merjenje temperature, vlage,..\" \/>\n<meta property=\"og:url\" content=\"https:\/\/www.integrator.si\/en\/izdelek\/ares-12-tset-krmilnik-za-nadzor-temperature-in-vlage\/\" \/>\n<meta property=\"og:site_name\" content=\"Integrator\" \/>\n<meta property=\"article:modified_time\" content=\"2026-04-11T08:16:57+00:00\" \/>\n<meta property=\"og:image\" content=\"https:\/\/www.integrator.si\/wp-content\/uploads\/2023\/01\/ares12lte-pack.png\" \/>\n\t<meta property=\"og:image:width\" content=\"1600\" \/>\n\t<meta property=\"og:image:height\" content=\"1056\" \/>\n\t<meta property=\"og:image:type\" content=\"image\/png\" \/>\n<meta name=\"twitter:card\" content=\"summary_large_image\" \/>\n<meta name=\"twitter:label1\" content=\"Est. reading time\" \/>\n\t<meta name=\"twitter:data1\" content=\"2 minutes\" \/>\n<script type=\"application\/ld+json\" class=\"yoast-schema-graph\">{\"@context\":\"https:\\\/\\\/schema.org\",\"@graph\":[{\"@type\":\"WebPage\",\"@id\":\"https:\\\/\\\/www.integrator.si\\\/en\\\/izdelek\\\/ares-12-tset-krmilnik-za-nadzor-temperature-in-vlage\\\/\",\"url\":\"https:\\\/\\\/www.integrator.si\\\/en\\\/izdelek\\\/ares-12-tset-krmilnik-za-nadzor-temperature-in-vlage\\\/\",\"name\":\"Ares 12 Tset krmilnik za nadzor temperature in vlage - Integrator\",\"isPartOf\":{\"@id\":\"https:\\\/\\\/www.integrator.si\\\/en\\\/#website\"},\"primaryImageOfPage\":{\"@id\":\"https:\\\/\\\/www.integrator.si\\\/en\\\/izdelek\\\/ares-12-tset-krmilnik-za-nadzor-temperature-in-vlage\\\/#primaryimage\"},\"image\":{\"@id\":\"https:\\\/\\\/www.integrator.si\\\/en\\\/izdelek\\\/ares-12-tset-krmilnik-za-nadzor-temperature-in-vlage\\\/#primaryimage\"},\"thumbnailUrl\":\"https:\\\/\\\/www.integrator.si\\\/wp-content\\\/uploads\\\/2023\\\/01\\\/ares12lte-pack.png\",\"datePublished\":\"2023-01-19T13:25:37+00:00\",\"dateModified\":\"2026-04-11T08:16:57+00:00\",\"breadcrumb\":{\"@id\":\"https:\\\/\\\/www.integrator.si\\\/en\\\/izdelek\\\/ares-12-tset-krmilnik-za-nadzor-temperature-in-vlage\\\/#breadcrumb\"},\"inLanguage\":\"en-US\",\"potentialAction\":[{\"@type\":\"ReadAction\",\"target\":[\"https:\\\/\\\/www.integrator.si\\\/en\\\/izdelek\\\/ares-12-tset-krmilnik-za-nadzor-temperature-in-vlage\\\/\"]}]},{\"@type\":\"ImageObject\",\"inLanguage\":\"en-US\",\"@id\":\"https:\\\/\\\/www.integrator.si\\\/en\\\/izdelek\\\/ares-12-tset-krmilnik-za-nadzor-temperature-in-vlage\\\/#primaryimage\",\"url\":\"https:\\\/\\\/www.integrator.si\\\/wp-content\\\/uploads\\\/2023\\\/01\\\/ares12lte-pack.png\",\"contentUrl\":\"https:\\\/\\\/www.integrator.si\\\/wp-content\\\/uploads\\\/2023\\\/01\\\/ares12lte-pack.png\",\"width\":1600,\"height\":1056,\"caption\":\"merjenje temperature in vlage\"},{\"@type\":\"BreadcrumbList\",\"@id\":\"https:\\\/\\\/www.integrator.si\\\/en\\\/izdelek\\\/ares-12-tset-krmilnik-za-nadzor-temperature-in-vlage\\\/#breadcrumb\",\"itemListElement\":[{\"@type\":\"ListItem\",\"position\":1,\"name\":\"Home\",\"item\":\"https:\\\/\\\/www.integrator.si\\\/en\\\/\"},{\"@type\":\"ListItem\",\"position\":2,\"name\":\"Shop\",\"item\":\"https:\\\/\\\/www.integrator.si\\\/spletna-trgovina\\\/\"},{\"@type\":\"ListItem\",\"position\":3,\"name\":\"Ares 12 Tset krmilnik za nadzor temperature in vlage\"}]},{\"@type\":\"WebSite\",\"@id\":\"https:\\\/\\\/www.integrator.si\\\/en\\\/#website\",\"url\":\"https:\\\/\\\/www.integrator.si\\\/en\\\/\",\"name\":\"Integrator\",\"description\":\"Distribucija tehni\u010dnega varovanja\",\"publisher\":{\"@id\":\"https:\\\/\\\/www.integrator.si\\\/en\\\/#organization\"},\"potentialAction\":[{\"@type\":\"SearchAction\",\"target\":{\"@type\":\"EntryPoint\",\"urlTemplate\":\"https:\\\/\\\/www.integrator.si\\\/en\\\/?s={search_term_string}\"},\"query-input\":{\"@type\":\"PropertyValueSpecification\",\"valueRequired\":true,\"valueName\":\"search_term_string\"}}],\"inLanguage\":\"en-US\"},{\"@type\":\"Organization\",\"@id\":\"https:\\\/\\\/www.integrator.si\\\/en\\\/#organization\",\"name\":\"Integrator\",\"url\":\"https:\\\/\\\/www.integrator.si\\\/en\\\/\",\"logo\":{\"@type\":\"ImageObject\",\"inLanguage\":\"en-US\",\"@id\":\"https:\\\/\\\/www.integrator.si\\\/en\\\/#\\\/schema\\\/logo\\\/image\\\/\",\"url\":\"https:\\\/\\\/www.integrator.si\\\/wp-content\\\/uploads\\\/2022\\\/12\\\/integrator_logo.png\",\"contentUrl\":\"https:\\\/\\\/www.integrator.si\\\/wp-content\\\/uploads\\\/2022\\\/12\\\/integrator_logo.png\",\"width\":1306,\"height\":222,\"caption\":\"Integrator\"},\"image\":{\"@id\":\"https:\\\/\\\/www.integrator.si\\\/en\\\/#\\\/schema\\\/logo\\\/image\\\/\"}}]}<\/script>\n<!-- \/ Yoast SEO plugin. -->","yoast_head_json":{"title":"Ares 12 Tset krmilnik za nadzor temperature in vlage - Integrator","robots":{"index":"index","follow":"follow","max-snippet":"max-snippet:-1","max-image-preview":"max-image-preview:large","max-video-preview":"max-video-preview:-1"},"canonical":"https:\/\/www.integrator.si\/en\/izdelek\/ares-12-tset-krmilnik-za-nadzor-temperature-in-vlage\/","og_locale":"en_US","og_type":"article","og_title":"Ares 12 Tset krmilnik za nadzor temperature in vlage - Integrator","og_description":"HW GROUP Ares 12 Tset krmilnik za merjenje temperature, vlage in \u0161e ve\u010d (s senzorjem, napajalnikom,...)  Ares 12 je industrijska enota za nadzor, krmiljenje in alarmiranje preko GSM\/LTE omre\u017eja za lokacije brez dostopa do LAN. Ares 12 LTE vklju\u010duje rezervno baterijo. Na napravo lahko priklopite do 14 zunanjih senzorjev in 2 detektorja breznapetostna kontakta.  Ares 12 nadzira od\u010ditke povezanih senzorjev za merjenje temperature, vlage,..","og_url":"https:\/\/www.integrator.si\/en\/izdelek\/ares-12-tset-krmilnik-za-nadzor-temperature-in-vlage\/","og_site_name":"Integrator","article_modified_time":"2026-04-11T08:16:57+00:00","og_image":[{"width":1600,"height":1056,"url":"https:\/\/www.integrator.si\/wp-content\/uploads\/2023\/01\/ares12lte-pack.png","type":"image\/png"}],"twitter_card":"summary_large_image","twitter_misc":{"Est. reading time":"2 minutes"},"schema":{"@context":"https:\/\/schema.org","@graph":[{"@type":"WebPage","@id":"https:\/\/www.integrator.si\/en\/izdelek\/ares-12-tset-krmilnik-za-nadzor-temperature-in-vlage\/","url":"https:\/\/www.integrator.si\/en\/izdelek\/ares-12-tset-krmilnik-za-nadzor-temperature-in-vlage\/","name":"Ares 12 Tset krmilnik za nadzor temperature in vlage - Integrator","isPartOf":{"@id":"https:\/\/www.integrator.si\/en\/#website"},"primaryImageOfPage":{"@id":"https:\/\/www.integrator.si\/en\/izdelek\/ares-12-tset-krmilnik-za-nadzor-temperature-in-vlage\/#primaryimage"},"image":{"@id":"https:\/\/www.integrator.si\/en\/izdelek\/ares-12-tset-krmilnik-za-nadzor-temperature-in-vlage\/#primaryimage"},"thumbnailUrl":"https:\/\/www.integrator.si\/wp-content\/uploads\/2023\/01\/ares12lte-pack.png","datePublished":"2023-01-19T13:25:37+00:00","dateModified":"2026-04-11T08:16:57+00:00","breadcrumb":{"@id":"https:\/\/www.integrator.si\/en\/izdelek\/ares-12-tset-krmilnik-za-nadzor-temperature-in-vlage\/#breadcrumb"},"inLanguage":"en-US","potentialAction":[{"@type":"ReadAction","target":["https:\/\/www.integrator.si\/en\/izdelek\/ares-12-tset-krmilnik-za-nadzor-temperature-in-vlage\/"]}]},{"@type":"ImageObject","inLanguage":"en-US","@id":"https:\/\/www.integrator.si\/en\/izdelek\/ares-12-tset-krmilnik-za-nadzor-temperature-in-vlage\/#primaryimage","url":"https:\/\/www.integrator.si\/wp-content\/uploads\/2023\/01\/ares12lte-pack.png","contentUrl":"https:\/\/www.integrator.si\/wp-content\/uploads\/2023\/01\/ares12lte-pack.png","width":1600,"height":1056,"caption":"merjenje temperature in vlage"},{"@type":"BreadcrumbList","@id":"https:\/\/www.integrator.si\/en\/izdelek\/ares-12-tset-krmilnik-za-nadzor-temperature-in-vlage\/#breadcrumb","itemListElement":[{"@type":"ListItem","position":1,"name":"Home","item":"https:\/\/www.integrator.si\/en\/"},{"@type":"ListItem","position":2,"name":"Shop","item":"https:\/\/www.integrator.si\/spletna-trgovina\/"},{"@type":"ListItem","position":3,"name":"Ares 12 Tset krmilnik za nadzor temperature in vlage"}]},{"@type":"WebSite","@id":"https:\/\/www.integrator.si\/en\/#website","url":"https:\/\/www.integrator.si\/en\/","name":"Integrator","description":"Distribucija tehni\u010dnega varovanja","publisher":{"@id":"https:\/\/www.integrator.si\/en\/#organization"},"potentialAction":[{"@type":"SearchAction","target":{"@type":"EntryPoint","urlTemplate":"https:\/\/www.integrator.si\/en\/?s={search_term_string}"},"query-input":{"@type":"PropertyValueSpecification","valueRequired":true,"valueName":"search_term_string"}}],"inLanguage":"en-US"},{"@type":"Organization","@id":"https:\/\/www.integrator.si\/en\/#organization","name":"Integrator","url":"https:\/\/www.integrator.si\/en\/","logo":{"@type":"ImageObject","inLanguage":"en-US","@id":"https:\/\/www.integrator.si\/en\/#\/schema\/logo\/image\/","url":"https:\/\/www.integrator.si\/wp-content\/uploads\/2022\/12\/integrator_logo.png","contentUrl":"https:\/\/www.integrator.si\/wp-content\/uploads\/2022\/12\/integrator_logo.png","width":1306,"height":222,"caption":"Integrator"},"image":{"@id":"https:\/\/www.integrator.si\/en\/#\/schema\/logo\/image\/"}}]}},"brands":[],"_links":{"self":[{"href":"https:\/\/www.integrator.si\/en\/wp-json\/wp\/v2\/product\/2175","targetHints":{"allow":["GET"]}}],"collection":[{"href":"https:\/\/www.integrator.si\/en\/wp-json\/wp\/v2\/product"}],"about":[{"href":"https:\/\/www.integrator.si\/en\/wp-json\/wp\/v2\/types\/product"}],"wp:featuredmedia":[{"embeddable":true,"href":"https:\/\/www.integrator.si\/en\/wp-json\/wp\/v2\/media\/2157"}],"wp:attachment":[{"href":"https:\/\/www.integrator.si\/en\/wp-json\/wp\/v2\/media?parent=2175"}],"wp:term":[{"taxonomy":"pwb-brand","embeddable":true,"href":"https:\/\/www.integrator.si\/en\/wp-json\/wp\/v2\/pwb-brand?post=2175"},{"taxonomy":"product_brand","embeddable":true,"href":"https:\/\/www.integrator.si\/en\/wp-json\/wp\/v2\/product_brand?post=2175"},{"taxonomy":"product_cat","embeddable":true,"href":"https:\/\/www.integrator.si\/en\/wp-json\/wp\/v2\/product_cat?post=2175"},{"taxonomy":"product_tag","embeddable":true,"href":"https:\/\/www.integrator.si\/en\/wp-json\/wp\/v2\/product_tag?post=2175"}],"curies":[{"name":"wp","href":"https:\/\/api.w.org\/{rel}","templated":true}]}}