{"id":2566,"date":"2025-10-11T22:38:50","date_gmt":"2025-10-11T20:38:50","guid":{"rendered":"https:\/\/www.integrator.si\/?post_type=product&#038;p=2566"},"modified":"2026-04-11T10:16:57","modified_gmt":"2026-04-11T08:16:57","slug":"ajax-tipkovnica-za-alarm","status":"publish","type":"product","link":"https:\/\/www.integrator.si\/en\/izdelek\/ajax-tipkovnica-za-alarm\/","title":{"rendered":"Ajax Tipkovnica za alarm, \u010drna"},"content":{"rendered":"<p><strong>AJAX Tipkovnica \u010drna<\/strong><\/p>\n<p><strong>Ajax Tipkovnica<\/strong> (Keypad) brez\u017ei\u010dna tipkovnica se uporablja za vklop\/izklop varnostnega sistema Ajax. Vgrajena naj bo blizu vhodnih vrat, da omogo\u010da hiter dostop.<\/p>\n<p>Garancija 2 leti razen na vgrajene baterije.<\/p>\n<p><strong>Uporaba:<\/strong> Za dom in stanovanje, Za pisarno, Za trgovino, poslovne objekte,\u2026<\/p>\n<p><strong>AJAX Tipkovnica<\/strong>\u00a0je <strong>brez\u017ei\u010dna tipkovnica<\/strong> za dom ali pisarno.<\/p>\n<p><strong>Lastnosti:<\/strong><\/p>\n<p>Preverjanje pristnosti, da se prepre\u010di ponarejanje<\/p>\n<p>Odkrivanje motenj in \u0161ifriranje komunikacijskih kanalov<\/p>\n<p>Opozorilni alarm<\/p>\n<p>&nbsp;<\/p>\n<p><iframe title=\"PD 6662:2017 | How to set up intrusion alarm confirmation in the Ajax security system\" width=\"1290\" height=\"726\" src=\"https:\/\/www.youtube.com\/embed\/IIc9NpLviKE?feature=oembed\" frameborder=\"0\" allow=\"accelerometer; autoplay; clipboard-write; encrypted-media; gyroscope; picture-in-picture; web-share\" referrerpolicy=\"strict-origin-when-cross-origin\" allowfullscreen><\/iframe><\/p>\n<p>&nbsp;<\/p>\n<p>&nbsp;<\/p>\n","protected":false},"excerpt":{"rendered":"<p><strong>Ajax Tipkovnica\/Keypad<\/strong> brez\u017ei\u010dna tipkovnica se uporablja za vklop\/izklop varnostnega sistema Ajax. Vgrajena naj bo blizu vhodnih vrat, da omogo\u010da hiter dostop.<\/p>\n","protected":false},"featured_media":2570,"template":"","meta":[],"pwb-brand":[113],"product_brand":[],"product_cat":[22,35,34],"product_tag":[117,116],"class_list":{"0":"post-2566","1":"product","2":"type-product","3":"status-publish","4":"has-post-thumbnail","6":"pwb-brand-ajax","7":"product_cat-alarmni-sistemi","8":"product_cat-dodatna-oprema","9":"product_cat-tipkovnice-in-sirene","10":"product_tag-keypad","11":"product_tag-tipkovnica","12":"product_shipping_class-slovenia","14":"first","15":"instock","16":"sale","17":"taxable","18":"shipping-taxable","19":"purchasable","20":"product-type-simple"},"yoast_head":"<!-- This site is optimized with the Yoast SEO plugin v27.3 - https:\/\/yoast.com\/product\/yoast-seo-wordpress\/ -->\n<title>Ajax Tipkovnica za alarm, \u010drna - Integrator<\/title>\n<meta name=\"description\" content=\"Ajax Tipkovnica (Keypad) brez\u017ei\u010dna tipkovnica se uporablja za vklop\/izklop varnostnega sistema Ajax. Vgrajena naj bo blizu vhodnih vrat.\" \/>\n<meta name=\"robots\" content=\"index, follow, max-snippet:-1, max-image-preview:large, max-video-preview:-1\" \/>\n<link rel=\"canonical\" href=\"https:\/\/www.integrator.si\/en\/izdelek\/ajax-tipkovnica-za-alarm\/\" \/>\n<meta property=\"og:locale\" content=\"en_US\" \/>\n<meta property=\"og:type\" content=\"article\" \/>\n<meta property=\"og:title\" content=\"Ajax Tipkovnica za alarm, \u010drna - Integrator\" \/>\n<meta property=\"og:description\" content=\"Ajax Tipkovnica (Keypad) brez\u017ei\u010dna tipkovnica se uporablja za vklop\/izklop varnostnega sistema Ajax. Vgrajena naj bo blizu vhodnih vrat.\" \/>\n<meta property=\"og:url\" content=\"https:\/\/www.integrator.si\/en\/izdelek\/ajax-tipkovnica-za-alarm\/\" \/>\n<meta property=\"og:site_name\" content=\"Integrator\" \/>\n<meta property=\"article:modified_time\" content=\"2026-04-11T08:16:57+00:00\" \/>\n<meta property=\"og:image\" content=\"https:\/\/www.integrator.si\/wp-content\/uploads\/2025\/10\/AJAX-keypad-Tipkovnica-crn.jpg\" \/>\n\t<meta property=\"og:image:width\" content=\"600\" \/>\n\t<meta property=\"og:image:height\" content=\"600\" \/>\n\t<meta property=\"og:image:type\" content=\"image\/jpeg\" \/>\n<meta name=\"twitter:card\" content=\"summary_large_image\" \/>\n<meta name=\"twitter:label1\" content=\"Est. reading time\" \/>\n\t<meta name=\"twitter:data1\" content=\"1 minute\" \/>\n<script type=\"application\/ld+json\" class=\"yoast-schema-graph\">{\"@context\":\"https:\\\/\\\/schema.org\",\"@graph\":[{\"@type\":\"WebPage\",\"@id\":\"https:\\\/\\\/www.integrator.si\\\/en\\\/izdelek\\\/ajax-tipkovnica-za-alarm\\\/\",\"url\":\"https:\\\/\\\/www.integrator.si\\\/en\\\/izdelek\\\/ajax-tipkovnica-za-alarm\\\/\",\"name\":\"Ajax Tipkovnica za alarm, \u010drna - Integrator\",\"isPartOf\":{\"@id\":\"https:\\\/\\\/www.integrator.si\\\/en\\\/#website\"},\"primaryImageOfPage\":{\"@id\":\"https:\\\/\\\/www.integrator.si\\\/en\\\/izdelek\\\/ajax-tipkovnica-za-alarm\\\/#primaryimage\"},\"image\":{\"@id\":\"https:\\\/\\\/www.integrator.si\\\/en\\\/izdelek\\\/ajax-tipkovnica-za-alarm\\\/#primaryimage\"},\"thumbnailUrl\":\"https:\\\/\\\/www.integrator.si\\\/wp-content\\\/uploads\\\/2025\\\/10\\\/AJAX-keypad-Tipkovnica-crn.jpg\",\"datePublished\":\"2025-10-11T20:38:50+00:00\",\"dateModified\":\"2026-04-11T08:16:57+00:00\",\"description\":\"Ajax Tipkovnica (Keypad) brez\u017ei\u010dna tipkovnica se uporablja za vklop\\\/izklop varnostnega sistema Ajax. Vgrajena naj bo blizu vhodnih vrat.\",\"breadcrumb\":{\"@id\":\"https:\\\/\\\/www.integrator.si\\\/en\\\/izdelek\\\/ajax-tipkovnica-za-alarm\\\/#breadcrumb\"},\"inLanguage\":\"en-US\",\"potentialAction\":[{\"@type\":\"ReadAction\",\"target\":[\"https:\\\/\\\/www.integrator.si\\\/en\\\/izdelek\\\/ajax-tipkovnica-za-alarm\\\/\"]}]},{\"@type\":\"ImageObject\",\"inLanguage\":\"en-US\",\"@id\":\"https:\\\/\\\/www.integrator.si\\\/en\\\/izdelek\\\/ajax-tipkovnica-za-alarm\\\/#primaryimage\",\"url\":\"https:\\\/\\\/www.integrator.si\\\/wp-content\\\/uploads\\\/2025\\\/10\\\/AJAX-keypad-Tipkovnica-crn.jpg\",\"contentUrl\":\"https:\\\/\\\/www.integrator.si\\\/wp-content\\\/uploads\\\/2025\\\/10\\\/AJAX-keypad-Tipkovnica-crn.jpg\",\"width\":600,\"height\":600,\"caption\":\"AJAX Tipkovnica za alarmni sistem\"},{\"@type\":\"BreadcrumbList\",\"@id\":\"https:\\\/\\\/www.integrator.si\\\/en\\\/izdelek\\\/ajax-tipkovnica-za-alarm\\\/#breadcrumb\",\"itemListElement\":[{\"@type\":\"ListItem\",\"position\":1,\"name\":\"Home\",\"item\":\"https:\\\/\\\/www.integrator.si\\\/en\\\/\"},{\"@type\":\"ListItem\",\"position\":2,\"name\":\"Shop\",\"item\":\"https:\\\/\\\/www.integrator.si\\\/spletna-trgovina\\\/\"},{\"@type\":\"ListItem\",\"position\":3,\"name\":\"Ajax Tipkovnica za alarm, \u010drna\"}]},{\"@type\":\"WebSite\",\"@id\":\"https:\\\/\\\/www.integrator.si\\\/en\\\/#website\",\"url\":\"https:\\\/\\\/www.integrator.si\\\/en\\\/\",\"name\":\"Integrator\",\"description\":\"Distribucija tehni\u010dnega varovanja\",\"publisher\":{\"@id\":\"https:\\\/\\\/www.integrator.si\\\/en\\\/#organization\"},\"potentialAction\":[{\"@type\":\"SearchAction\",\"target\":{\"@type\":\"EntryPoint\",\"urlTemplate\":\"https:\\\/\\\/www.integrator.si\\\/en\\\/?s={search_term_string}\"},\"query-input\":{\"@type\":\"PropertyValueSpecification\",\"valueRequired\":true,\"valueName\":\"search_term_string\"}}],\"inLanguage\":\"en-US\"},{\"@type\":\"Organization\",\"@id\":\"https:\\\/\\\/www.integrator.si\\\/en\\\/#organization\",\"name\":\"Integrator\",\"url\":\"https:\\\/\\\/www.integrator.si\\\/en\\\/\",\"logo\":{\"@type\":\"ImageObject\",\"inLanguage\":\"en-US\",\"@id\":\"https:\\\/\\\/www.integrator.si\\\/en\\\/#\\\/schema\\\/logo\\\/image\\\/\",\"url\":\"https:\\\/\\\/www.integrator.si\\\/wp-content\\\/uploads\\\/2022\\\/12\\\/integrator_logo.png\",\"contentUrl\":\"https:\\\/\\\/www.integrator.si\\\/wp-content\\\/uploads\\\/2022\\\/12\\\/integrator_logo.png\",\"width\":1306,\"height\":222,\"caption\":\"Integrator\"},\"image\":{\"@id\":\"https:\\\/\\\/www.integrator.si\\\/en\\\/#\\\/schema\\\/logo\\\/image\\\/\"}}]}<\/script>\n<!-- \/ Yoast SEO plugin. -->","yoast_head_json":{"title":"Ajax Tipkovnica za alarm, \u010drna - Integrator","description":"Ajax Tipkovnica (Keypad) brez\u017ei\u010dna tipkovnica se uporablja za vklop\/izklop varnostnega sistema Ajax. Vgrajena naj bo blizu vhodnih vrat.","robots":{"index":"index","follow":"follow","max-snippet":"max-snippet:-1","max-image-preview":"max-image-preview:large","max-video-preview":"max-video-preview:-1"},"canonical":"https:\/\/www.integrator.si\/en\/izdelek\/ajax-tipkovnica-za-alarm\/","og_locale":"en_US","og_type":"article","og_title":"Ajax Tipkovnica za alarm, \u010drna - Integrator","og_description":"Ajax Tipkovnica (Keypad) brez\u017ei\u010dna tipkovnica se uporablja za vklop\/izklop varnostnega sistema Ajax. Vgrajena naj bo blizu vhodnih vrat.","og_url":"https:\/\/www.integrator.si\/en\/izdelek\/ajax-tipkovnica-za-alarm\/","og_site_name":"Integrator","article_modified_time":"2026-04-11T08:16:57+00:00","og_image":[{"width":600,"height":600,"url":"https:\/\/www.integrator.si\/wp-content\/uploads\/2025\/10\/AJAX-keypad-Tipkovnica-crn.jpg","type":"image\/jpeg"}],"twitter_card":"summary_large_image","twitter_misc":{"Est. reading time":"1 minute"},"schema":{"@context":"https:\/\/schema.org","@graph":[{"@type":"WebPage","@id":"https:\/\/www.integrator.si\/en\/izdelek\/ajax-tipkovnica-za-alarm\/","url":"https:\/\/www.integrator.si\/en\/izdelek\/ajax-tipkovnica-za-alarm\/","name":"Ajax Tipkovnica za alarm, \u010drna - Integrator","isPartOf":{"@id":"https:\/\/www.integrator.si\/en\/#website"},"primaryImageOfPage":{"@id":"https:\/\/www.integrator.si\/en\/izdelek\/ajax-tipkovnica-za-alarm\/#primaryimage"},"image":{"@id":"https:\/\/www.integrator.si\/en\/izdelek\/ajax-tipkovnica-za-alarm\/#primaryimage"},"thumbnailUrl":"https:\/\/www.integrator.si\/wp-content\/uploads\/2025\/10\/AJAX-keypad-Tipkovnica-crn.jpg","datePublished":"2025-10-11T20:38:50+00:00","dateModified":"2026-04-11T08:16:57+00:00","description":"Ajax Tipkovnica (Keypad) brez\u017ei\u010dna tipkovnica se uporablja za vklop\/izklop varnostnega sistema Ajax. Vgrajena naj bo blizu vhodnih vrat.","breadcrumb":{"@id":"https:\/\/www.integrator.si\/en\/izdelek\/ajax-tipkovnica-za-alarm\/#breadcrumb"},"inLanguage":"en-US","potentialAction":[{"@type":"ReadAction","target":["https:\/\/www.integrator.si\/en\/izdelek\/ajax-tipkovnica-za-alarm\/"]}]},{"@type":"ImageObject","inLanguage":"en-US","@id":"https:\/\/www.integrator.si\/en\/izdelek\/ajax-tipkovnica-za-alarm\/#primaryimage","url":"https:\/\/www.integrator.si\/wp-content\/uploads\/2025\/10\/AJAX-keypad-Tipkovnica-crn.jpg","contentUrl":"https:\/\/www.integrator.si\/wp-content\/uploads\/2025\/10\/AJAX-keypad-Tipkovnica-crn.jpg","width":600,"height":600,"caption":"AJAX Tipkovnica za alarmni sistem"},{"@type":"BreadcrumbList","@id":"https:\/\/www.integrator.si\/en\/izdelek\/ajax-tipkovnica-za-alarm\/#breadcrumb","itemListElement":[{"@type":"ListItem","position":1,"name":"Home","item":"https:\/\/www.integrator.si\/en\/"},{"@type":"ListItem","position":2,"name":"Shop","item":"https:\/\/www.integrator.si\/spletna-trgovina\/"},{"@type":"ListItem","position":3,"name":"Ajax Tipkovnica za alarm, \u010drna"}]},{"@type":"WebSite","@id":"https:\/\/www.integrator.si\/en\/#website","url":"https:\/\/www.integrator.si\/en\/","name":"Integrator","description":"Distribucija tehni\u010dnega varovanja","publisher":{"@id":"https:\/\/www.integrator.si\/en\/#organization"},"potentialAction":[{"@type":"SearchAction","target":{"@type":"EntryPoint","urlTemplate":"https:\/\/www.integrator.si\/en\/?s={search_term_string}"},"query-input":{"@type":"PropertyValueSpecification","valueRequired":true,"valueName":"search_term_string"}}],"inLanguage":"en-US"},{"@type":"Organization","@id":"https:\/\/www.integrator.si\/en\/#organization","name":"Integrator","url":"https:\/\/www.integrator.si\/en\/","logo":{"@type":"ImageObject","inLanguage":"en-US","@id":"https:\/\/www.integrator.si\/en\/#\/schema\/logo\/image\/","url":"https:\/\/www.integrator.si\/wp-content\/uploads\/2022\/12\/integrator_logo.png","contentUrl":"https:\/\/www.integrator.si\/wp-content\/uploads\/2022\/12\/integrator_logo.png","width":1306,"height":222,"caption":"Integrator"},"image":{"@id":"https:\/\/www.integrator.si\/en\/#\/schema\/logo\/image\/"}}]}},"brands":[{"id":113,"name":"AJAX","slug":"ajax"}],"_links":{"self":[{"href":"https:\/\/www.integrator.si\/en\/wp-json\/wp\/v2\/product\/2566","targetHints":{"allow":["GET"]}}],"collection":[{"href":"https:\/\/www.integrator.si\/en\/wp-json\/wp\/v2\/product"}],"about":[{"href":"https:\/\/www.integrator.si\/en\/wp-json\/wp\/v2\/types\/product"}],"wp:featuredmedia":[{"embeddable":true,"href":"https:\/\/www.integrator.si\/en\/wp-json\/wp\/v2\/media\/2570"}],"wp:attachment":[{"href":"https:\/\/www.integrator.si\/en\/wp-json\/wp\/v2\/media?parent=2566"}],"wp:term":[{"taxonomy":"pwb-brand","embeddable":true,"href":"https:\/\/www.integrator.si\/en\/wp-json\/wp\/v2\/pwb-brand?post=2566"},{"taxonomy":"product_brand","embeddable":true,"href":"https:\/\/www.integrator.si\/en\/wp-json\/wp\/v2\/product_brand?post=2566"},{"taxonomy":"product_cat","embeddable":true,"href":"https:\/\/www.integrator.si\/en\/wp-json\/wp\/v2\/product_cat?post=2566"},{"taxonomy":"product_tag","embeddable":true,"href":"https:\/\/www.integrator.si\/en\/wp-json\/wp\/v2\/product_tag?post=2566"}],"curies":[{"name":"wp","href":"https:\/\/api.w.org\/{rel}","templated":true}]}}