{"id":667,"date":"2022-12-28T12:43:06","date_gmt":"2022-12-28T11:43:06","guid":{"rendered":"https:\/\/www.integrator.si\/?post_type=product&#038;p=667"},"modified":"2026-04-11T10:16:57","modified_gmt":"2026-04-11T08:16:57","slug":"ipc3614le","status":"publish","type":"product","link":"https:\/\/www.integrator.si\/en\/izdelek\/ipc3614le\/","title":{"rendered":"4MP IP zunanja turret kamera, IPC3614LE"},"content":{"rendered":"<p><strong>4MP IP zunanja turret kamera 2.8mm z 30m IR, Uniview<\/strong><br \/>\n1\/3&#8243; CMOS \/ 0.005Lux (barvno), ICR, 2688*1520: 25fps, Ultra 265\/H.264\/MJPEG, Triple stream, DC12V &amp; PoE,<br \/>\nobjektiv 2.8mm@F1.6, <strong>\u0161irina kota: 105.3\u00b0<\/strong>, <strong>Micro SD, do 256 GB<\/strong>, <strong>WDR 120db<\/strong>, IR osvetlitev: do 30m, <strong>3-Axis<\/strong>.<br \/>\n<strong>Za\u0161\u010dita<\/strong>: <strong>IP67<\/strong><\/p>\n<p><strong>Dimenzije<\/strong>: \u03a6118 x 96mm.<\/p>\n<p><strong>Nastavljivost<\/strong>: 0\u00b0 ~ 360\u00b0<\/p>\n<p><strong>Podpira pametne funkcije<\/strong>: Human Body Detection, Tampering, Audio detection.<\/p>\n<p><strong>Opcijsko podno\u017eje<\/strong>: TR-JB03-I-IN.<\/p>\n<p>Aplikacija za mobilni telefon:<\/p>\n<table style=\"height: 315px;\" border=\"0\" width=\"363\" cellspacing=\"0\" cellpadding=\"8\">\n<tbody>\n<tr>\n<td align=\"center\" width=\"200\" height=\"90\"><a href=\"https:\/\/itunes.apple.com\/us\/app\/ezview-mobile-video-surveillance\/id979189794?mt=8\" target=\"_blank\" rel=\"noopener\"><img decoding=\"async\" class=\"alignnone\" src=\"https:\/\/en.uniview.com\/res\/201507\/01\/20150701_1603561_ios_787773_140445_0.jpg\" alt=\"\" width=\"180\" height=\"70\" border=\"0\" \/><\/a><\/td>\n<td align=\"center\" width=\"200\" height=\"90\"><a href=\"http:\/\/en.mycloud.uniview.com\/android\/ezview.apk\"><img decoding=\"async\" class=\"alignnone\" src=\"https:\/\/en.uniview.com\/res\/201507\/01\/20150701_1603562_android_787773_140445_0.jpg\" alt=\"EZVIEW APP\" width=\"180\" height=\"70\" border=\"0\" \/><\/a><\/td>\n<\/tr>\n<tr>\n<td align=\"center\"><img decoding=\"async\" src=\"https:\/\/en.uniview.com\/res\/201807\/28\/20180728_1641174_e_787773_140445_0.jpg\" border=\"0\" \/><\/td>\n<td align=\"center\"><img decoding=\"async\" src=\"https:\/\/en.uniview.com\/res\/201807\/28\/20180728_1641174_e_787773_140445_0.jpg\" border=\"0\" \/><\/td>\n<\/tr>\n<\/tbody>\n<\/table>\n<p><strong>Video navodila za nastavitve IP kamere:<\/strong><\/p>\n<p><iframe title=\"How to setup system of UNV IPC about basic operations\" width=\"1290\" height=\"726\" src=\"https:\/\/www.youtube.com\/embed\/vggfmA7qDb0?feature=oembed\" frameborder=\"0\" allow=\"accelerometer; autoplay; clipboard-write; encrypted-media; gyroscope; picture-in-picture; web-share\" referrerpolicy=\"strict-origin-when-cross-origin\" allowfullscreen><\/iframe><\/p>\n<p><strong><u>Kaj morate vedete preden kupite video nadzorni sistem<\/u><\/strong><strong><u>?<\/u><\/strong><\/p>\n<p><strong>Video sistem sestavljajo<\/strong><\/p>\n<ol>\n<li><strong>Kamere:<\/strong>Kamere so lahko\u00a0IP kamere\u00a0ali\u00a0analogne kamere\u00a0(AHD,\u2026). V obeh primerih je sedaj mo\u017eno imeti ve\u010d MP (MegaPixel) resolucije. Sedaj se v ve\u010djem primeru uporabljajo IP kamere. Glavne funkcije po katerih se kamere razlikujejo so: fiksna, varifokalna, z motornim zoomom, vrtljive (PTZ), WDR,\u2026 Za pravilno izbiro nas lahko kontaktirate. Svetovali vam bomo s svojimi ve\u010d letnimi izku\u0161njami.<\/li>\n<li><strong> Snemalniki:<\/strong> Snemalniki so lahko\u00a0NVR\u00a0ali\u00a0DVR\u00a0(IP, analogni ali hibridni). Snemalnik omogo\u010da, da se posnetki shranijo in tudi zavarujejo. Snemalnike v osnovi delimo \u0161e na samostojne in serverske. Za manj\u0161e objekte se izbirajo samostojni, ki imajo ve\u010dkrat \u017ee vgrajen PoE napajalnik za kamere. Sistemi so za razli\u010dne potrebe in velikosti. V primeru vpra\u0161anje smo vam na voljo.<\/li>\n<li><strong> Monitorji<\/strong>: \u017divo sliko in posnetke je potrebno nekje prikazovati. Monitorji omogo\u010dajo ravno. Dana\u0161nji sodobni snemalniki vam bodo omogo\u010dali prikazovanje slike na monitorju preko <strong>VGA<\/strong> in <strong>HDMI<\/strong> priklopa.<\/li>\n<li><strong> Druge naprave<\/strong>:\u00a0V\u010dasih so potrebe tudi po dodatnih napravah. Sistem ali uporabnik morda \u017eeli dodatne video monitorje, ro\u010dni krmilnik za vrtljive kamere, <strong>switch<\/strong> stikala za ve\u010dje sisteme itd. Nekaj teh naprav je tukaj na\u0161tetih (<strong>switch<\/strong>, <strong>multiplekserji<\/strong>, <strong>matri\u010dna stikala, joystick, pretvorniki<\/strong>,\u2026).<\/li>\n<li><strong> Aplikacije<\/strong>:\u00a0Osnovni uporabniki bodo s snemalnikom dobili tudi aplikacijo, da bodo lahko gledali posnetke na svojem mobilnem telefonu (zato potrebujete internet na lokaciji snemalnika). Dodatno so mo\u017ene \u0161e druge aplikacije, ki zdru\u017eujejo snemalnike, prikazujejo \u017eivo sliko na drugi lokaciji,\u2026 V primeru dodatnih zahtev, se vedno posvetujte s strokovnjakom, saj vam bo lahko svetoval glede na va\u0161e potrebe.<\/li>\n<\/ol>\n<p>&nbsp;<\/p>\n","protected":false},"excerpt":{"rendered":"<p><strong>4MP<\/strong> IP kamera za varovanje doma. <strong>\u0160irina kota<\/strong>: 105.3\u00b0, Podpira: <strong>Micro SD<\/strong>, do 256 GB, <strong>No\u010dno\/Dnevna<\/strong>, WDR 120db.<\/p>\n","protected":false},"featured_media":668,"template":"","meta":[],"pwb-brand":[],"product_brand":[],"product_cat":[27,21],"product_tag":[57,60,58,59],"class_list":{"0":"post-667","1":"product","2":"type-product","3":"status-publish","4":"has-post-thumbnail","6":"product_cat-ip-kamere","7":"product_cat-video-nadzor","8":"product_tag-4mp","9":"product_tag-fiksni-objektiv","10":"product_tag-kupolasta","11":"product_tag-zunanja","13":"first","14":"instock","15":"taxable","16":"shipping-taxable","17":"purchasable","18":"product-type-simple"},"yoast_head":"<!-- This site is optimized with the Yoast SEO plugin v27.3 - https:\/\/yoast.com\/product\/yoast-seo-wordpress\/ -->\n<title>4MP IP zunanja turret kamera, IPC3614LE - Integrator<\/title>\n<meta name=\"robots\" content=\"index, follow, max-snippet:-1, max-image-preview:large, max-video-preview:-1\" \/>\n<link rel=\"canonical\" href=\"https:\/\/www.integrator.si\/en\/izdelek\/ipc3614le\/\" \/>\n<meta property=\"og:locale\" content=\"en_US\" \/>\n<meta property=\"og:type\" content=\"article\" \/>\n<meta property=\"og:title\" content=\"4MP IP zunanja turret kamera, IPC3614LE - Integrator\" \/>\n<meta property=\"og:description\" content=\"4MP IP kamera za varovanje doma. \u0160irina kota: 105.3\u00b0, Podpira: Micro SD, do 256 GB, No\u010dno\/Dnevna, WDR 120db.\" \/>\n<meta property=\"og:url\" content=\"https:\/\/www.integrator.si\/en\/izdelek\/ipc3614le\/\" \/>\n<meta property=\"og:site_name\" content=\"Integrator\" \/>\n<meta property=\"article:modified_time\" content=\"2026-04-11T08:16:57+00:00\" \/>\n<meta property=\"og:image\" content=\"https:\/\/www.integrator.si\/wp-content\/uploads\/2022\/12\/20191008_1735678_1_857119_140445_0.jpg\" \/>\n\t<meta property=\"og:image:width\" content=\"510\" \/>\n\t<meta property=\"og:image:height\" content=\"348\" \/>\n\t<meta property=\"og:image:type\" content=\"image\/jpeg\" \/>\n<meta name=\"twitter:card\" content=\"summary_large_image\" \/>\n<meta name=\"twitter:label1\" content=\"Est. reading time\" \/>\n\t<meta name=\"twitter:data1\" content=\"3 minutes\" \/>\n<script type=\"application\/ld+json\" class=\"yoast-schema-graph\">{\"@context\":\"https:\\\/\\\/schema.org\",\"@graph\":[{\"@type\":\"WebPage\",\"@id\":\"https:\\\/\\\/www.integrator.si\\\/en\\\/izdelek\\\/ipc3614le\\\/\",\"url\":\"https:\\\/\\\/www.integrator.si\\\/en\\\/izdelek\\\/ipc3614le\\\/\",\"name\":\"4MP IP zunanja turret kamera, IPC3614LE - Integrator\",\"isPartOf\":{\"@id\":\"https:\\\/\\\/www.integrator.si\\\/en\\\/#website\"},\"primaryImageOfPage\":{\"@id\":\"https:\\\/\\\/www.integrator.si\\\/en\\\/izdelek\\\/ipc3614le\\\/#primaryimage\"},\"image\":{\"@id\":\"https:\\\/\\\/www.integrator.si\\\/en\\\/izdelek\\\/ipc3614le\\\/#primaryimage\"},\"thumbnailUrl\":\"https:\\\/\\\/www.integrator.si\\\/wp-content\\\/uploads\\\/2022\\\/12\\\/20191008_1735678_1_857119_140445_0.jpg\",\"datePublished\":\"2022-12-28T11:43:06+00:00\",\"dateModified\":\"2026-04-11T08:16:57+00:00\",\"breadcrumb\":{\"@id\":\"https:\\\/\\\/www.integrator.si\\\/en\\\/izdelek\\\/ipc3614le\\\/#breadcrumb\"},\"inLanguage\":\"en-US\",\"potentialAction\":[{\"@type\":\"ReadAction\",\"target\":[\"https:\\\/\\\/www.integrator.si\\\/en\\\/izdelek\\\/ipc3614le\\\/\"]}]},{\"@type\":\"ImageObject\",\"inLanguage\":\"en-US\",\"@id\":\"https:\\\/\\\/www.integrator.si\\\/en\\\/izdelek\\\/ipc3614le\\\/#primaryimage\",\"url\":\"https:\\\/\\\/www.integrator.si\\\/wp-content\\\/uploads\\\/2022\\\/12\\\/20191008_1735678_1_857119_140445_0.jpg\",\"contentUrl\":\"https:\\\/\\\/www.integrator.si\\\/wp-content\\\/uploads\\\/2022\\\/12\\\/20191008_1735678_1_857119_140445_0.jpg\",\"width\":510,\"height\":348,\"caption\":\"IP kamere\"},{\"@type\":\"BreadcrumbList\",\"@id\":\"https:\\\/\\\/www.integrator.si\\\/en\\\/izdelek\\\/ipc3614le\\\/#breadcrumb\",\"itemListElement\":[{\"@type\":\"ListItem\",\"position\":1,\"name\":\"Home\",\"item\":\"https:\\\/\\\/www.integrator.si\\\/en\\\/\"},{\"@type\":\"ListItem\",\"position\":2,\"name\":\"Shop\",\"item\":\"https:\\\/\\\/www.integrator.si\\\/spletna-trgovina\\\/\"},{\"@type\":\"ListItem\",\"position\":3,\"name\":\"4MP IP zunanja turret kamera, IPC3614LE\"}]},{\"@type\":\"WebSite\",\"@id\":\"https:\\\/\\\/www.integrator.si\\\/en\\\/#website\",\"url\":\"https:\\\/\\\/www.integrator.si\\\/en\\\/\",\"name\":\"Integrator\",\"description\":\"Distribucija tehni\u010dnega varovanja\",\"publisher\":{\"@id\":\"https:\\\/\\\/www.integrator.si\\\/en\\\/#organization\"},\"potentialAction\":[{\"@type\":\"SearchAction\",\"target\":{\"@type\":\"EntryPoint\",\"urlTemplate\":\"https:\\\/\\\/www.integrator.si\\\/en\\\/?s={search_term_string}\"},\"query-input\":{\"@type\":\"PropertyValueSpecification\",\"valueRequired\":true,\"valueName\":\"search_term_string\"}}],\"inLanguage\":\"en-US\"},{\"@type\":\"Organization\",\"@id\":\"https:\\\/\\\/www.integrator.si\\\/en\\\/#organization\",\"name\":\"Integrator\",\"url\":\"https:\\\/\\\/www.integrator.si\\\/en\\\/\",\"logo\":{\"@type\":\"ImageObject\",\"inLanguage\":\"en-US\",\"@id\":\"https:\\\/\\\/www.integrator.si\\\/en\\\/#\\\/schema\\\/logo\\\/image\\\/\",\"url\":\"https:\\\/\\\/www.integrator.si\\\/wp-content\\\/uploads\\\/2022\\\/12\\\/integrator_logo.png\",\"contentUrl\":\"https:\\\/\\\/www.integrator.si\\\/wp-content\\\/uploads\\\/2022\\\/12\\\/integrator_logo.png\",\"width\":1306,\"height\":222,\"caption\":\"Integrator\"},\"image\":{\"@id\":\"https:\\\/\\\/www.integrator.si\\\/en\\\/#\\\/schema\\\/logo\\\/image\\\/\"}}]}<\/script>\n<!-- \/ Yoast SEO plugin. -->","yoast_head_json":{"title":"4MP IP zunanja turret kamera, IPC3614LE - Integrator","robots":{"index":"index","follow":"follow","max-snippet":"max-snippet:-1","max-image-preview":"max-image-preview:large","max-video-preview":"max-video-preview:-1"},"canonical":"https:\/\/www.integrator.si\/en\/izdelek\/ipc3614le\/","og_locale":"en_US","og_type":"article","og_title":"4MP IP zunanja turret kamera, IPC3614LE - Integrator","og_description":"4MP IP kamera za varovanje doma. \u0160irina kota: 105.3\u00b0, Podpira: Micro SD, do 256 GB, No\u010dno\/Dnevna, WDR 120db.","og_url":"https:\/\/www.integrator.si\/en\/izdelek\/ipc3614le\/","og_site_name":"Integrator","article_modified_time":"2026-04-11T08:16:57+00:00","og_image":[{"width":510,"height":348,"url":"https:\/\/www.integrator.si\/wp-content\/uploads\/2022\/12\/20191008_1735678_1_857119_140445_0.jpg","type":"image\/jpeg"}],"twitter_card":"summary_large_image","twitter_misc":{"Est. reading time":"3 minutes"},"schema":{"@context":"https:\/\/schema.org","@graph":[{"@type":"WebPage","@id":"https:\/\/www.integrator.si\/en\/izdelek\/ipc3614le\/","url":"https:\/\/www.integrator.si\/en\/izdelek\/ipc3614le\/","name":"4MP IP zunanja turret kamera, IPC3614LE - Integrator","isPartOf":{"@id":"https:\/\/www.integrator.si\/en\/#website"},"primaryImageOfPage":{"@id":"https:\/\/www.integrator.si\/en\/izdelek\/ipc3614le\/#primaryimage"},"image":{"@id":"https:\/\/www.integrator.si\/en\/izdelek\/ipc3614le\/#primaryimage"},"thumbnailUrl":"https:\/\/www.integrator.si\/wp-content\/uploads\/2022\/12\/20191008_1735678_1_857119_140445_0.jpg","datePublished":"2022-12-28T11:43:06+00:00","dateModified":"2026-04-11T08:16:57+00:00","breadcrumb":{"@id":"https:\/\/www.integrator.si\/en\/izdelek\/ipc3614le\/#breadcrumb"},"inLanguage":"en-US","potentialAction":[{"@type":"ReadAction","target":["https:\/\/www.integrator.si\/en\/izdelek\/ipc3614le\/"]}]},{"@type":"ImageObject","inLanguage":"en-US","@id":"https:\/\/www.integrator.si\/en\/izdelek\/ipc3614le\/#primaryimage","url":"https:\/\/www.integrator.si\/wp-content\/uploads\/2022\/12\/20191008_1735678_1_857119_140445_0.jpg","contentUrl":"https:\/\/www.integrator.si\/wp-content\/uploads\/2022\/12\/20191008_1735678_1_857119_140445_0.jpg","width":510,"height":348,"caption":"IP kamere"},{"@type":"BreadcrumbList","@id":"https:\/\/www.integrator.si\/en\/izdelek\/ipc3614le\/#breadcrumb","itemListElement":[{"@type":"ListItem","position":1,"name":"Home","item":"https:\/\/www.integrator.si\/en\/"},{"@type":"ListItem","position":2,"name":"Shop","item":"https:\/\/www.integrator.si\/spletna-trgovina\/"},{"@type":"ListItem","position":3,"name":"4MP IP zunanja turret kamera, IPC3614LE"}]},{"@type":"WebSite","@id":"https:\/\/www.integrator.si\/en\/#website","url":"https:\/\/www.integrator.si\/en\/","name":"Integrator","description":"Distribucija tehni\u010dnega varovanja","publisher":{"@id":"https:\/\/www.integrator.si\/en\/#organization"},"potentialAction":[{"@type":"SearchAction","target":{"@type":"EntryPoint","urlTemplate":"https:\/\/www.integrator.si\/en\/?s={search_term_string}"},"query-input":{"@type":"PropertyValueSpecification","valueRequired":true,"valueName":"search_term_string"}}],"inLanguage":"en-US"},{"@type":"Organization","@id":"https:\/\/www.integrator.si\/en\/#organization","name":"Integrator","url":"https:\/\/www.integrator.si\/en\/","logo":{"@type":"ImageObject","inLanguage":"en-US","@id":"https:\/\/www.integrator.si\/en\/#\/schema\/logo\/image\/","url":"https:\/\/www.integrator.si\/wp-content\/uploads\/2022\/12\/integrator_logo.png","contentUrl":"https:\/\/www.integrator.si\/wp-content\/uploads\/2022\/12\/integrator_logo.png","width":1306,"height":222,"caption":"Integrator"},"image":{"@id":"https:\/\/www.integrator.si\/en\/#\/schema\/logo\/image\/"}}]}},"brands":[],"_links":{"self":[{"href":"https:\/\/www.integrator.si\/en\/wp-json\/wp\/v2\/product\/667","targetHints":{"allow":["GET"]}}],"collection":[{"href":"https:\/\/www.integrator.si\/en\/wp-json\/wp\/v2\/product"}],"about":[{"href":"https:\/\/www.integrator.si\/en\/wp-json\/wp\/v2\/types\/product"}],"wp:featuredmedia":[{"embeddable":true,"href":"https:\/\/www.integrator.si\/en\/wp-json\/wp\/v2\/media\/668"}],"wp:attachment":[{"href":"https:\/\/www.integrator.si\/en\/wp-json\/wp\/v2\/media?parent=667"}],"wp:term":[{"taxonomy":"pwb-brand","embeddable":true,"href":"https:\/\/www.integrator.si\/en\/wp-json\/wp\/v2\/pwb-brand?post=667"},{"taxonomy":"product_brand","embeddable":true,"href":"https:\/\/www.integrator.si\/en\/wp-json\/wp\/v2\/product_brand?post=667"},{"taxonomy":"product_cat","embeddable":true,"href":"https:\/\/www.integrator.si\/en\/wp-json\/wp\/v2\/product_cat?post=667"},{"taxonomy":"product_tag","embeddable":true,"href":"https:\/\/www.integrator.si\/en\/wp-json\/wp\/v2\/product_tag?post=667"}],"curies":[{"name":"wp","href":"https:\/\/api.w.org\/{rel}","templated":true}]}}